{"id":45713,"date":"2026-02-05T13:11:58","date_gmt":"2026-02-05T11:11:58","guid":{"rendered":"https:\/\/purama.lt\/produktas\/mimi-premium-peranzana-ypac-tyras-alyvuogiu-aliejus\/"},"modified":"2026-04-01T08:48:48","modified_gmt":"2026-04-01T06:48:48","slug":"mimi-premium-peranzana-ekstra-neitsytoliivioljy","status":"publish","type":"product","link":"https:\/\/purama.lt\/fi\/produktas\/mimi-premium-peranzana-ypac-tyras-alyvuogiu-aliejus\/","title":{"rendered":"Mimi Premium PERANZANA Ekstra-neitsytoliivi\u00f6ljy"},"content":{"rendered":"<p><strong>K\u00e4ytt\u00f6<\/strong><br>Tinka <strong>salaatteja varten<\/strong>, vihannesten alkupaloja (crudit\u00e8\/pinzimonio) ja muita kylmi\u00e4 ruokia varten.<br>Yhdistyy t\u00e4ydellisesti <strong>keitot<\/strong>, <strong>grillattua kalaa<\/strong> kautta <strong>valkoinen liha<\/strong><br>K\u00e4ytet\u00e4\u00e4n jo valmistetun ruoan viimeistelyyn.<\/p>\n\n\n\n<p><strong>Ainesosat<\/strong><br>ekstra-neitsytoliivi\u00f6ljy (peranzana-oliivit)<\/p>\n\n\n\n<p><\/p>","protected":false},"excerpt":{"rendered":"<p data-start=\"0\" data-end=\"593\"><strong data-start=\"16\" data-end=\"67\">Mimi \u2014 Premium Peranzana Extra Virgin Olive Oil<\/strong> tai vienos veisl\u0117s ypa\u010d tyras alyvuogi\u0173 aliejus, vertinamas d\u0117l <strong data-start=\"132\" data-end=\"167\">subalansuoto, harmoningo skonio<\/strong> ir \u0161varaus, augali\u0161ko aromato. Jis pasi\u017eymi <strong data-start=\"212\" data-end=\"236\">vidutiniu vaisi\u0161kumu<\/strong>, juntamomis <strong data-start=\"249\" data-end=\"291\">\u017ealio obuolio ir pomidor\u0173 lap\u0173 natomis<\/strong>, o kartumas ir pikanti\u0161kumas i\u0161lieka lengvi, tod\u0117l aliej\u0173 patogu naudoti tiek kasdien, tiek patiekal\u0173 u\u017ebaigimui. \u0160is aliejus gaminamas i\u0161 <strong data-start=\"431\" data-end=\"450\">100 % Peranzana<\/strong> alyvuogi\u0173, o nurodomas <strong data-start=\"474\" data-end=\"499\">r\u016bg\u0161tingumas \u2013 0,24 %<\/strong>, kas b\u016bdinga kokybi\u0161kam extra virgin alyvuogi\u0173 aliejui.<\/p>\n<p data-start=\"595\" data-end=\"898\"><strong data-start=\"595\" data-end=\"618\">Miksi valita<\/strong><br data-start=\"618\" data-end=\"621\" \/><strong data-start=\"621\" data-end=\"627\">\u2714\ufe0f<\/strong> 100 % Peranzana alyvuog\u0117s<br data-start=\"653\" data-end=\"656\" \/><strong data-start=\"656\" data-end=\"662\">\u2714\ufe0f<\/strong> Subalansuotas ir harmoningas skonis<br data-start=\"698\" data-end=\"701\" \/><strong data-start=\"701\" data-end=\"707\">\u2714\ufe0f<\/strong> Lengvas kartumas ir \u0161velnus pikanti\u0161kumas<br data-start=\"749\" data-end=\"752\" \/><strong data-start=\"752\" data-end=\"758\">\u2714\ufe0f<\/strong> Tinka salotoms, dar\u017eov\u0117ms, \u017euviai ir m\u0117sos patiekalams<br data-start=\"813\" data-end=\"816\" \/><strong data-start=\"816\" data-end=\"822\">\u2714\ufe0f<\/strong>\u00a0 \u017demas r\u016bg\u0161tingumas \u2013 0,24 %<\/p>","protected":false},"featured_media":45721,"comment_status":"open","ping_status":"closed","template":"","meta":{"_acf_changed":true},"product_brand":[],"product_cat":[60,298],"product_tag":[],"class_list":{"0":"post-45713","1":"product","2":"type-product","3":"status-publish","4":"has-post-thumbnail","6":"product_cat-mitybai","7":"product_cat-sveikas-maistas","9":"first","10":"instock","11":"shipping-taxable","12":"purchasable","13":"product-type-simple"},"acf":[],"tiered_pricing_type":"fixed","tiered_pricing_fixed_rules":[],"tiered_pricing_product_settings":{"layout":"default","base_unit_name":{"singular":null,"plural":null},"default_variation":null},"tiered_pricing_minimum_quantity":null,"tiered_pricing_roles_data":[],"tiered_pricing_percentage_rules":[],"_links":{"self":[{"href":"https:\/\/purama.lt\/fi\/wp-json\/wp\/v2\/product\/45713","targetHints":{"allow":["GET"]}}],"collection":[{"href":"https:\/\/purama.lt\/fi\/wp-json\/wp\/v2\/product"}],"about":[{"href":"https:\/\/purama.lt\/fi\/wp-json\/wp\/v2\/types\/product"}],"replies":[{"embeddable":true,"href":"https:\/\/purama.lt\/fi\/wp-json\/wp\/v2\/comments?post=45713"}],"wp:featuredmedia":[{"embeddable":true,"href":"https:\/\/purama.lt\/fi\/wp-json\/wp\/v2\/media\/45721"}],"wp:attachment":[{"href":"https:\/\/purama.lt\/fi\/wp-json\/wp\/v2\/media?parent=45713"}],"wp:term":[{"taxonomy":"product_brand","embeddable":true,"href":"https:\/\/purama.lt\/fi\/wp-json\/wp\/v2\/product_brand?post=45713"},{"taxonomy":"product_cat","embeddable":true,"href":"https:\/\/purama.lt\/fi\/wp-json\/wp\/v2\/product_cat?post=45713"},{"taxonomy":"product_tag","embeddable":true,"href":"https:\/\/purama.lt\/fi\/wp-json\/wp\/v2\/product_tag?post=45713"}],"curies":[{"name":"wp","href":"https:\/\/api.w.org\/{rel}","templated":true}]}}