{"id":45712,"date":"2026-02-05T13:11:57","date_gmt":"2026-02-05T11:11:57","guid":{"rendered":"https:\/\/purama.lt\/produktas\/mimi-premium-coratina-ypac-tyras-alyvuogiu-aliejus\/"},"modified":"2026-04-01T08:50:20","modified_gmt":"2026-04-01T06:50:20","slug":"mimi-premium-coratina-ekstra-neitsytoliivioljy","status":"publish","type":"product","link":"https:\/\/purama.lt\/fi\/produktas\/mimi-premium-coratina-ypac-tyras-alyvuogiu-aliejus\/","title":{"rendered":"Mimi Premium CORATINA Ekstra-neitsytoliivi\u00f6ljy"},"content":{"rendered":"<p><strong>K\u00e4ytt\u00f6<\/strong><br>Koristele salaatteja, vihanneksia, keittoja, palkokasveja, kalaa tai lihaa - se tulee parhaiten esille, kun sit\u00e4 k\u00e4ytet\u00e4\u00e4n valmiissa ruokalajeissa.<br>Kokeile leiv\u00e4n, bruschettan tai kypsytettyjen juustojen kanssa saadaksesi t\u00e4ytel\u00e4isen pippurisen maun.<br>S\u00e4ilytet\u00e4\u00e4n tiiviisti suljettuna, pime\u00e4ss\u00e4 ja viile\u00e4ss\u00e4 paikassa, suojattuna valolta ja kuumuudelta.<\/p>\n\n\n\n<p><strong>Ainesosat<\/strong><br>ekstra-neitsytoliivi\u00f6ljy (100 % coratina-oliivia).<\/p>","protected":false},"excerpt":{"rendered":"<p data-start=\"0\" data-end=\"656\"><strong data-start=\"16\" data-end=\"66\">Mimi \u2014 Premium Coratina Extra Virgin Olive Oil<\/strong> tai i\u0161 <strong data-start=\"74\" data-end=\"92\">100 % Coratina<\/strong> alyvuogi\u0173 pagamintas ypa\u010d tyras alyvuogi\u0173 aliejus, i\u0161siskiriantis <strong data-start=\"159\" data-end=\"188\">intensyviu, ry\u0161kiu skoniu<\/strong> ir sodriu charakteriu. Jame jau\u010diamos <strong data-start=\"227\" data-end=\"290\">lap\u0173, arti\u0161ok\u0173, \u0161vie\u017ei\u0173 migdol\u0173 ir laukin\u0117s cikorijos natos<\/strong>, o tvirtas kartumas bei pipiri\u0161ka a\u0161truma suteikia patiekalams daugiau i\u0161rai\u0161kos. \u0160is aliejus ypa\u010d tinka tiems, kurie m\u0117gsta ry\u0161kesn\u012f alyvuogi\u0173 aliejaus profil\u012f ir vertina nat\u016braliai didesn\u012f polifenoli\u0173 kiek\u012f. Nurodomas <strong data-start=\"511\" data-end=\"536\">r\u016bg\u0161tingumas \u2013 0,22 %<\/strong>, tod\u0117l tai kokybi\u0161kas pasirinkimas kasdieniam naudojimui ir patiekal\u0173 u\u017ebaigimui.<\/p>\n<p data-start=\"658\" data-end=\"1026\"><strong data-start=\"658\" data-end=\"681\">Miksi valita<\/strong><br data-start=\"681\" data-end=\"684\" \/><strong data-start=\"684\" data-end=\"690\">\u2714\ufe0f<\/strong> Monoveislis aliejus i\u0161 100 % coratina alyvuogi\u0173<br data-start=\"738\" data-end=\"741\" \/><strong data-start=\"741\" data-end=\"747\">\u2714\ufe0f<\/strong> Intensyvus \u017ealiai vaisi\u0161kas aromatas su lap\u0173 ir arti\u0161ok\u0173 natomis<br data-start=\"812\" data-end=\"815\" \/><strong data-start=\"815\" data-end=\"821\">\u2714\ufe0f<\/strong> Tvirtas kartumas ir pipiri\u0161ka a\u0161truma ry\u0161kesniam skoniui<br data-start=\"878\" data-end=\"881\" \/><strong data-start=\"881\" data-end=\"887\">\u2714\ufe0f<\/strong> Nat\u016braliai gausus polifenoli\u0173<br data-start=\"917\" data-end=\"920\" \/><strong data-start=\"920\" data-end=\"926\">\u2714\ufe0f<\/strong> Tinka salotoms, dar\u017eov\u0117ms, sriuboms, \u017euviai ir m\u0117sai gardinti<\/p>","protected":false},"featured_media":45722,"comment_status":"open","ping_status":"closed","template":"","meta":{"_acf_changed":true},"product_brand":[],"product_cat":[60,298],"product_tag":[],"class_list":{"0":"post-45712","1":"product","2":"type-product","3":"status-publish","4":"has-post-thumbnail","6":"product_cat-mitybai","7":"product_cat-sveikas-maistas","9":"first","10":"instock","11":"shipping-taxable","12":"purchasable","13":"product-type-simple"},"acf":[],"tiered_pricing_type":"fixed","tiered_pricing_fixed_rules":[],"tiered_pricing_product_settings":{"layout":"default","base_unit_name":{"singular":null,"plural":null},"default_variation":null},"tiered_pricing_minimum_quantity":null,"tiered_pricing_roles_data":[],"tiered_pricing_percentage_rules":[],"_links":{"self":[{"href":"https:\/\/purama.lt\/fi\/wp-json\/wp\/v2\/product\/45712","targetHints":{"allow":["GET"]}}],"collection":[{"href":"https:\/\/purama.lt\/fi\/wp-json\/wp\/v2\/product"}],"about":[{"href":"https:\/\/purama.lt\/fi\/wp-json\/wp\/v2\/types\/product"}],"replies":[{"embeddable":true,"href":"https:\/\/purama.lt\/fi\/wp-json\/wp\/v2\/comments?post=45712"}],"wp:featuredmedia":[{"embeddable":true,"href":"https:\/\/purama.lt\/fi\/wp-json\/wp\/v2\/media\/45722"}],"wp:attachment":[{"href":"https:\/\/purama.lt\/fi\/wp-json\/wp\/v2\/media?parent=45712"}],"wp:term":[{"taxonomy":"product_brand","embeddable":true,"href":"https:\/\/purama.lt\/fi\/wp-json\/wp\/v2\/product_brand?post=45712"},{"taxonomy":"product_cat","embeddable":true,"href":"https:\/\/purama.lt\/fi\/wp-json\/wp\/v2\/product_cat?post=45712"},{"taxonomy":"product_tag","embeddable":true,"href":"https:\/\/purama.lt\/fi\/wp-json\/wp\/v2\/product_tag?post=45712"}],"curies":[{"name":"wp","href":"https:\/\/api.w.org\/{rel}","templated":true}]}}