{"id":45631,"date":"2026-02-03T15:21:25","date_gmt":"2026-02-03T13:21:25","guid":{"rendered":"https:\/\/purama.lt\/produktas\/sapiens-3-menesiu-barzdos-augimo-kursas\/"},"modified":"2026-04-14T09:42:01","modified_gmt":"2026-04-14T07:42:01","slug":"sapiens-3-kuukauden-parran-kasvukurssi","status":"publish","type":"product","link":"https:\/\/purama.lt\/fi\/produktas\/sapiens-3-menesiu-barzdos-augimo-kursas\/","title":{"rendered":"SAPIENS 3 kuukauden parran kasvukurssi"},"content":{"rendered":"<p><strong>K\u00e4ytt\u00f6<\/strong><br>desinfioi dermarolleri ennen jokaista k\u00e4ytt\u00f6\u00e4 ja jokaisen k\u00e4yt\u00f6n j\u00e4lkeen.<br>levitet\u00e4\u00e4n puhtaalle iholle, pyyhk\u00e4ist\u00e4\u00e4n varovasti kohdealueille, levitet\u00e4\u00e4n muutama tippa seerumia ja hierotaan kunnes se imeytyy.<br>K\u00e4yt\u00e4 dermarolleria ~5 p\u00e4iv\u00e4n v\u00e4lein (1-2 kertaa p\u00e4iv\u00e4ss\u00e4), seerumia p\u00e4ivitt\u00e4in; henkil\u00f6kohtainen ty\u00f6kalu, \u00e4l\u00e4 k\u00e4yt\u00e4 \u00e4rtyneelle, vaurioituneelle tai tulehtuneelle iholle.<\/p>\n\n\n\n<p><strong>Ainesosat<\/strong><br>aqua (vesi), glyseriini, isomaltti, curcuma longa (kurkuma) -juuriuute, biotiini, aloe barbadensis -lehtimehujauhe, bioflavonoidit, natriumbentsoaatti, levuliinihappo, ksantaanikumi, alkoholi, pentyleeniglykoli, natriumhyaluronaatti, natriumlevuliinaatti, sitruunahappo, pisum sativum (herne) -uute, fytiinihappo.<\/p>","protected":false},"excerpt":{"rendered":"<p data-start=\"0\" data-end=\"854\"><strong data-start=\"16\" data-end=\"57\">Sapiens - Parran kasvupakkaus - 3 kuukautta<\/strong> on parran paksuuntumispakkaus, jossa on dermarolleri ja kohdennettu seerumi harvennettujen alueiden hoitoon ja parran linjan visuaaliseen tasoittamiseen. Dermaroller, jossa on <strong data-start=\"222\" data-end=\"252\">0,5 mm titaaniset mikroneulat<\/strong> stimuloi ihoa hell\u00e4varaisesti ja voi <strong data-start=\"286\" data-end=\"330\">parantaa seerumin jakautumista\/imeytymist\u00e4<\/strong>, ja seerumi, jossa on valittuja aktiivisia komponentteja (esim, <strong data-start=\"390\" data-end=\"475\">Biotiini, kurkuma-juuri-uute, herneen siemenuute, hyaluronihappo.<\/strong>) auttaa hoitamaan hiuksia juuresta k\u00e4rkeen. Pakkaus on k\u00e4tev\u00e4 selke\u00e4\u00e4 rutiinia varten: <strong data-start=\"561\" data-end=\"598\">desinfiointisuihke hygieniaa varten<\/strong>, dermaroller kohdennetuille alueille, seerumi p\u00e4ivitt\u00e4iseen k\u00e4ytt\u00f6\u00f6n. Mikroneulaus on laajalti k\u00e4yt\u00f6ss\u00e4 ihonhoidossa - mikrokanavat voivat auttaa paikallisia tuotteita toimimaan tehokkaammin, jos niit\u00e4 k\u00e4ytet\u00e4\u00e4n hell\u00e4varaisesti ja hygieenisesti.<\/p>\n<p data-start=\"856\" data-end=\"1161\"><strong data-start=\"856\" data-end=\"879\">Miksi valita<\/strong><br data-start=\"879\" data-end=\"882\" \/><strong data-start=\"882\" data-end=\"888\">\u2714\ufe0f<\/strong> dermaroller 0,5 mm:n titaanimikroneuloilla kohdennettuun stimulaatioon.<br data-start=\"955\" data-end=\"958\" \/><strong data-start=\"958\" data-end=\"964\">\u2714\ufe0f<\/strong> seerumi, jossa on valikoituja aktiivisia ainesosia parran p\u00e4ivitt\u00e4iseen hoitoon<br data-start=\"1038\" data-end=\"1041\" \/><strong data-start=\"1041\" data-end=\"1047\">\u2714\ufe0f<\/strong> desinfiointisuihke hygieniak\u00e4ytt\u00f6\u00f6n<br data-start=\"1095\" data-end=\"1098\" \/><strong data-start=\"1098\" data-end=\"1104\">\u2714\ufe0f<\/strong> K\u00e4tev\u00e4 rutiini: dermaroller 1-2 q.\/s.\/s.\/s.\/s.\/s.\/s.\/s.\/s.\/s.\/s.\/seerum p\u00e4ivitt\u00e4in.<\/p>","protected":false},"featured_media":45636,"comment_status":"open","ping_status":"closed","template":"","meta":{"_acf_changed":false},"product_brand":[],"product_cat":[92,304],"product_tag":[],"class_list":{"0":"post-45631","1":"product","2":"type-product","3":"status-publish","4":"has-post-thumbnail","6":"product_cat-groziui","7":"product_cat-plaukams","9":"first","10":"instock","11":"shipping-taxable","12":"purchasable","13":"product-type-simple"},"acf":[],"tiered_pricing_type":"fixed","tiered_pricing_fixed_rules":[],"tiered_pricing_product_settings":{"layout":"default","base_unit_name":{"singular":null,"plural":null},"default_variation":null},"tiered_pricing_minimum_quantity":null,"tiered_pricing_roles_data":[],"tiered_pricing_percentage_rules":[],"_links":{"self":[{"href":"https:\/\/purama.lt\/fi\/wp-json\/wp\/v2\/product\/45631","targetHints":{"allow":["GET"]}}],"collection":[{"href":"https:\/\/purama.lt\/fi\/wp-json\/wp\/v2\/product"}],"about":[{"href":"https:\/\/purama.lt\/fi\/wp-json\/wp\/v2\/types\/product"}],"replies":[{"embeddable":true,"href":"https:\/\/purama.lt\/fi\/wp-json\/wp\/v2\/comments?post=45631"}],"wp:featuredmedia":[{"embeddable":true,"href":"https:\/\/purama.lt\/fi\/wp-json\/wp\/v2\/media\/45636"}],"wp:attachment":[{"href":"https:\/\/purama.lt\/fi\/wp-json\/wp\/v2\/media?parent=45631"}],"wp:term":[{"taxonomy":"product_brand","embeddable":true,"href":"https:\/\/purama.lt\/fi\/wp-json\/wp\/v2\/product_brand?post=45631"},{"taxonomy":"product_cat","embeddable":true,"href":"https:\/\/purama.lt\/fi\/wp-json\/wp\/v2\/product_cat?post=45631"},{"taxonomy":"product_tag","embeddable":true,"href":"https:\/\/purama.lt\/fi\/wp-json\/wp\/v2\/product_tag?post=45631"}],"curies":[{"name":"wp","href":"https:\/\/api.w.org\/{rel}","templated":true}]}}