{"id":45630,"date":"2026-02-03T15:21:24","date_gmt":"2026-02-03T13:21:24","guid":{"rendered":"https:\/\/purama.lt\/produktas\/sapiens-3-menesiu-kursas-nuo-plauku-slinkimo\/"},"modified":"2026-04-14T18:42:49","modified_gmt":"2026-04-14T16:42:49","slug":"sapiens-3-kuukauden-anti-hiustenlahto-kurssi","status":"publish","type":"product","link":"https:\/\/purama.lt\/fi\/produktas\/sapiens-3-menesiu-kursas-nuo-plauku-slinkimo\/","title":{"rendered":"SAPIENS 3 kuukauden kurssi hiustenl\u00e4ht\u00f6\u00e4 vastaan"},"content":{"rendered":"<p><strong>K\u00e4ytt\u00f6<\/strong><br>skannaa pakkauksessa oleva QR-koodi video-ohjeita varten.<br>Levit\u00e4 seerumia puhtaalle p\u00e4\u00e4nahalle ja hiero kevyesti; k\u00e4yt\u00e4 dermarolleria suositellun rutiinin mukaisesti (yleens\u00e4 1-2 kertaa p\u00e4iv\u00e4ss\u00e4).<br>V\u00e4lt\u00e4 kosketusta silmiin<\/p>\n\n\n\n<p><strong>Ainesosat<\/strong><br>aqua (vesi), glyseriini, isomaltti, curcuma longa (kurkuma) -juuriuute, bioflavonoidit, pisum sativum (herne) -uute, pentylenglykoli, biotiini, aloe barbadensis -lehtimehujauhe, ksantaanikumi, natriumbentsoaatti, levuliinihappo, fytiinihappo, alkoholi, natriumhyaluronaatti, natriumlevuliinaatti, sitruunahappo.<\/p>\n\n\n\n<p><\/p>\n\n\n\n<p><\/p>\n\n\n\n<p><\/p>","protected":false},"excerpt":{"rendered":"<p data-start=\"0\" data-end=\"588\"><strong data-start=\"16\" data-end=\"65\">Sapiens - Hiustenl\u00e4ht\u00f6 ehk\u00e4isy paketti - 3 kuukautta<\/strong> on hiuspohjan ja hiusten hoitosarja, jossa yhdistyv\u00e4t dermarolleri ja kohdennettu seerumi p\u00e4ivitt\u00e4iseen rutiiniin. Seerumi perustuu kosteuttaviin ja ihoa ravitseviin ainesosiin, joita ovat mm. <strong data-start=\"259\" data-end=\"280\">hyaluronihappo<\/strong>, <strong data-start=\"282\" data-end=\"303\">aloe vera jauhe<\/strong>, <strong data-start=\"305\" data-end=\"317\">biotiini<\/strong>, <strong data-start=\"319\" data-end=\"352\">Kurkuman juuriuute<\/strong> ja <strong data-start=\"356\" data-end=\"383\">Herneen ituuute<\/strong>, Dermaroller auttaa stimuloimaan p\u00e4\u00e4nahkaa hell\u00e4varaisesti ja voi parantaa tuotteiden jakautumista. Kaava on ilmoitettu seuraavasti <strong data-start=\"508\" data-end=\"536\">99,4 % luonnollista alkuper\u00e4\u00e4 oleva %<\/strong>, ja sarja tarjoaa selke\u00e4n, mukavan rutiinin kotona.<\/p>\n<p data-start=\"590\" data-end=\"888\"><strong data-start=\"590\" data-end=\"613\">Miksi valita<\/strong><br data-start=\"613\" data-end=\"616\" \/><strong data-start=\"616\" data-end=\"622\">\u2714\ufe0f<\/strong> dermaroller + seerumi yhdess\u00e4 yksinkertaisessa rutiinissa<br data-start=\"673\" data-end=\"676\" \/><strong data-start=\"676\" data-end=\"682\">\u2714\ufe0f<\/strong> 99,4 % luonnollista alkuper\u00e4\u00e4 oleva seerumin kaava<br data-start=\"722\" data-end=\"725\" \/><strong data-start=\"725\" data-end=\"731\">\u2714\ufe0f<\/strong> biotiinia, aloe veraa ja hyaluronihappoa sis\u00e4lt\u00e4v\u00e4 p\u00e4ivitt\u00e4inen hiuspohjanhoito.<br data-start=\"806\" data-end=\"809\" \/><strong data-start=\"809\" data-end=\"815\">\u2714\ufe0f<\/strong> kurkuma-juuren ja herneen itujen uutteilla kohdennettua hoitoa varten.<\/p>","protected":false},"featured_media":45639,"comment_status":"open","ping_status":"closed","template":"","meta":{"_acf_changed":false},"product_brand":[],"product_cat":[92,304],"product_tag":[],"class_list":{"0":"post-45630","1":"product","2":"type-product","3":"status-publish","4":"has-post-thumbnail","6":"product_cat-groziui","7":"product_cat-plaukams","9":"first","10":"instock","11":"shipping-taxable","12":"purchasable","13":"product-type-simple"},"acf":[],"tiered_pricing_type":"fixed","tiered_pricing_fixed_rules":[],"tiered_pricing_product_settings":{"layout":"default","base_unit_name":{"singular":null,"plural":null},"default_variation":null},"tiered_pricing_minimum_quantity":null,"tiered_pricing_roles_data":[],"tiered_pricing_percentage_rules":[],"_links":{"self":[{"href":"https:\/\/purama.lt\/fi\/wp-json\/wp\/v2\/product\/45630","targetHints":{"allow":["GET"]}}],"collection":[{"href":"https:\/\/purama.lt\/fi\/wp-json\/wp\/v2\/product"}],"about":[{"href":"https:\/\/purama.lt\/fi\/wp-json\/wp\/v2\/types\/product"}],"replies":[{"embeddable":true,"href":"https:\/\/purama.lt\/fi\/wp-json\/wp\/v2\/comments?post=45630"}],"wp:featuredmedia":[{"embeddable":true,"href":"https:\/\/purama.lt\/fi\/wp-json\/wp\/v2\/media\/45639"}],"wp:attachment":[{"href":"https:\/\/purama.lt\/fi\/wp-json\/wp\/v2\/media?parent=45630"}],"wp:term":[{"taxonomy":"product_brand","embeddable":true,"href":"https:\/\/purama.lt\/fi\/wp-json\/wp\/v2\/product_brand?post=45630"},{"taxonomy":"product_cat","embeddable":true,"href":"https:\/\/purama.lt\/fi\/wp-json\/wp\/v2\/product_cat?post=45630"},{"taxonomy":"product_tag","embeddable":true,"href":"https:\/\/purama.lt\/fi\/wp-json\/wp\/v2\/product_tag?post=45630"}],"curies":[{"name":"wp","href":"https:\/\/api.w.org\/{rel}","templated":true}]}}