{"id":45600,"date":"2026-02-03T14:20:33","date_gmt":"2026-02-03T12:20:33","guid":{"rendered":"https:\/\/purama.lt\/produktas\/frank-fruities-multi-guminukai-vyrams\/"},"modified":"2026-02-24T15:03:16","modified_gmt":"2026-02-24T13:03:16","slug":"frank-fruities-multi-purukumi-miehille","status":"publish","type":"product","link":"https:\/\/purama.lt\/fi\/produktas\/frank-fruities-multi-guminukai-vyrams\/","title":{"rendered":"Frank Fruities Multi purukumi miehille"},"content":{"rendered":"<p><strong>Kulutus<\/strong><br>4 purukumia p\u00e4iv\u00e4ss\u00e4<br>\u00e4l\u00e4 ylit\u00e4 suositeltua vuorokausiannosta, pid\u00e4 poissa lasten ulottuvilta.<br>ravintolis\u00e4\u00e4 ei saa k\u00e4ytt\u00e4\u00e4 monipuolisen ja tasapainoisen ruokavalion korvikkeena.<\/p>\n\n\n\n<p><strong>Ainesosat<\/strong><br>omenamehutiiviste (54 %), omenasosetiiviste (23 %), karhunvatukkasose (4 %), vadelmasose (4 %), mansikkasose (4 %), kirsikkasose (4 %), vitamiini-mineraaliseos (beetakaroteeni, riboflaviini, rauta(ii)sitraatti, pyridoksiinihydrokloridi, tiamiinimononitraatti, syanokobalamiini, nikotiiniamidi, kaliumjodidi, kolekalsiferoli, d-biotiini, kalsium-d-pantotenaatti, sinkkisulfaatti, kupariglukonaatti, mangaani(ii)sulfaatti, kromi(iii)kloridi, natriumselenaatti, dl-alfa-tokoferyyliasetaatti), hyytel\u00f6imisaine (pektiini), sitruskuitu, luontainen aromi, sitruunamehutiiviste, purppuraporkkanamehutiiviste, valmistuksen apuaine (kasvirasva (kookosp\u00e4hkin\u00e4, rapsi), karnaubavaha).<\/p>","protected":false},"excerpt":{"rendered":"<p data-start=\"65\" data-end=\"707\"><strong data-start=\"81\" data-end=\"113\">Frank Fruities - Miesten Multi<\/strong> Hedelm\u00e4iset monivitamiinipurukumit miehille p\u00e4ivitt\u00e4iseen yll\u00e4pitoon ilman tabletteja. Kaavassa - <strong data-start=\"220\" data-end=\"247\">17 vitamiinia ja kivenn\u00e4isaineita<\/strong>: B-vitamiinit ja niasiini edist\u00e4v\u00e4t osaltaan <strong data-start=\"295\" data-end=\"328\">normaali energia-aineenvaihdunta<\/strong> ja auttaa <strong data-start=\"339\" data-end=\"367\">v\u00e4hent\u00e4\u00e4 v\u00e4symyksen tunnetta<\/strong>, raudan ja jodin tuki <strong data-start=\"394\" data-end=\"418\">kognitiivinen toiminta<\/strong>, kun taas sinkki ja seleeni edist\u00e4v\u00e4t osaltaan <strong data-start=\"455\" data-end=\"506\">normaali hedelm\u00e4llisyys ja lis\u00e4\u00e4ntymistoiminnot<\/strong> (seleeni - ja <strong data-start=\"526\" data-end=\"555\">normaali spermatogeneesi<\/strong>). Hedelm\u00e4pohjaiset purukumit ovat <strong data-start=\"599\" data-end=\"612\">Vegaani<\/strong> (ilman liivatetta), <strong data-start=\"629\" data-end=\"651\">ilman lis\u00e4tty\u00e4 sokeria<\/strong> ja <strong data-start=\"655\" data-end=\"673\">s\u00e4il\u00f6nt\u00e4aineeton<\/strong>, miellytt\u00e4v\u00e4n marjainen ja omenainen maku.<\/p>\n<p data-start=\"709\" data-end=\"1024\"><strong data-start=\"709\" data-end=\"732\">Miksi valita<\/strong><br data-start=\"732\" data-end=\"735\" \/><strong data-start=\"735\" data-end=\"741\">\u2714\ufe0f<\/strong> 17 vitamiinien ja kivenn\u00e4isaineiden kompleksi miesten p\u00e4ivitt\u00e4iseen rutiiniin<br data-start=\"791\" data-end=\"794\" \/><strong data-start=\"794\" data-end=\"800\">\u2714\ufe0f<\/strong> energia-aineenvaihduntaan ja v\u00e4symyksen v\u00e4hent\u00e4miseen<br data-start=\"849\" data-end=\"852\" \/><strong data-start=\"852\" data-end=\"858\">\u2714\ufe0f<\/strong> kognitiivisten toimintojen tukemiseen<br data-start=\"891\" data-end=\"894\" \/><strong data-start=\"894\" data-end=\"900\">\u2714\ufe0f<\/strong> sinkki\u00e4 ja seleeni\u00e4 - lis\u00e4\u00e4ntymistoiminnoille ja spermatogeneesille.<br data-start=\"964\" data-end=\"967\" \/><strong data-start=\"967\" data-end=\"973\">\u2714\ufe0f<\/strong> Vegaaninen, ei liivatetta, ei lis\u00e4tty\u00e4 sokeria.<\/p>","protected":false},"featured_media":45618,"comment_status":"open","ping_status":"closed","template":"","meta":{"_acf_changed":false},"product_brand":[],"product_cat":[276,277],"product_tag":[],"class_list":{"0":"post-45600","1":"product","2":"type-product","3":"status-publish","4":"has-post-thumbnail","6":"product_cat-seksualinei-sveikatai","7":"product_cat-vyrams","9":"first","10":"instock","11":"shipping-taxable","12":"purchasable","13":"product-type-simple"},"acf":[],"tiered_pricing_type":"fixed","tiered_pricing_fixed_rules":[],"tiered_pricing_product_settings":{"layout":"default","base_unit_name":{"singular":null,"plural":null},"default_variation":null},"tiered_pricing_minimum_quantity":null,"tiered_pricing_roles_data":[],"tiered_pricing_percentage_rules":[],"_links":{"self":[{"href":"https:\/\/purama.lt\/fi\/wp-json\/wp\/v2\/product\/45600","targetHints":{"allow":["GET"]}}],"collection":[{"href":"https:\/\/purama.lt\/fi\/wp-json\/wp\/v2\/product"}],"about":[{"href":"https:\/\/purama.lt\/fi\/wp-json\/wp\/v2\/types\/product"}],"replies":[{"embeddable":true,"href":"https:\/\/purama.lt\/fi\/wp-json\/wp\/v2\/comments?post=45600"}],"wp:featuredmedia":[{"embeddable":true,"href":"https:\/\/purama.lt\/fi\/wp-json\/wp\/v2\/media\/45618"}],"wp:attachment":[{"href":"https:\/\/purama.lt\/fi\/wp-json\/wp\/v2\/media?parent=45600"}],"wp:term":[{"taxonomy":"product_brand","embeddable":true,"href":"https:\/\/purama.lt\/fi\/wp-json\/wp\/v2\/product_brand?post=45600"},{"taxonomy":"product_cat","embeddable":true,"href":"https:\/\/purama.lt\/fi\/wp-json\/wp\/v2\/product_cat?post=45600"},{"taxonomy":"product_tag","embeddable":true,"href":"https:\/\/purama.lt\/fi\/wp-json\/wp\/v2\/product_tag?post=45600"}],"curies":[{"name":"wp","href":"https:\/\/api.w.org\/{rel}","templated":true}]}}