{"id":45596,"date":"2026-02-03T14:20:29","date_gmt":"2026-02-03T12:20:29","guid":{"rendered":"https:\/\/purama.lt\/produktas\/frank-fruities-maisto-papildas-odai-plaukams-nagams\/"},"modified":"2026-02-24T14:19:24","modified_gmt":"2026-02-24T12:19:24","slug":"frank-fruities-ravintolisa-iholle-hiuksille-kynsille","status":"publish","type":"product","link":"https:\/\/purama.lt\/fi\/produktas\/frank-fruities-maisto-papildas-odai-plaukams-nagams\/","title":{"rendered":"Frank Fruities Ravintolis\u00e4 iholle, hiuksille ja kynsille"},"content":{"rendered":"<p><strong>Kulutus<\/strong><br>3 purukumia p\u00e4iv\u00e4ss\u00e4<br>\u00e4l\u00e4 ylit\u00e4 suositeltua vuorokausiannosta, pid\u00e4 poissa lasten ulottuvilta.<br>raskauden tai imetyksen aikana - kysy neuvoa terveydenhuollon ammattilaiselta ennen k\u00e4ytt\u00f6\u00e4.<\/p>\n\n\n\n<p><strong>Ainesosat<\/strong><br>omenamehutiiviste (64,5 %), persikkasosetiiviste (25 %), mangososetiiviste (3.5 %), sitruskuitu, hyytel\u00f6imisaine (pektiini), sitruunamehutiiviste, passionhedelm\u00e4mehutiiviste, vitamiini-mineraaliseos (beetakaroteeni, pyridoksiinihydrokloridi, rauta(ii)sitraatti, dl-alfa-tokoferyyliasetaatti, tiamiinihydrokloridi, syanokobalamiini, nikotiiniamidi, kaliumjodidi, kolekalsiferoli, d-biotiini, kalsium-d-pantotenaatti, sinkkisulfaatti, kupari(ii)sulfaatti).<\/p>","protected":false},"excerpt":{"rendered":"<p data-start=\"0\" data-end=\"486\"><strong data-start=\"16\" data-end=\"55\">Frank Fruities - Iho, hiukset ja kynnet<\/strong> Hedelm\u00e4purukumit p\u00e4ivitt\u00e4iseen ihon, hiusten ja kynsien hoitoon. Sis\u00e4lt\u00e4\u00e4 <strong data-start=\"139\" data-end=\"174\">Biotiini, sinkki ja A-vitamiini<\/strong> auttaa yll\u00e4pit\u00e4m\u00e4\u00e4n normaaleja hiuksia, ihoa ja kynsi\u00e4 ja <strong data-start=\"231\" data-end=\"246\">E-vitamiini<\/strong> edist\u00e4\u00e4 solujen suojaamista hapetusstressilt\u00e4. Kaava <strong data-start=\"312\" data-end=\"325\">vegaani<\/strong>, <strong data-start=\"327\" data-end=\"343\">ilman liivatetta<\/strong>, <strong data-start=\"345\" data-end=\"363\">s\u00e4il\u00f6nt\u00e4aineeton<\/strong> ja <strong data-start=\"367\" data-end=\"389\">ilman lis\u00e4tty\u00e4 sokeria<\/strong>, Hedelm\u00e4iset maut (omena, persikka, mango, passionhedelm\u00e4) tekev\u00e4t rutiinista helpompaa ja miellytt\u00e4v\u00e4mp\u00e4\u00e4.<\/p>\n<p data-start=\"488\" data-end=\"787\"><strong data-start=\"488\" data-end=\"511\">Miksi valita<\/strong><br data-start=\"511\" data-end=\"514\" \/><strong data-start=\"514\" data-end=\"520\">\u2714\ufe0f<\/strong> Biotiinia, sinkki\u00e4 ja A-vitamiinia p\u00e4ivitt\u00e4iseen hiusten, ihon ja kynsien hoitoon.<br data-start=\"596\" data-end=\"599\" \/><strong data-start=\"599\" data-end=\"605\">\u2714\ufe0f<\/strong> E-vitamiini - suojaa soluja hapettumisstressilt\u00e4.<br data-start=\"660\" data-end=\"663\" \/><strong data-start=\"663\" data-end=\"669\">\u2714\ufe0f<\/strong> Vegaaninen koostumus ilman gelatiinia<br data-start=\"700\" data-end=\"703\" \/><strong data-start=\"703\" data-end=\"709\">\u2714\ufe0f<\/strong> ei lis\u00e4tty\u00e4 sokeria eik\u00e4 s\u00e4il\u00f6nt\u00e4aineita<br data-start=\"746\" data-end=\"749\" \/><strong data-start=\"749\" data-end=\"755\">\u2714\ufe0f<\/strong> K\u00e4tev\u00e4 k\u00e4ytt\u00e4\u00e4 - kumimaisessa muodossa<\/p>","protected":false},"featured_media":45606,"comment_status":"open","ping_status":"closed","template":"","meta":{"_acf_changed":true},"product_brand":[486],"product_cat":[123,273],"product_tag":[],"class_list":{"0":"post-45596","1":"product","2":"type-product","3":"status-publish","4":"has-post-thumbnail","6":"product_brand-frank-fruities","7":"product_cat-papildai-ilgaamziskumui","8":"product_cat-odai-plaukams-nagams","10":"first","11":"outofstock","12":"shipping-taxable","13":"purchasable","14":"product-type-simple"},"acf":[],"tiered_pricing_type":"fixed","tiered_pricing_fixed_rules":[],"tiered_pricing_product_settings":{"layout":"default","base_unit_name":{"singular":null,"plural":null},"default_variation":null},"tiered_pricing_minimum_quantity":null,"tiered_pricing_roles_data":[],"tiered_pricing_percentage_rules":[],"_links":{"self":[{"href":"https:\/\/purama.lt\/fi\/wp-json\/wp\/v2\/product\/45596","targetHints":{"allow":["GET"]}}],"collection":[{"href":"https:\/\/purama.lt\/fi\/wp-json\/wp\/v2\/product"}],"about":[{"href":"https:\/\/purama.lt\/fi\/wp-json\/wp\/v2\/types\/product"}],"replies":[{"embeddable":true,"href":"https:\/\/purama.lt\/fi\/wp-json\/wp\/v2\/comments?post=45596"}],"wp:featuredmedia":[{"embeddable":true,"href":"https:\/\/purama.lt\/fi\/wp-json\/wp\/v2\/media\/45606"}],"wp:attachment":[{"href":"https:\/\/purama.lt\/fi\/wp-json\/wp\/v2\/media?parent=45596"}],"wp:term":[{"taxonomy":"product_brand","embeddable":true,"href":"https:\/\/purama.lt\/fi\/wp-json\/wp\/v2\/product_brand?post=45596"},{"taxonomy":"product_cat","embeddable":true,"href":"https:\/\/purama.lt\/fi\/wp-json\/wp\/v2\/product_cat?post=45596"},{"taxonomy":"product_tag","embeddable":true,"href":"https:\/\/purama.lt\/fi\/wp-json\/wp\/v2\/product_tag?post=45596"}],"curies":[{"name":"wp","href":"https:\/\/api.w.org\/{rel}","templated":true}]}}