{"id":45404,"date":"2026-01-28T10:05:47","date_gmt":"2026-01-28T08:05:47","guid":{"rendered":"https:\/\/purama.lt\/?post_type=product&#038;p=45404"},"modified":"2026-03-31T10:46:58","modified_gmt":"2026-03-31T08:46:58","slug":"d-lab-hiusten-kasvua-ja-paksuuntumista-koskeva-ohjelma","status":"publish","type":"product","link":"https:\/\/purama.lt\/fi\/produktas\/d-lab-plauku-augimo-ir-tankinimo-programa\/","title":{"rendered":"D-LAB hiusten kasvu- ja paksuuntumisohjelma"},"content":{"rendered":"<p><strong>Kulutus<\/strong><br>Joka p\u00e4iv\u00e4: <strong>2 kapselia kutakin kaavaa<\/strong>, paitsi <strong>Keratin Absolute - 1 tabletti p\u00e4iv\u00e4ss\u00e4<\/strong>; mieluiten aamulla veden kanssa (Balance Activator voidaan ottaa my\u00f6s illalla).<br>Ohjelman jatkamista suositellaan <strong>v\u00e4hint\u00e4\u00e4n 3 per\u00e4kk\u00e4ist\u00e4 kuukautta<\/strong><br>Vain aikuisille; ei saa k\u00e4ytt\u00e4\u00e4 raskauden ja imetyksen aikana eik\u00e4 alle 18-vuotiaille potilaille; ei saa k\u00e4ytt\u00e4\u00e4 masennusl\u00e4\u00e4kkeiden tai veren hyytymist\u00e4 est\u00e4vien l\u00e4\u00e4kkeiden yhteydess\u00e4, sulfiittiallergian yhteydess\u00e4 eik\u00e4 sellaisten tilojen yhteydess\u00e4, jotka liittyv\u00e4t raudan liialliseen kertymiseen elimist\u00f6\u00f6n; ei saa ylitt\u00e4\u00e4 suositeltua vuorokausiannosta.<\/p>\n\n\n\n<p><strong>Ainesosat<\/strong><br>l-tryptofaani, kasvikapseli (p\u00e4\u00e4llysteaine: hydroksipropyylimetyyliselluloosa, hyytel\u00f6imisaine: gellaanikumi), nac - n-asetyylikysteiini, merellinen magnesiumoksidi (sis\u00e4lt\u00e4\u00e4 magnesiumia), c-vitamiini (askorbiinihappo), myo-inositoli, sahramin stigmauute (crocus sativus) (titrattu sahraminaali), trans-resveratroli, cavaq10\u00ae (gamma-syklodekstriini, koentsyymi q10), b3-vitamiini (nikotiiniamidi), vihre\u00e4 banaanijauho, b2-vitamiini (riboflaviini), b6-vitamiini (pyridoksiini), seleenill\u00e4 rikastettu hiiva (saccharomyces cerevisiae) (sis\u00e4lt\u00e4\u00e4 seleeni\u00e4), j\u00e4k\u00e4l\u00e4uute (cladonia rangiferina) (sis\u00e4lt\u00e4\u00e4 d3-vitamiinia, kolekalsiferolia), cynatine\u00ae hns1 (keratiinihydrolysaatti) (sulfiitit), paakkuuntumisenestoaineet: akaasiakumi, rasvahapot, p\u00e4\u00e4llystysaineet: hydroksipropyylimetyyliselluloosa, mikrokiteinen selluloosa, rasvahapot, uute naistenhierakan (alchemilla vulgaris) antenniosista, hevoskastanjan (aesculus hippocastanum) siemenuute (titrattu aessiinin osalta), kasvikapseli (p\u00e4\u00e4llystysaine: hydroksipropyylimetyyliselluloosa, hyytel\u00f6imisaine: gellaanikumi), maitoskampamansiemenuute (silybum marianum) (titrattu silymariinina), punaviinik\u00f6ynn\u00f6ksen lehtiuute (vitis vinifera) (titrattu polyfenoleina), rautaglukonaatti (sis\u00e4lt\u00e4\u00e4 rautaa), klorella (chlorella vulgaris) (sulfiitit).<\/p>","protected":false},"excerpt":{"rendered":"<p><strong data-start=\"16\" data-end=\"89\">D-LAB NUTRICOSMETICS - Hiusmassaohjelma (Programme Masse-Capillaire)<\/strong> on kokonaisvaltainen hiustenl\u00e4ht\u00f6\u00e4 ja hiustiheytt\u00e4 tukeva ohjelma, joka on suunniteltu toimimaan sis\u00e4lt\u00e4 ulosp\u00e4in: se antaa <strong data-start=\"189\" data-end=\"214\">hydrolysoitu keratiini<\/strong>, valittu <strong data-start=\"227\" data-end=\"255\">vitamiinit ja kivenn\u00e4isaineet<\/strong>, aminohappoja ja kasviuutteita, jotka saavat hiukset n\u00e4ytt\u00e4m\u00e4\u00e4n vahvemmilta ja visuaalisesti paksummilta. Kaava kohdistuu useille alueille kerralla:<br data-start=\"401\" data-end=\"404\" \/>- <strong data-start=\"406\" data-end=\"437\">vahvistaa hiuskuitua<\/strong> (keratiinikompleksi)<br data-start=\"459\" data-end=\"462\" \/>- <strong data-start=\"464\" data-end=\"508\">p\u00e4\u00e4nahan mikroverenkierron yll\u00e4pit\u00e4minen<\/strong> (kasviuutteet)<br data-start=\"532\" data-end=\"535\" \/>- <strong data-start=\"537\" data-end=\"563\">antioksidanttisuoja<\/strong> (esim. C-vitamiini, koentsyymi Q10).<br data-start=\"600\" data-end=\"603\" \/>- <strong data-start=\"605\" data-end=\"627\">ravitsemuksellinen tuki<\/strong> hiusten terveys (esim. seleeni, D3-vitamiini, B-vitamiinit).<br data-start=\"691\" data-end=\"694\" \/>- <strong data-start=\"696\" data-end=\"733\">emotionaalinen j\u00e4nnitys\/stressi<\/strong> p\u00e4ivitt\u00e4isten rutiinien tukeminen (esim. sahramiuute, L-tryptofaani).<br data-start=\"806\" data-end=\"809\" \/>Ohjelma koostuu useista osista, jotka otetaan yhten\u00e4 rutiinina, ja se perustuu hyvin tutkittuihin ravintoaineisiin, jotka edist\u00e4v\u00e4t hiusten terveydelle t\u00e4rkeit\u00e4 normaaleja kehon toimintoja. <strong data-start=\"999\" data-end=\"1022\">Miksi valita<\/strong><br data-start=\"1022\" data-end=\"1025\" \/><strong data-start=\"1025\" data-end=\"1031\">\u2714\ufe0f<\/strong> monisuuntainen rutiini hiustiheyden ja hiuskuitujen vahvuuden lis\u00e4\u00e4miseksi<br data-start=\"1097\" data-end=\"1100\" \/><strong data-start=\"1100\" data-end=\"1106\">\u2714\ufe0f<\/strong> hydrolysoitua keratiinia (Cynatine\u00ae) hiusten rakenteen yll\u00e4pit\u00e4miseksi.<br data-start=\"1172\" data-end=\"1175\" \/><strong data-start=\"1175\" data-end=\"1181\">\u2714\ufe0f<\/strong> mikroverenkiertoa tukevia kasviuutteita p\u00e4ivitt\u00e4iseen k\u00e4ytt\u00f6\u00f6n<br data-start=\"1255\" data-end=\"1258\" \/><strong data-start=\"1258\" data-end=\"1264\">\u2714\ufe0f<\/strong> Vitamiineja, kivenn\u00e4isaineita ja antioksidantteja hiusten kuntoon sis\u00e4lt\u00e4p\u00e4in.<br data-start=\"1327\" data-end=\"1330\" \/><strong data-start=\"1330\" data-end=\"1336\">\u2714\ufe0f<\/strong> K\u00e4tev\u00e4 sis\u00e4llytt\u00e4\u00e4 rutiineihin, suositellaan pitk\u00e4aikaiseen ohjelmaan.<\/p>","protected":false},"featured_media":45409,"comment_status":"open","ping_status":"closed","template":"","meta":{"_acf_changed":false},"product_brand":[419],"product_cat":[275,273,123],"product_tag":[],"class_list":{"0":"post-45404","1":"product","2":"type-product","3":"status-publish","4":"has-post-thumbnail","6":"product_brand-d-lab","7":"product_cat-plauku-ir-nagu-prieziura","8":"product_cat-odai-plaukams-nagams","9":"product_cat-papildai-ilgaamziskumui","11":"first","12":"instock","13":"shipping-taxable","14":"purchasable","15":"product-type-simple"},"acf":[],"tiered_pricing_type":"fixed","tiered_pricing_fixed_rules":[],"tiered_pricing_product_settings":{"layout":"default","base_unit_name":{"singular":null,"plural":null},"default_variation":null},"tiered_pricing_minimum_quantity":null,"tiered_pricing_roles_data":[],"tiered_pricing_percentage_rules":[],"_links":{"self":[{"href":"https:\/\/purama.lt\/fi\/wp-json\/wp\/v2\/product\/45404","targetHints":{"allow":["GET"]}}],"collection":[{"href":"https:\/\/purama.lt\/fi\/wp-json\/wp\/v2\/product"}],"about":[{"href":"https:\/\/purama.lt\/fi\/wp-json\/wp\/v2\/types\/product"}],"replies":[{"embeddable":true,"href":"https:\/\/purama.lt\/fi\/wp-json\/wp\/v2\/comments?post=45404"}],"wp:featuredmedia":[{"embeddable":true,"href":"https:\/\/purama.lt\/fi\/wp-json\/wp\/v2\/media\/45409"}],"wp:attachment":[{"href":"https:\/\/purama.lt\/fi\/wp-json\/wp\/v2\/media?parent=45404"}],"wp:term":[{"taxonomy":"product_brand","embeddable":true,"href":"https:\/\/purama.lt\/fi\/wp-json\/wp\/v2\/product_brand?post=45404"},{"taxonomy":"product_cat","embeddable":true,"href":"https:\/\/purama.lt\/fi\/wp-json\/wp\/v2\/product_cat?post=45404"},{"taxonomy":"product_tag","embeddable":true,"href":"https:\/\/purama.lt\/fi\/wp-json\/wp\/v2\/product_tag?post=45404"}],"curies":[{"name":"wp","href":"https:\/\/api.w.org\/{rel}","templated":true}]}}