{"id":44962,"date":"2026-01-15T12:54:29","date_gmt":"2026-01-15T10:54:29","guid":{"rendered":"https:\/\/purama.lt\/?post_type=product&#038;p=44962"},"modified":"2026-03-16T12:30:24","modified_gmt":"2026-03-16T10:30:24","slug":"perjantai-bae-stimuloiva-laheisyysgeeli","status":"publish","type":"product","link":"https:\/\/purama.lt\/fi\/produktas\/friday-bae-stimuliuojantis-intymumo-gelis\/","title":{"rendered":"FRIDAY BAE Stimuloiva l\u00e4heisyysgeeli"},"content":{"rendered":"<p><strong>K\u00e4ytt\u00f6<\/strong><br>Yksi tippa riitt\u00e4\u00e4 yleens\u00e4: levit\u00e4 klitorikselle ja\/tai peniksen p\u00e4\u00e4h\u00e4n, hiero varovasti noin 30 sekuntia.<br>J\u00e4t\u00e4 hieman geeli\u00e4 pinnalle, jotta my\u00f6s kumppanisi voi tuntea vaikutuksen.<br>Varoitukset: v\u00e4lt\u00e4 kosketusta silmiin, \u00e4l\u00e4 k\u00e4yt\u00e4 \u00e4rtyneelle tai rikkin\u00e4iselle iholle; ei suositella raskauden ja imetyksen aikana; lopeta k\u00e4ytt\u00f6 \u00e4rsytyksen ilmetess\u00e4; vain ulkoiseen k\u00e4ytt\u00f6\u00f6n.<\/p>\n\n\n\n<p><strong>Ainesosat<\/strong><br>aqua, glyseriini, propyleeniglykoli, etyyliheksyyliglyseriini, natriumpolyakrylaatti, dikaprylyylikarbonaatti, karbomeeri, aspartaami, styreeni\/akrylaattikopolymeeri, etyylimentaanikarboksamidi, polyglyseryyli-3-kapraatti, kookosglukosidi, aromi, parfum, vanillyylibutyylieetteri, bentsoehappo, sitruunahappo.<\/p>","protected":false},"excerpt":{"rendered":"<p data-start=\"0\" data-end=\"480\"><strong data-start=\"16\" data-end=\"59\">Perjantai Bae - Xcite - kiihdytysgeeli A 2<\/strong> Stimuloiva intiimigeeli pariskunnille, kehitetty <strong data-start=\"107\" data-end=\"131\">parantaa aisteja<\/strong> ja tuoda enemm\u00e4n leikkisyytt\u00e4 l\u00e4heisyyteen. Miellytt\u00e4v\u00e4 sek\u00e4 klitorikselle ett\u00e4 penikselle, luoden <strong data-start=\"218\" data-end=\"242\">l\u00e4mp\u00f6-j\u00e4\u00e4hdytysvaikutus<\/strong>, auttaa tehostamaan kosketuksen tunnetta ja pident\u00e4m\u00e4\u00e4n nautinnon hetki\u00e4. Kaava on vegaaninen, dermatologisesti\/gynaekologisesti testattu, yhteensopiva kondomien ja seksilelujen kanssa, ja suurin osa ainesosista on luonnollista alkuper\u00e4\u00e4.<\/p>\n<p data-start=\"482\" data-end=\"787\"><strong data-start=\"482\" data-end=\"505\">Miksi valita<\/strong><br data-start=\"505\" data-end=\"508\" \/><strong data-start=\"508\" data-end=\"514\">\u2714\ufe0f<\/strong> l\u00e4mmin-viile\u00e4 tunne voimakkaampaa stimulaatiota varten<br data-start=\"564\" data-end=\"567\" \/><strong data-start=\"567\" data-end=\"573\">\u2714\ufe0f<\/strong> soveltuu sek\u00e4 klitorikselle ett\u00e4 penikselle - unisex-kaava<br data-start=\"624\" data-end=\"627\" \/><strong data-start=\"627\" data-end=\"633\">\u2714\ufe0f<\/strong> yhteensopiva kondomien ja seksilelujen kanssa<br data-start=\"681\" data-end=\"684\" \/><strong data-start=\"684\" data-end=\"690\">\u2714\ufe0f<\/strong> Vegaaninen, perusteellisesti testattu koostumus<br data-start=\"729\" data-end=\"732\" \/><strong data-start=\"732\" data-end=\"738\">\u2714\ufe0f<\/strong> suurin osa ainesosista on luonnollista alkuper\u00e4\u00e4<\/p>","protected":false},"featured_media":44958,"comment_status":"open","ping_status":"closed","template":"","meta":{"_acf_changed":true},"product_brand":[482],"product_cat":[276,277],"product_tag":[],"class_list":{"0":"post-44962","1":"product","2":"type-product","3":"status-publish","4":"has-post-thumbnail","6":"product_brand-friday-bae","7":"product_cat-seksualinei-sveikatai","8":"product_cat-vyrams","10":"first","11":"instock","12":"shipping-taxable","13":"purchasable","14":"product-type-simple"},"acf":[],"tiered_pricing_type":"fixed","tiered_pricing_fixed_rules":[],"tiered_pricing_product_settings":{"layout":"default","base_unit_name":{"singular":null,"plural":null},"default_variation":null},"tiered_pricing_minimum_quantity":null,"tiered_pricing_roles_data":[],"tiered_pricing_percentage_rules":[],"_links":{"self":[{"href":"https:\/\/purama.lt\/fi\/wp-json\/wp\/v2\/product\/44962","targetHints":{"allow":["GET"]}}],"collection":[{"href":"https:\/\/purama.lt\/fi\/wp-json\/wp\/v2\/product"}],"about":[{"href":"https:\/\/purama.lt\/fi\/wp-json\/wp\/v2\/types\/product"}],"replies":[{"embeddable":true,"href":"https:\/\/purama.lt\/fi\/wp-json\/wp\/v2\/comments?post=44962"}],"wp:featuredmedia":[{"embeddable":true,"href":"https:\/\/purama.lt\/fi\/wp-json\/wp\/v2\/media\/44958"}],"wp:attachment":[{"href":"https:\/\/purama.lt\/fi\/wp-json\/wp\/v2\/media?parent=44962"}],"wp:term":[{"taxonomy":"product_brand","embeddable":true,"href":"https:\/\/purama.lt\/fi\/wp-json\/wp\/v2\/product_brand?post=44962"},{"taxonomy":"product_cat","embeddable":true,"href":"https:\/\/purama.lt\/fi\/wp-json\/wp\/v2\/product_cat?post=44962"},{"taxonomy":"product_tag","embeddable":true,"href":"https:\/\/purama.lt\/fi\/wp-json\/wp\/v2\/product_tag?post=44962"}],"curies":[{"name":"wp","href":"https:\/\/api.w.org\/{rel}","templated":true}]}}