{"id":44939,"date":"2026-01-14T14:59:40","date_gmt":"2026-01-14T12:59:40","guid":{"rendered":"https:\/\/purama.lt\/?post_type=product&#038;p=44939"},"modified":"2026-04-14T09:24:03","modified_gmt":"2026-04-14T07:24:03","slug":"tradicao-luonnollinen-kasintehty-saippua-portugalilaisesta-oliivioljysta-valmistettuna","status":"publish","type":"product","link":"https:\/\/purama.lt\/fi\/produktas\/tradicao-natural-ranku-darbo-muilas-is-portugalisko-alyvuogiu-aliejaus\/","title":{"rendered":"Tradicao Natural K\u00e4sintehty saippua portugalilaisesta oliivi\u00f6ljyst\u00e4"},"content":{"rendered":"<p><strong>K\u00e4ytt\u00f6<\/strong><br>Levit\u00e4 kostealle iholle, hiero kevyesti ja huuhtele hyvin.<br>Vain ulkoiseen k\u00e4ytt\u00f6\u00f6n<br>Koska saippua on k\u00e4sintehty, sen v\u00e4riss\u00e4 tai ulkon\u00e4\u00f6ss\u00e4 voi olla pieni\u00e4 eroja.<\/p>\n\n\n\n<p><strong>Ainesosat<\/strong><br>olea europaea hedelm\u00e4\u00f6ljy (luomu), vesi, natriumhydroksidi, tokoferyyliasetaatti, merisuola, sokeri.<\/p>","protected":false},"excerpt":{"rendered":"<p data-start=\"0\" data-end=\"650\"><strong data-start=\"16\" data-end=\"85\">K\u00e4sintehty saippua 100% Portugalilainen oliivi\u00f6ljy - Mini<\/strong> K\u00e4sintehty, kylm\u00e4prosessisaippua, jossa on 100 % portugalilaista oliivi\u00f6ljy\u00e4 hell\u00e4varaiseen p\u00e4ivitt\u00e4iseen puhdistukseen. Koostumus ei sis\u00e4ll\u00e4 lis\u00e4ttyj\u00e4 hajusteita ja v\u00e4riaineita, joten se sopii erityisen hyvin <strong data-start=\"268\" data-end=\"302\">herkk\u00e4, helposti \u00e4rtyv\u00e4<\/strong> ihoa ja sit\u00e4 voidaan k\u00e4ytt\u00e4\u00e4 jopa <strong data-start=\"335\" data-end=\"351\">vauvojen iholle<\/strong> huolto. Saippua auttaa yll\u00e4pit\u00e4m\u00e4\u00e4n ihon mukavuutta ja antaa pehme\u00e4n, luonnollisen vaahdon. <strong data-start=\"436\" data-end=\"446\">olla SLS<\/strong>, on <strong data-start=\"452\" data-end=\"466\">vegaani<\/strong> ja se on valmistettu ilman palmu\u00f6ljy\u00e4. Sen sis\u00e4lt\u00e4m\u00e4 E-vitamiini (tokoferyyliasetaatti) on hyvin tutkittu ainesosa, jonka antioksidanttisia ominaisuuksia arvostetaan ihonhoitotuotteissa.<\/p>\n<p data-start=\"652\" data-end=\"906\"><strong data-start=\"652\" data-end=\"675\">Miksi valita<\/strong><br data-start=\"675\" data-end=\"678\" \/><strong data-start=\"678\" data-end=\"684\">\u2714\ufe0f<\/strong> 100 % Portugalilainen oliivi\u00f6ljypohja<br data-start=\"732\" data-end=\"735\" \/><strong data-start=\"735\" data-end=\"741\">\u2714\ufe0f<\/strong> ei sis\u00e4ll\u00e4 lis\u00e4ttyj\u00e4 maku- ja v\u00e4riaineita<br data-start=\"777\" data-end=\"780\" \/><strong data-start=\"780\" data-end=\"786\">\u2714\ufe0f<\/strong> hell\u00e4varainen herk\u00e4lle iholle, sopii koko perheelle.<br data-start=\"828\" data-end=\"831\" \/><strong data-start=\"831\" data-end=\"837\">\u2714\ufe0f<\/strong> luonnollinen, mieto vaahto ilman SLS:\u00e4\u00e4<br data-start=\"866\" data-end=\"869\" \/><strong data-start=\"869\" data-end=\"875\">\u2714\ufe0f<\/strong> vegaaninen, palmu\u00f6ljyt\u00f6n<\/p>","protected":false},"featured_media":44940,"comment_status":"open","ping_status":"closed","template":"","meta":{"_acf_changed":true},"product_brand":[],"product_cat":[92,300],"product_tag":[],"class_list":{"0":"post-44939","1":"product","2":"type-product","3":"status-publish","4":"has-post-thumbnail","6":"product_cat-groziui","7":"product_cat-kunui","9":"first","10":"instock","11":"shipping-taxable","12":"purchasable","13":"product-type-simple"},"acf":[],"tiered_pricing_type":"fixed","tiered_pricing_fixed_rules":[],"tiered_pricing_product_settings":{"layout":"default","base_unit_name":{"singular":null,"plural":null},"default_variation":null},"tiered_pricing_minimum_quantity":null,"tiered_pricing_roles_data":[],"tiered_pricing_percentage_rules":[],"_links":{"self":[{"href":"https:\/\/purama.lt\/fi\/wp-json\/wp\/v2\/product\/44939","targetHints":{"allow":["GET"]}}],"collection":[{"href":"https:\/\/purama.lt\/fi\/wp-json\/wp\/v2\/product"}],"about":[{"href":"https:\/\/purama.lt\/fi\/wp-json\/wp\/v2\/types\/product"}],"replies":[{"embeddable":true,"href":"https:\/\/purama.lt\/fi\/wp-json\/wp\/v2\/comments?post=44939"}],"wp:featuredmedia":[{"embeddable":true,"href":"https:\/\/purama.lt\/fi\/wp-json\/wp\/v2\/media\/44940"}],"wp:attachment":[{"href":"https:\/\/purama.lt\/fi\/wp-json\/wp\/v2\/media?parent=44939"}],"wp:term":[{"taxonomy":"product_brand","embeddable":true,"href":"https:\/\/purama.lt\/fi\/wp-json\/wp\/v2\/product_brand?post=44939"},{"taxonomy":"product_cat","embeddable":true,"href":"https:\/\/purama.lt\/fi\/wp-json\/wp\/v2\/product_cat?post=44939"},{"taxonomy":"product_tag","embeddable":true,"href":"https:\/\/purama.lt\/fi\/wp-json\/wp\/v2\/product_tag?post=44939"}],"curies":[{"name":"wp","href":"https:\/\/api.w.org\/{rel}","templated":true}]}}