{"id":44763,"date":"2026-01-08T14:42:29","date_gmt":"2026-01-08T12:42:29","guid":{"rendered":"https:\/\/purama.lt\/?post_type=product&#038;p=44763"},"modified":"2026-04-20T07:42:20","modified_gmt":"2026-04-20T05:42:20","slug":"sukat-minulla-on-power-sports-sukat","status":"publish","type":"product","link":"https:\/\/purama.lt\/fi\/produktas\/sox-i-got-a-power-sportines-kojines\/","title":{"rendered":"SOX I GOT A POWER Urheilusukat"},"content":{"rendered":"<p>N<strong>kutominen<\/strong><br>K\u00e4yt\u00e4 juoksuun, kuntosalille tai muuhun aktiiviseen harjoitteluun; valitse oikea koko istuvuutta varten.<br>Noudata hoitoa ja pesua varten etiketin ohjeita<\/p>\n\n\n\n<p><strong>Ainesosat<\/strong><br>coolmax\u00ae, nailon<\/p>","protected":false},"excerpt":{"rendered":"<p data-start=\"0\" data-end=\"747\"><strong data-start=\"16\" data-end=\"43\">SOX - MINULLA ON VOIMA<\/strong> Urheilusukat juoksuun ja aktiiviseen harjoitteluun, kun haluat vakautta, kuivuutta ja mukavuutta my\u00f6s pidemmill\u00e4 matkoilla. Vahvistetut tukivy\u00f6hykkeet nilkan ja jalkaholvin kohdalla auttavat pit\u00e4m\u00e4\u00e4n jalan tukevasti paikallaan, kun taas <strong data-start=\"263\" data-end=\"286\">keskisuuri puristus<\/strong> istuu hyvin ilman rajoituksia. COOLMAX\u00ae -froteekangas kantap\u00e4\u00e4n ja varpaiden alueella on miellytt\u00e4v\u00e4n pehmustava, iskuja vaimentava ja auttaa siirt\u00e4m\u00e4\u00e4n kosteutta tehokkaammin, mik\u00e4 v\u00e4hent\u00e4\u00e4 hankauksen tunnetta. Hengitt\u00e4v\u00e4 verkkoneulos auttaa s\u00e4\u00e4telem\u00e4\u00e4n l\u00e4mp\u00f6tilaa, ja LEFT\/RIGHT-merkint\u00e4 helpottaa oikean istuvuuden nopeaa l\u00f6yt\u00e4mist\u00e4. COOLMAX\u00ae-kuitu luottaa tunnettuihin kosteutta siirt\u00e4viin ominaisuuksiinsa ja auttaa pit\u00e4m\u00e4\u00e4n jalat kuivempina intensiivisen liikkumisen aikana.<\/p>\n<p data-start=\"749\" data-end=\"1105\">Miksi valita<br data-start=\"772\" data-end=\"775\" \/><strong>\u2714\ufe0f Made in Spain - luotettavaa laatua<\/strong><br data-start=\"820\" data-end=\"823\" \/><strong>\u2714\ufe0f COOLMAX\u00ae ja nailon - hengitt\u00e4v\u00e4, kest\u00e4v\u00e4 kangas.<\/strong><br data-start=\"883\" data-end=\"886\" \/><strong>\u2714\ufe0f Vahvistettu nilkkatuki ja jalkaholvi lis\u00e4\u00e4v\u00e4t vakautta.<\/strong><br data-start=\"960\" data-end=\"963\" \/><strong>\u2714\ufe0f Medium compression - mukava istuvuus juoksun aikana.<\/strong><br data-start=\"1018\" data-end=\"1021\" \/><strong>\u2714\ufe0f Kantap\u00e4\u00e4n ja varpaiden pehmusteet parantavat iskunvaimennusta ja v\u00e4hent\u00e4v\u00e4t kitkaa.<\/strong><\/p>","protected":false},"featured_media":44746,"comment_status":"open","ping_status":"closed","template":"","meta":{"_acf_changed":false},"product_brand":[246,479],"product_cat":[102,98],"product_tag":[],"class_list":{"0":"post-44763","1":"product","2":"type-product","3":"status-publish","4":"has-post-thumbnail","6":"product_brand-sporcks","7":"product_brand-sox","8":"product_cat-kojines","9":"product_cat-sportui","11":"first","12":"instock","13":"shipping-taxable","14":"purchasable","15":"product-type-variable"},"acf":[],"tiered_pricing_type":"fixed","tiered_pricing_fixed_rules":[],"tiered_pricing_product_settings":{"layout":"default","base_unit_name":{"singular":null,"plural":null},"default_variation":null},"tiered_pricing_minimum_quantity":null,"tiered_pricing_roles_data":[],"tiered_pricing_percentage_rules":[],"_links":{"self":[{"href":"https:\/\/purama.lt\/fi\/wp-json\/wp\/v2\/product\/44763","targetHints":{"allow":["GET"]}}],"collection":[{"href":"https:\/\/purama.lt\/fi\/wp-json\/wp\/v2\/product"}],"about":[{"href":"https:\/\/purama.lt\/fi\/wp-json\/wp\/v2\/types\/product"}],"replies":[{"embeddable":true,"href":"https:\/\/purama.lt\/fi\/wp-json\/wp\/v2\/comments?post=44763"}],"wp:featuredmedia":[{"embeddable":true,"href":"https:\/\/purama.lt\/fi\/wp-json\/wp\/v2\/media\/44746"}],"wp:attachment":[{"href":"https:\/\/purama.lt\/fi\/wp-json\/wp\/v2\/media?parent=44763"}],"wp:term":[{"taxonomy":"product_brand","embeddable":true,"href":"https:\/\/purama.lt\/fi\/wp-json\/wp\/v2\/product_brand?post=44763"},{"taxonomy":"product_cat","embeddable":true,"href":"https:\/\/purama.lt\/fi\/wp-json\/wp\/v2\/product_cat?post=44763"},{"taxonomy":"product_tag","embeddable":true,"href":"https:\/\/purama.lt\/fi\/wp-json\/wp\/v2\/product_tag?post=44763"}],"curies":[{"name":"wp","href":"https:\/\/api.w.org\/{rel}","templated":true}]}}