{"id":44760,"date":"2026-01-08T14:38:42","date_gmt":"2026-01-08T12:38:42","guid":{"rendered":"https:\/\/purama.lt\/?post_type=product&#038;p=44760"},"modified":"2026-04-14T07:43:33","modified_gmt":"2026-04-14T05:43:33","slug":"sox-bee-ready-urheilusukat","status":"publish","type":"product","link":"https:\/\/purama.lt\/fi\/produktas\/sox-bee-ready-sportines-kojines\/","title":{"rendered":"SOX BEE READY Urheilusukat"},"content":{"rendered":"<p><strong>K\u00e4ytt\u00f6<\/strong><br>K\u00e4yt\u00e4 juoksuun, kuntosalille tai muuhun aktiiviseen harjoitteluun; valitse oikea koko istuvuutta varten.<br>Huoltoa ja pesua varten noudata pakkauksessa olevia ohjeita.<\/p>\n\n\n\n<p><strong>Ainesosat<\/strong><br>coolmax\u00ae, nailon<\/p>","protected":false},"excerpt":{"rendered":"<p data-start=\"0\" data-end=\"704\"><strong data-start=\"16\" data-end=\"39\">SOX-BEE VALMIS<\/strong> Urheilusukat juoksuun ja aktiiviseen harjoitteluun, kun haluat vakautta, kuivuutta ja mukavuutta my\u00f6s pidemmill\u00e4 matkoilla. Vahvistetut tukivy\u00f6hykkeet nilkan ja jalkaholvin kohdalla auttavat pit\u00e4m\u00e4\u00e4n jalan tukevasti paikallaan, kun taas <strong data-start=\"259\" data-end=\"282\">keskisuuri puristus<\/strong> istuu hyvin ilman rajoituksia. COOLMAX\u00ae -froteekangas kantap\u00e4\u00e4n ja varpaiden alueella on miellytt\u00e4v\u00e4n pehmustava, iskuja vaimentava ja auttaa siirt\u00e4m\u00e4\u00e4n kosteutta tehokkaammin, mik\u00e4 v\u00e4hent\u00e4\u00e4 hankauksen tunnetta. Hengitt\u00e4v\u00e4 verkkoneulos auttaa s\u00e4\u00e4telem\u00e4\u00e4n l\u00e4mp\u00f6tilaa, jotta jalat pysyv\u00e4t kuivempina ja viile\u00e4mpin\u00e4 my\u00f6s voimakkaassa liikkeess\u00e4. COOLMAX\u00ae-kuitu perustuu sen tunnettuihin kosteutta siirt\u00e4viin ominaisuuksiin, joten se soveltuu erityisen hyvin urheiluun.<\/p>\n<p data-start=\"706\" data-end=\"1062\">Miksi valita<br data-start=\"729\" data-end=\"732\" \/><strong>\u2714\ufe0f Made in Spain - luotettavaa laatua<\/strong><br data-start=\"777\" data-end=\"780\" \/><strong>\u2714\ufe0f COOLMAX\u00ae ja nailon - hengitt\u00e4v\u00e4, kest\u00e4v\u00e4 kangas.<\/strong><br data-start=\"840\" data-end=\"843\" \/><strong>\u2714\ufe0f Vahvistettu nilkkatuki ja jalkaholvi lis\u00e4\u00e4v\u00e4t vakautta.<\/strong><br data-start=\"917\" data-end=\"920\" \/><strong>\u2714\ufe0f Medium compression - mukava istuvuus juoksun aikana.<\/strong><br data-start=\"975\" data-end=\"978\" \/><strong>\u2714\ufe0f Kantap\u00e4\u00e4n ja varpaiden pehmusteet parantavat iskunvaimennusta ja v\u00e4hent\u00e4v\u00e4t kitkaa.<\/strong><\/p>","protected":false},"featured_media":44741,"comment_status":"open","ping_status":"closed","template":"","meta":{"_acf_changed":false},"product_brand":[246,479],"product_cat":[102,98],"product_tag":[],"class_list":{"0":"post-44760","1":"product","2":"type-product","3":"status-publish","4":"has-post-thumbnail","6":"product_brand-sporcks","7":"product_brand-sox","8":"product_cat-kojines","9":"product_cat-sportui","11":"first","12":"instock","13":"shipping-taxable","14":"purchasable","15":"product-type-variable"},"acf":[],"tiered_pricing_type":"fixed","tiered_pricing_fixed_rules":[],"tiered_pricing_product_settings":{"layout":"default","base_unit_name":{"singular":null,"plural":null},"default_variation":null},"tiered_pricing_minimum_quantity":null,"tiered_pricing_roles_data":[],"tiered_pricing_percentage_rules":[],"_links":{"self":[{"href":"https:\/\/purama.lt\/fi\/wp-json\/wp\/v2\/product\/44760","targetHints":{"allow":["GET"]}}],"collection":[{"href":"https:\/\/purama.lt\/fi\/wp-json\/wp\/v2\/product"}],"about":[{"href":"https:\/\/purama.lt\/fi\/wp-json\/wp\/v2\/types\/product"}],"replies":[{"embeddable":true,"href":"https:\/\/purama.lt\/fi\/wp-json\/wp\/v2\/comments?post=44760"}],"wp:featuredmedia":[{"embeddable":true,"href":"https:\/\/purama.lt\/fi\/wp-json\/wp\/v2\/media\/44741"}],"wp:attachment":[{"href":"https:\/\/purama.lt\/fi\/wp-json\/wp\/v2\/media?parent=44760"}],"wp:term":[{"taxonomy":"product_brand","embeddable":true,"href":"https:\/\/purama.lt\/fi\/wp-json\/wp\/v2\/product_brand?post=44760"},{"taxonomy":"product_cat","embeddable":true,"href":"https:\/\/purama.lt\/fi\/wp-json\/wp\/v2\/product_cat?post=44760"},{"taxonomy":"product_tag","embeddable":true,"href":"https:\/\/purama.lt\/fi\/wp-json\/wp\/v2\/product_tag?post=44760"}],"curies":[{"name":"wp","href":"https:\/\/api.w.org\/{rel}","templated":true}]}}