{"id":44757,"date":"2026-01-08T14:35:16","date_gmt":"2026-01-08T12:35:16","guid":{"rendered":"https:\/\/purama.lt\/?post_type=product&#038;p=44757"},"modified":"2026-04-14T07:43:50","modified_gmt":"2026-04-14T05:43:50","slug":"sox-beast-urheilusukat","status":"publish","type":"product","link":"https:\/\/purama.lt\/fi\/produktas\/sox-beast-sportines-kojines\/","title":{"rendered":"SOX BEAST Urheilusukat"},"content":{"rendered":"<p><strong>K\u00e4ytt\u00f6<\/strong><br>K\u00e4yt\u00e4 juoksuun, kuntosalille tai muuhun aktiiviseen harjoitteluun; valitse koko, joka sopii mukavasti.<br>Huoltoa ja pesua varten noudata pakkauksessa olevia ohjeita.<\/p>\n\n\n\n<p><strong>Ainesosat<\/strong><br>coolmax\u00ae, nailon<\/p>","protected":false},"excerpt":{"rendered":"<p data-start=\"0\" data-end=\"789\"><strong data-start=\"16\" data-end=\"35\">SOX -BEAST<\/strong> Urheilusukat juoksuun ja korkean intensiteetin harjoitteluun, jossa vakaus, turvallinen istuvuus ja raikas tuntuma koko harjoittelun ajan ovat t\u00e4rkeit\u00e4. Vahvistetut tukivy\u00f6hykkeet nilkassa ja pohkeessa auttavat antamaan tukevamman otteen jalasta, kun taas <strong data-start=\"268\" data-end=\"291\">keskisuuri puristus<\/strong> tarjoaa mukavan istuvuuden ja auttaa sukkia pysym\u00e4\u00e4n paikoillaan my\u00f6s kiihdytett\u00e4ess\u00e4. COOLMAX\u00ae -froteekangas kantap\u00e4\u00e4n ja varpaiden alueella pehment\u00e4\u00e4, vaimentaa iskuja ja siirt\u00e4\u00e4 kosteutta tehokkaasti, mik\u00e4 v\u00e4hent\u00e4\u00e4 kitkaa ja ep\u00e4mukavuutta pidemmill\u00e4 matkoilla. Hengitt\u00e4v\u00e4 verkkoneulos auttaa s\u00e4\u00e4telem\u00e4\u00e4n l\u00e4mp\u00f6tilaa, jotta jalat pysyv\u00e4t kuivempina ja viile\u00e4mpin\u00e4 my\u00f6s intensiivisen urheilun aikana. COOLMAX\u00ae-kuitua k\u00e4ytet\u00e4\u00e4n laajalti urheiluvaatteissa sen kosteudenhallintaominaisuuksien vuoksi.<\/p>\n<p data-start=\"791\" data-end=\"1147\">Miksi valita<br data-start=\"814\" data-end=\"817\" \/><strong>\u2714\ufe0f Made in Spain - luotettavaa laatua<\/strong><br data-start=\"862\" data-end=\"865\" \/><strong>\u2714\ufe0f COOLMAX\u00ae ja nailon - hengitt\u00e4v\u00e4, kest\u00e4v\u00e4 kangas.<\/strong><br data-start=\"925\" data-end=\"928\" \/><strong>\u2714\ufe0f Vahvistettu nilkkatuki ja jalkaholvi lis\u00e4\u00e4v\u00e4t vakautta.<\/strong><br data-start=\"1002\" data-end=\"1005\" \/><strong>\u2714\ufe0f Medium compression - mukava istuvuus juoksun aikana.<\/strong><br data-start=\"1060\" data-end=\"1063\" \/><strong>\u2714\ufe0f Kantap\u00e4\u00e4n ja varpaiden pehmusteet parantavat iskunvaimennusta ja v\u00e4hent\u00e4v\u00e4t kitkaa.<\/strong><\/p>","protected":false},"featured_media":44742,"comment_status":"open","ping_status":"closed","template":"","meta":{"_acf_changed":false},"product_brand":[246,479],"product_cat":[98,102],"product_tag":[],"class_list":{"0":"post-44757","1":"product","2":"type-product","3":"status-publish","4":"has-post-thumbnail","6":"product_brand-sporcks","7":"product_brand-sox","8":"product_cat-sportui","9":"product_cat-kojines","11":"first","12":"instock","13":"shipping-taxable","14":"purchasable","15":"product-type-variable"},"acf":[],"tiered_pricing_type":"fixed","tiered_pricing_fixed_rules":[],"tiered_pricing_product_settings":{"layout":"default","base_unit_name":{"singular":null,"plural":null},"default_variation":null},"tiered_pricing_minimum_quantity":null,"tiered_pricing_roles_data":[],"tiered_pricing_percentage_rules":[],"_links":{"self":[{"href":"https:\/\/purama.lt\/fi\/wp-json\/wp\/v2\/product\/44757","targetHints":{"allow":["GET"]}}],"collection":[{"href":"https:\/\/purama.lt\/fi\/wp-json\/wp\/v2\/product"}],"about":[{"href":"https:\/\/purama.lt\/fi\/wp-json\/wp\/v2\/types\/product"}],"replies":[{"embeddable":true,"href":"https:\/\/purama.lt\/fi\/wp-json\/wp\/v2\/comments?post=44757"}],"wp:featuredmedia":[{"embeddable":true,"href":"https:\/\/purama.lt\/fi\/wp-json\/wp\/v2\/media\/44742"}],"wp:attachment":[{"href":"https:\/\/purama.lt\/fi\/wp-json\/wp\/v2\/media?parent=44757"}],"wp:term":[{"taxonomy":"product_brand","embeddable":true,"href":"https:\/\/purama.lt\/fi\/wp-json\/wp\/v2\/product_brand?post=44757"},{"taxonomy":"product_cat","embeddable":true,"href":"https:\/\/purama.lt\/fi\/wp-json\/wp\/v2\/product_cat?post=44757"},{"taxonomy":"product_tag","embeddable":true,"href":"https:\/\/purama.lt\/fi\/wp-json\/wp\/v2\/product_tag?post=44757"}],"curies":[{"name":"wp","href":"https:\/\/api.w.org\/{rel}","templated":true}]}}