{"id":44754,"date":"2026-01-08T14:31:59","date_gmt":"2026-01-08T12:31:59","guid":{"rendered":"https:\/\/purama.lt\/?post_type=product&#038;p=44754"},"modified":"2026-04-14T07:44:07","modified_gmt":"2026-04-14T05:44:07","slug":"sukat-askel-askeleelta-urheilusukat","status":"publish","type":"product","link":"https:\/\/purama.lt\/fi\/produktas\/sox-step-by-step-sportines-kojines\/","title":{"rendered":"SOX STEP BY STEP Urheilusukat"},"content":{"rendered":"<p><strong>K\u00e4ytt\u00f6<\/strong><br>K\u00e4yt\u00e4 juoksuun, kuntosalille tai muuhun aktiiviseen harjoitteluun; valitse koko, joka sopii mukavasti.<br>Huoltoa ja pesua varten noudata pakkauksessa olevia ohjeita.<\/p>\n\n\n\n<p><strong>Ainesosat<\/strong><br>coolmax\u00ae, nailon<\/p>","protected":false},"excerpt":{"rendered":"<p data-start=\"0\" data-end=\"822\"><strong data-start=\"16\" data-end=\"42\">SOX-ASKEL ASKELEELTA<\/strong> Urheilusukat juoksuun ja aktiiviseen harjoitteluun, jotka on suunniteltu niille, jotka haluavat luotettavaa istuvuutta, vakautta ja raikasta tunnetta koko liikkeen ajan. Vahvistetut tukivy\u00f6hykkeet nilkassa ja pohkeessa auttavat antamaan tukevamman otteen ja paremman hallinnan, kun taas <strong data-start=\"318\" data-end=\"341\">keskisuuri puristus<\/strong> takaa mukavan istuvuuden, jotta sukat pysyv\u00e4t hyvin keng\u00e4ss\u00e4. COOLMAX\u00ae -froteekangas kantap\u00e4\u00e4n ja varpaiden alueella tarjoaa miellytt\u00e4v\u00e4n pehmusteen, iskunvaimennuksen ja auttaa siirt\u00e4m\u00e4\u00e4n kosteutta tehokkaammin, mik\u00e4 v\u00e4hent\u00e4\u00e4 hankauksen tunnetta pidemmiss\u00e4 harjoituksissa. Hengitt\u00e4v\u00e4 verkkoneulos auttaa s\u00e4\u00e4telem\u00e4\u00e4n l\u00e4mp\u00f6tilaa, jotta jalat pysyv\u00e4t kuivempina ja viile\u00e4mpin\u00e4 my\u00f6s intensiivisen harjoittelun aikana. COOLMAX\u00ae-kuitua k\u00e4ytet\u00e4\u00e4n laajalti urheiluvaatteissa sen kosteudenhallintaominaisuuksien vuoksi.<\/p>\n<p data-start=\"824\" data-end=\"1180\">Miksi valita<br data-start=\"847\" data-end=\"850\" \/><strong>\u2714\ufe0f Made in Spain - luotettavaa laatua<\/strong><br data-start=\"895\" data-end=\"898\" \/><strong>\u2714\ufe0f COOLMAX\u00ae ja nailon - hengitt\u00e4v\u00e4, kest\u00e4v\u00e4 kangas.<\/strong><br data-start=\"958\" data-end=\"961\" \/><strong>\u2714\ufe0f Vahvistettu nilkkatuki ja jalkaholvi lis\u00e4\u00e4v\u00e4t vakautta.<\/strong><br data-start=\"1035\" data-end=\"1038\" \/><strong>\u2714\ufe0f Medium compression - mukava istuvuus juoksun aikana.<\/strong><br data-start=\"1093\" data-end=\"1096\" \/><strong>\u2714\ufe0f Kantap\u00e4\u00e4n ja varpaiden pehmusteet parantavat iskunvaimennusta ja v\u00e4hent\u00e4v\u00e4t kitkaa.<\/strong><\/p>","protected":false},"featured_media":44744,"comment_status":"open","ping_status":"closed","template":"","meta":{"_acf_changed":false},"product_brand":[246,479],"product_cat":[98,102],"product_tag":[],"class_list":{"0":"post-44754","1":"product","2":"type-product","3":"status-publish","4":"has-post-thumbnail","6":"product_brand-sporcks","7":"product_brand-sox","8":"product_cat-sportui","9":"product_cat-kojines","11":"first","12":"instock","13":"shipping-taxable","14":"purchasable","15":"product-type-variable"},"acf":[],"tiered_pricing_type":"fixed","tiered_pricing_fixed_rules":[],"tiered_pricing_product_settings":{"layout":"default","base_unit_name":{"singular":null,"plural":null},"default_variation":null},"tiered_pricing_minimum_quantity":null,"tiered_pricing_roles_data":[],"tiered_pricing_percentage_rules":[],"_links":{"self":[{"href":"https:\/\/purama.lt\/fi\/wp-json\/wp\/v2\/product\/44754","targetHints":{"allow":["GET"]}}],"collection":[{"href":"https:\/\/purama.lt\/fi\/wp-json\/wp\/v2\/product"}],"about":[{"href":"https:\/\/purama.lt\/fi\/wp-json\/wp\/v2\/types\/product"}],"replies":[{"embeddable":true,"href":"https:\/\/purama.lt\/fi\/wp-json\/wp\/v2\/comments?post=44754"}],"wp:featuredmedia":[{"embeddable":true,"href":"https:\/\/purama.lt\/fi\/wp-json\/wp\/v2\/media\/44744"}],"wp:attachment":[{"href":"https:\/\/purama.lt\/fi\/wp-json\/wp\/v2\/media?parent=44754"}],"wp:term":[{"taxonomy":"product_brand","embeddable":true,"href":"https:\/\/purama.lt\/fi\/wp-json\/wp\/v2\/product_brand?post=44754"},{"taxonomy":"product_cat","embeddable":true,"href":"https:\/\/purama.lt\/fi\/wp-json\/wp\/v2\/product_cat?post=44754"},{"taxonomy":"product_tag","embeddable":true,"href":"https:\/\/purama.lt\/fi\/wp-json\/wp\/v2\/product_tag?post=44754"}],"curies":[{"name":"wp","href":"https:\/\/api.w.org\/{rel}","templated":true}]}}