{"id":44750,"date":"2026-01-08T14:28:26","date_gmt":"2026-01-08T12:28:26","guid":{"rendered":"https:\/\/purama.lt\/?post_type=product&#038;p=44750"},"modified":"2026-04-19T16:31:46","modified_gmt":"2026-04-19T14:31:46","slug":"sukat-im-just-a-girl-sportines-sukat","status":"publish","type":"product","link":"https:\/\/purama.lt\/fi\/produktas\/sox-im-just-a-girl-sportines-kojines\/","title":{"rendered":"SOX I'M JUST A GIRL Urheilusukat"},"content":{"rendered":"<p><strong>K\u00e4ytt\u00f6<\/strong><br>K\u00e4yt\u00e4 juoksuun, kuntosalille tai muuhun aktiiviseen harjoitteluun; valitse koko, joka sopii mukavasti.<br>Huoltoa ja pesua varten noudata pakkauksessa olevia ohjeita.<\/p>\n\n\n\n<p><strong>Ainesosat<\/strong><br>coolmax\u00ae, nailon<\/p>","protected":false},"excerpt":{"rendered":"<p data-start=\"0\" data-end=\"811\"><strong data-start=\"16\" data-end=\"45\">SOX-I'M JUST A GIRL<\/strong> Urheilusukat juoksuun ja aktiiviseen harjoitteluun, kun haluat turvallisen istuvuuden, vakautta ja mukavuutta joka askeleella. Vahvistetut tukivy\u00f6hykkeet nilkassa ja pohkeessa auttavat antamaan tukevamman otteen ja lis\u00e4\u00e4 vakautta, kun taas <strong data-start=\"302\" data-end=\"325\">keskisuuri puristus<\/strong> varmistaa, ett\u00e4 sukat pysyv\u00e4t hyvin jalassa eiv\u00e4tk\u00e4 luista harjoittelun aikana. COOLMAX\u00ae -froteekangas kantap\u00e4\u00e4n ja varpaiden alueella pehment\u00e4\u00e4, vaimentaa iskuja ja auttaa tehokkaasti siirt\u00e4m\u00e4\u00e4n kosteutta, mik\u00e4 v\u00e4hent\u00e4\u00e4 kitkaa ja ep\u00e4mukavuutta pidemmill\u00e4 matkoilla. Hengitt\u00e4v\u00e4 verkkoneulos auttaa s\u00e4\u00e4telem\u00e4\u00e4n l\u00e4mp\u00f6tilaa, jotta jalat pysyv\u00e4t kuivempina ja viile\u00e4mpin\u00e4 my\u00f6s intensiivisen urheilun aikana. COOLMAX\u00ae-kuitua arvostetaan laajalti urheiluvaatteissa sen kosteudenhallintaominaisuuksien vuoksi.<\/p>\n<p data-start=\"813\" data-end=\"1169\">Miksi valita<br data-start=\"836\" data-end=\"839\" \/><strong>\u2714\ufe0f Made in Spain - luotettavaa laatua<\/strong><br data-start=\"884\" data-end=\"887\" \/><strong>\u2714\ufe0f COOLMAX\u00ae ja nailon - hengitt\u00e4v\u00e4, kest\u00e4v\u00e4 kangas.<\/strong><br data-start=\"947\" data-end=\"950\" \/><strong>\u2714\ufe0f Vahvistettu nilkkatuki ja jalkaholvi lis\u00e4\u00e4v\u00e4t vakautta.<\/strong><br data-start=\"1024\" data-end=\"1027\" \/><strong>\u2714\ufe0f Medium compression - mukava istuvuus juoksun aikana.<\/strong><br data-start=\"1082\" data-end=\"1085\" \/><strong>\u2714\ufe0f Kantap\u00e4\u00e4n ja varpaiden pehmusteet parantavat iskunvaimennusta ja v\u00e4hent\u00e4v\u00e4t kitkaa.<\/strong><\/p>","protected":false},"featured_media":44745,"comment_status":"open","ping_status":"closed","template":"","meta":{"_acf_changed":false},"product_brand":[246,479],"product_cat":[98,102],"product_tag":[],"class_list":{"0":"post-44750","1":"product","2":"type-product","3":"status-publish","4":"has-post-thumbnail","6":"product_brand-sporcks","7":"product_brand-sox","8":"product_cat-sportui","9":"product_cat-kojines","11":"first","12":"instock","13":"shipping-taxable","14":"purchasable","15":"product-type-variable"},"acf":[],"tiered_pricing_type":"fixed","tiered_pricing_fixed_rules":[],"tiered_pricing_product_settings":{"layout":"default","base_unit_name":{"singular":null,"plural":null},"default_variation":null},"tiered_pricing_minimum_quantity":null,"tiered_pricing_roles_data":[],"tiered_pricing_percentage_rules":[],"_links":{"self":[{"href":"https:\/\/purama.lt\/fi\/wp-json\/wp\/v2\/product\/44750","targetHints":{"allow":["GET"]}}],"collection":[{"href":"https:\/\/purama.lt\/fi\/wp-json\/wp\/v2\/product"}],"about":[{"href":"https:\/\/purama.lt\/fi\/wp-json\/wp\/v2\/types\/product"}],"replies":[{"embeddable":true,"href":"https:\/\/purama.lt\/fi\/wp-json\/wp\/v2\/comments?post=44750"}],"wp:featuredmedia":[{"embeddable":true,"href":"https:\/\/purama.lt\/fi\/wp-json\/wp\/v2\/media\/44745"}],"wp:attachment":[{"href":"https:\/\/purama.lt\/fi\/wp-json\/wp\/v2\/media?parent=44750"}],"wp:term":[{"taxonomy":"product_brand","embeddable":true,"href":"https:\/\/purama.lt\/fi\/wp-json\/wp\/v2\/product_brand?post=44750"},{"taxonomy":"product_cat","embeddable":true,"href":"https:\/\/purama.lt\/fi\/wp-json\/wp\/v2\/product_cat?post=44750"},{"taxonomy":"product_tag","embeddable":true,"href":"https:\/\/purama.lt\/fi\/wp-json\/wp\/v2\/product_tag?post=44750"}],"curies":[{"name":"wp","href":"https:\/\/api.w.org\/{rel}","templated":true}]}}