{"id":44747,"date":"2026-01-08T13:58:06","date_gmt":"2026-01-08T11:58:06","guid":{"rendered":"https:\/\/purama.lt\/?post_type=product&#038;p=44747"},"modified":"2026-04-14T07:44:49","modified_gmt":"2026-04-14T05:44:49","slug":"sox-axis-urheilusukat","status":"publish","type":"product","link":"https:\/\/purama.lt\/fi\/produktas\/sox-axis-sportines-kojines\/","title":{"rendered":"SOX AXIS Sports sukat"},"content":{"rendered":"<p><strong>K\u00e4ytt\u00f6<\/strong><br>K\u00e4yt\u00e4 juoksuun, kuntosalille tai muuhun aktiiviseen harjoitteluun; valitse koko, joka sopii mukavasti.<br>Huoltoa ja pesua varten noudata pakkauksessa olevia ohjeita.<\/p>\n\n\n\n<p><strong>Ainesosat<\/strong><br>coolmax\u00ae, nailon<\/p>","protected":false},"excerpt":{"rendered":"<p data-start=\"0\" data-end=\"837\"><strong data-start=\"16\" data-end=\"34\">SOX- AXIS<\/strong> Urheilusukat juoksuun ja aktiiviseen harjoitteluun, kun haluat tukevan istuvuuden, vakautta ja mukavuutta joka askeleella. Vahvistetut tukivy\u00f6hykkeet nilkassa ja pohkeessa auttavat vakauttamaan jalkaa paremmin, kun taas <strong data-start=\"258\" data-end=\"281\">keskisuuri puristus<\/strong> antaa miellytt\u00e4v\u00e4n \u201ehalattavan\u201c tunteen ja auttaa sukkia pysym\u00e4\u00e4n paikoillaan my\u00f6s voimakkaassa liikkeess\u00e4. COOLMAX\u00ae -froteekangas kantap\u00e4\u00e4n ja varpaiden alueella pehment\u00e4\u00e4, vaimentaa iskuja ja auttaa siirt\u00e4m\u00e4\u00e4n kosteutta tehokkaasti, mik\u00e4 v\u00e4hent\u00e4\u00e4 kitkaa ja ep\u00e4mukavuutta pidemmiss\u00e4 harjoituksissa. Hengitt\u00e4v\u00e4 verkkoneulos auttaa s\u00e4\u00e4telem\u00e4\u00e4n l\u00e4mp\u00f6tilaa ja pit\u00e4m\u00e4\u00e4n sinut raikkaana, ja LEFT\/RIGHT-merkinn\u00e4n avulla saat nopeasti oikean istuvuuden. COOLMAX\u00ae-kuitua k\u00e4ytet\u00e4\u00e4n laajalti urheiluvaatteissa sen kosteudenhallintaominaisuuksien vuoksi, joten se sopii erityisen hyvin aktiiviseen urheiluun.<\/p>\n<p data-start=\"839\" data-end=\"1195\">Miksi valita<br data-start=\"862\" data-end=\"865\" \/><strong>\u2714\ufe0f Made in Spain - luotettavaa laatua<\/strong><br data-start=\"910\" data-end=\"913\" \/><strong>\u2714\ufe0f COOLMAX\u00ae ja nailon - hengitt\u00e4v\u00e4, kest\u00e4v\u00e4 kangas.<\/strong><br data-start=\"973\" data-end=\"976\" \/><strong>\u2714\ufe0f Vahvistettu nilkkatuki ja jalkaholvi lis\u00e4\u00e4v\u00e4t vakautta.<\/strong><br data-start=\"1050\" data-end=\"1053\" \/><strong>\u2714\ufe0f Medium compression - mukava istuvuus juoksun aikana.<\/strong><br data-start=\"1108\" data-end=\"1111\" \/><strong>\u2714\ufe0f Kantap\u00e4\u00e4n ja varpaiden pehmusteet parantavat iskunvaimennusta ja v\u00e4hent\u00e4v\u00e4t kitkaa.<\/strong><\/p>","protected":false},"featured_media":44743,"comment_status":"open","ping_status":"closed","template":"","meta":{"_acf_changed":false},"product_brand":[246,479],"product_cat":[98,102],"product_tag":[],"class_list":{"0":"post-44747","1":"product","2":"type-product","3":"status-publish","4":"has-post-thumbnail","6":"product_brand-sporcks","7":"product_brand-sox","8":"product_cat-sportui","9":"product_cat-kojines","11":"first","12":"instock","13":"shipping-taxable","14":"purchasable","15":"product-type-variable"},"acf":[],"tiered_pricing_type":"fixed","tiered_pricing_fixed_rules":[],"tiered_pricing_product_settings":{"layout":"default","base_unit_name":{"singular":null,"plural":null},"default_variation":null},"tiered_pricing_minimum_quantity":null,"tiered_pricing_roles_data":[],"tiered_pricing_percentage_rules":[],"_links":{"self":[{"href":"https:\/\/purama.lt\/fi\/wp-json\/wp\/v2\/product\/44747","targetHints":{"allow":["GET"]}}],"collection":[{"href":"https:\/\/purama.lt\/fi\/wp-json\/wp\/v2\/product"}],"about":[{"href":"https:\/\/purama.lt\/fi\/wp-json\/wp\/v2\/types\/product"}],"replies":[{"embeddable":true,"href":"https:\/\/purama.lt\/fi\/wp-json\/wp\/v2\/comments?post=44747"}],"wp:featuredmedia":[{"embeddable":true,"href":"https:\/\/purama.lt\/fi\/wp-json\/wp\/v2\/media\/44743"}],"wp:attachment":[{"href":"https:\/\/purama.lt\/fi\/wp-json\/wp\/v2\/media?parent=44747"}],"wp:term":[{"taxonomy":"product_brand","embeddable":true,"href":"https:\/\/purama.lt\/fi\/wp-json\/wp\/v2\/product_brand?post=44747"},{"taxonomy":"product_cat","embeddable":true,"href":"https:\/\/purama.lt\/fi\/wp-json\/wp\/v2\/product_cat?post=44747"},{"taxonomy":"product_tag","embeddable":true,"href":"https:\/\/purama.lt\/fi\/wp-json\/wp\/v2\/product_tag?post=44747"}],"curies":[{"name":"wp","href":"https:\/\/api.w.org\/{rel}","templated":true}]}}