{"id":44622,"date":"2026-01-06T15:35:16","date_gmt":"2026-01-06T13:35:16","guid":{"rendered":"https:\/\/purama.lt\/?post_type=product&#038;p=44622"},"modified":"2026-04-14T13:44:08","modified_gmt":"2026-04-14T11:44:08","slug":"equilibre-intiimi-kosteuttava-oljy","status":"publish","type":"product","link":"https:\/\/purama.lt\/fi\/produktas\/equilibre-intymus-drekinamasis-aliejus\/","title":{"rendered":"Equilibre Intimate kosteuttava \u00f6ljy"},"content":{"rendered":"<p><strong>K\u00e4ytt\u00f6<\/strong><br>Levit\u00e4 muutama tippa ja hiero kevyesti halutulle alueelle.<br>K\u00e4ytet\u00e4\u00e4n tarpeen mukaan intiimialueen p\u00e4ivitt\u00e4iseen hoitoon tai voiteluaineena.<\/p>\n\n\n\n<p><strong>Ainesosat<\/strong><br>kapryyli\/kapriinitriglyseridit, prunus amygdalus dulcis (makea manteli) \u00f6ljy, prunus armeniaca (aprikoosin) ydin\u00f6ljy, cocos nucifera (kookosp\u00e4hkin\u00e4) \u00f6ljy, butyrospermum parkii (shea) voi, kannabidioli, tokoferolit (E-vitamiini), citrus nobilis (mandariini) kuori\u00f6ljy, kumariini, hamppu<\/p>","protected":false},"excerpt":{"rendered":"<p data-start=\"0\" data-end=\"514\"><strong data-start=\"16\" data-end=\"42\">Equilibre - Huile Love<\/strong> Ranskassa kehitetty intiimi\u00f6ljy-rasva-aine intiimin ihon p\u00e4ivitt\u00e4iseen hoitoon ja mukavuuteen. Koostumus sis\u00e4lt\u00e4\u00e4 <strong data-start=\"163\" data-end=\"193\">100 % luonnollisilla \u00f6ljyill\u00e4<\/strong> (manteli, aprikoosi, kookos, shea) kosteuttavat, pehment\u00e4v\u00e4t ja auttavat suojaamaan ihoa kitkalta, kun taas liukuva vaikutus antaa pehme\u00e4mm\u00e4n ja miellytt\u00e4v\u00e4mm\u00e4n tunteen. Sis\u00e4lt\u00e4\u00e4 <strong data-start=\"372\" data-end=\"387\">E-vitamiini<\/strong> (tokoferolit) toimivat antioksidanttina ja <strong data-start=\"433\" data-end=\"449\">kannabidioli<\/strong> valittu rauhoittavaa mukavuutta varten. Miellytt\u00e4v\u00e4 <strong data-start=\"491\" data-end=\"513\">Mandariinin aromi<\/strong>.<\/p>\n<p data-start=\"516\" data-end=\"815\"><strong data-start=\"516\" data-end=\"539\">Miksi valita<\/strong><br data-start=\"539\" data-end=\"542\" \/><strong data-start=\"542\" data-end=\"548\">\u2714\ufe0f<\/strong> 2 in 1: p\u00e4ivitt\u00e4iseen hoitoon ja voiteluaineena.<br data-start=\"600\" data-end=\"603\" \/><strong data-start=\"603\" data-end=\"609\">\u2714\ufe0f<\/strong> 100 % Luonnolliset, korkealaatuiset kasvi\u00f6ljyt<br data-start=\"661\" data-end=\"664\" \/><strong data-start=\"664\" data-end=\"670\">\u2714\ufe0f<\/strong> Kosteuttaa, suojaa hankaukselta ja tarjoaa liukumukavuutta.<br data-start=\"727\" data-end=\"730\" \/><strong data-start=\"730\" data-end=\"736\">\u2714\ufe0f<\/strong> Kannabidiolia ja E-vitamiinia pehme\u00e4mm\u00e4n tunteen aikaansaamiseksi.<br data-start=\"787\" data-end=\"790\" \/><strong data-start=\"790\" data-end=\"796\">\u2714\ufe0f<\/strong> Mandariinin aromi<\/p>","protected":false},"featured_media":44625,"comment_status":"open","ping_status":"closed","template":"","meta":{"_acf_changed":true},"product_brand":[423],"product_cat":[276,278],"product_tag":[],"class_list":{"0":"post-44622","1":"product","2":"type-product","3":"status-publish","4":"has-post-thumbnail","6":"product_brand-equilibre","7":"product_cat-seksualinei-sveikatai","8":"product_cat-moterims","10":"first","11":"instock","12":"shipping-taxable","13":"purchasable","14":"product-type-simple"},"acf":[],"tiered_pricing_type":"fixed","tiered_pricing_fixed_rules":[],"tiered_pricing_product_settings":{"layout":"default","base_unit_name":{"singular":null,"plural":null},"default_variation":null},"tiered_pricing_minimum_quantity":null,"tiered_pricing_roles_data":[],"tiered_pricing_percentage_rules":[],"_links":{"self":[{"href":"https:\/\/purama.lt\/fi\/wp-json\/wp\/v2\/product\/44622","targetHints":{"allow":["GET"]}}],"collection":[{"href":"https:\/\/purama.lt\/fi\/wp-json\/wp\/v2\/product"}],"about":[{"href":"https:\/\/purama.lt\/fi\/wp-json\/wp\/v2\/types\/product"}],"replies":[{"embeddable":true,"href":"https:\/\/purama.lt\/fi\/wp-json\/wp\/v2\/comments?post=44622"}],"wp:featuredmedia":[{"embeddable":true,"href":"https:\/\/purama.lt\/fi\/wp-json\/wp\/v2\/media\/44625"}],"wp:attachment":[{"href":"https:\/\/purama.lt\/fi\/wp-json\/wp\/v2\/media?parent=44622"}],"wp:term":[{"taxonomy":"product_brand","embeddable":true,"href":"https:\/\/purama.lt\/fi\/wp-json\/wp\/v2\/product_brand?post=44622"},{"taxonomy":"product_cat","embeddable":true,"href":"https:\/\/purama.lt\/fi\/wp-json\/wp\/v2\/product_cat?post=44622"},{"taxonomy":"product_tag","embeddable":true,"href":"https:\/\/purama.lt\/fi\/wp-json\/wp\/v2\/product_tag?post=44622"}],"curies":[{"name":"wp","href":"https:\/\/api.w.org\/{rel}","templated":true}]}}