{"id":44476,"date":"2026-01-05T09:10:25","date_gmt":"2026-01-05T07:10:25","guid":{"rendered":"https:\/\/purama.lt\/?post_type=product&#038;p=44476"},"modified":"2026-04-19T11:20:19","modified_gmt":"2026-04-19T09:20:19","slug":"medica-group-super-orgasmin-pysaytysgeeli","status":"publish","type":"product","link":"https:\/\/purama.lt\/fi\/produktas\/medica-group-zele-super-orgasm-stop\/","title":{"rendered":"MEDICA GROUP Super Orgasm Stop Jelly -hyytel\u00f6"},"content":{"rendered":"<p><strong>K\u00e4ytt\u00f6<\/strong><br>Levit\u00e4 pieni m\u00e4\u00e4r\u00e4 geeli\u00e4 penikselle ja hiero kevyesti, odota muutama minuutti, jotta se imeytyy.<br>Tarvittaessa voidaan levitt\u00e4\u00e4 lis\u00e4kerros<br>Vain ulkoiseen k\u00e4ytt\u00f6\u00f6n; v\u00e4lt\u00e4 kosketusta silmien ja limakalvojen kanssa, lopeta k\u00e4ytt\u00f6, jos iho\u00e4rsytyst\u00e4 ilmenee.<\/p>\n\n\n\n<p><strong>Ainesosat<\/strong><br>aqua (vesi), propyleeniglykoli, hydroksietyyliselluloosa, polysorbaatti 20, alkoholin denat., fenoksietanoli, etyyliheksyyliglyseriini, mentha piperita (piparminttu) \u00f6ljy, limoneeni, linalooli, mentoli, maitohappo.<\/p>","protected":false},"excerpt":{"rendered":"<p data-start=\"0\" data-end=\"452\"><strong data-start=\"16\" data-end=\"56\">Super Orgasmi Stop Gel<\/strong> Miesten intiimigeeli, joka on suunniteltu antamaan sinulle enemm\u00e4n kontrollia intiimeiss\u00e4 hetkiss\u00e4 ja <strong data-start=\"139\" data-end=\"173\">auttaa viivytt\u00e4m\u00e4\u00e4n siemensy\u00f6ksy\u00e4<\/strong>. Kaava, jossa on <strong data-start=\"186\" data-end=\"221\">mentoli ja piparminttu\u00f6ljy<\/strong> luo miellytt\u00e4v\u00e4n viilent\u00e4v\u00e4n tunteen, joka voi muuttaa \u00e4rsytt\u00e4vien aineiden tunnetta, kun taas geelin koostumus itsess\u00e4\u00e4n levittyy miellytt\u00e4v\u00e4sti ja sopii herkille alueille. Yhteensopiva kondomien kanssa ja sit\u00e4 voidaan k\u00e4ytt\u00e4\u00e4 yhdess\u00e4 muiden liukuvoiteiden kanssa.<\/p>\n<p data-start=\"454\" data-end=\"750\"><strong data-start=\"454\" data-end=\"477\">Miksi valita<\/strong><br data-start=\"477\" data-end=\"480\" \/><strong data-start=\"480\" data-end=\"486\">\u2714\ufe0f<\/strong> Auttaa viiv\u00e4stytt\u00e4m\u00e4\u00e4n siemensy\u00f6ksy\u00e4 ja antaa paremman hallinnan tunteen.<br data-start=\"555\" data-end=\"558\" \/><strong data-start=\"558\" data-end=\"564\">\u2714\ufe0f<\/strong> Mentolin ja piparminttun viilent\u00e4v\u00e4 tunne.<br data-start=\"606\" data-end=\"609\" \/><strong data-start=\"609\" data-end=\"615\">\u2714\ufe0f<\/strong> K\u00e4tev\u00e4 geelin koostumus helpottaa jakelua<br data-start=\"664\" data-end=\"667\" \/><strong data-start=\"667\" data-end=\"673\">\u2714\ufe0f<\/strong> Yhteensopiva kondomien kanssa<br data-start=\"703\" data-end=\"706\" \/><strong data-start=\"706\" data-end=\"712\">\u2714\ufe0f<\/strong> Voidaan k\u00e4ytt\u00e4\u00e4 muiden voiteluaineiden kanssa<\/p>","protected":false},"featured_media":44477,"comment_status":"open","ping_status":"closed","template":"","meta":{"_acf_changed":true},"product_brand":[406],"product_cat":[276,57,277],"product_tag":[],"class_list":{"0":"post-44476","1":"product","2":"type-product","3":"status-publish","4":"has-post-thumbnail","6":"product_brand-medica-group","7":"product_cat-seksualinei-sveikatai","8":"product_cat-akcijos","9":"product_cat-vyrams","11":"first","12":"instock","13":"sale","14":"shipping-taxable","15":"purchasable","16":"product-type-simple"},"acf":[],"tiered_pricing_type":"fixed","tiered_pricing_fixed_rules":[],"tiered_pricing_product_settings":{"layout":"default","base_unit_name":{"singular":null,"plural":null},"default_variation":null},"tiered_pricing_minimum_quantity":null,"tiered_pricing_roles_data":[],"tiered_pricing_percentage_rules":[],"_links":{"self":[{"href":"https:\/\/purama.lt\/fi\/wp-json\/wp\/v2\/product\/44476","targetHints":{"allow":["GET"]}}],"collection":[{"href":"https:\/\/purama.lt\/fi\/wp-json\/wp\/v2\/product"}],"about":[{"href":"https:\/\/purama.lt\/fi\/wp-json\/wp\/v2\/types\/product"}],"replies":[{"embeddable":true,"href":"https:\/\/purama.lt\/fi\/wp-json\/wp\/v2\/comments?post=44476"}],"wp:featuredmedia":[{"embeddable":true,"href":"https:\/\/purama.lt\/fi\/wp-json\/wp\/v2\/media\/44477"}],"wp:attachment":[{"href":"https:\/\/purama.lt\/fi\/wp-json\/wp\/v2\/media?parent=44476"}],"wp:term":[{"taxonomy":"product_brand","embeddable":true,"href":"https:\/\/purama.lt\/fi\/wp-json\/wp\/v2\/product_brand?post=44476"},{"taxonomy":"product_cat","embeddable":true,"href":"https:\/\/purama.lt\/fi\/wp-json\/wp\/v2\/product_cat?post=44476"},{"taxonomy":"product_tag","embeddable":true,"href":"https:\/\/purama.lt\/fi\/wp-json\/wp\/v2\/product_tag?post=44476"}],"curies":[{"name":"wp","href":"https:\/\/api.w.org\/{rel}","templated":true}]}}