{"id":43905,"date":"2025-12-18T16:12:04","date_gmt":"2025-12-18T14:12:04","guid":{"rendered":"https:\/\/purama.lt\/produktas\/wally-and-whiz-vyno-guminuku-kaledinis-rinkinys-saldi-istorija\/"},"modified":"2026-03-10T11:23:44","modified_gmt":"2026-03-10T09:23:44","slug":"wally-ja-whiz-viinipurukumit-joulusarja-makea-tarina","status":"publish","type":"product","link":"https:\/\/purama.lt\/fi\/produktas\/wally-and-whiz-vyno-guminuku-kaledinis-rinkinys-saldi-istorija\/","title":{"rendered":"Wally ja Whiz Viinikarkkien makea tarina"},"content":{"rendered":"<p><strong>Ainesosat<\/strong><br>glukoosisiirappi, sokeri, muunnettu t\u00e4rkkelys (gluteeniton vehn\u00e4, maissi, peruna), hapot (maitohappo, sitruunahappo), luontainen aromi, tomusokeri (sokeri, perunat\u00e4rkkelys), v\u00e4ri (mustaporkkanakonsentraatti), jauhe (hedelm\u00e4tee, vanilja), kuorruteaine (karnaubavaha).<\/p>","protected":false},"excerpt":{"rendered":"<p data-start=\"0\" data-end=\"411\"><strong data-start=\"16\" data-end=\"83\">Wally ja Whiz - Tanskalainen Winegum joululahjapakkaus Winter Fairy (Talvikeiju)<\/strong> juhlava setti tanskalaisia viinipurukumipurkkeja, joissa on <strong data-start=\"131\" data-end=\"178\">kaksi makujen kaksikkoa, jotka sopivat yhteen<\/strong>. Aromijauheella p\u00e4\u00e4llystetyt pehme\u00e4t kuutiot antavat herk\u00e4n rakenteen ja voimakkaamman ensivaikutelman, kun taas toinen maku paljastuu sis\u00e4lt\u00e4. T\u00e4m\u00e4 vegaaninen, gluteeniton makeinen sopii lahjaksi ja mukavaan jakamiseen talvikaudella.<\/p>\n<p data-start=\"413\" data-end=\"657\"><strong data-start=\"413\" data-end=\"436\">Miksi valita<\/strong><br data-start=\"436\" data-end=\"439\" \/><strong data-start=\"439\" data-end=\"445\">\u2714\ufe0f<\/strong> kaksi tasapainoista makukaksikkoa yhdess\u00e4 lahjapakkauksessa<br data-start=\"499\" data-end=\"502\" \/><strong data-start=\"502\" data-end=\"508\">\u2714\ufe0f<\/strong> vegaaninen koostumus<br data-start=\"526\" data-end=\"529\" \/><strong data-start=\"529\" data-end=\"535\">\u2714\ufe0f<\/strong> gluteeniton<br data-start=\"546\" data-end=\"549\" \/><strong data-start=\"549\" data-end=\"555\">\u2714\ufe0f<\/strong> luonnollinen maku- ja v\u00e4riprofiili<br data-start=\"591\" data-end=\"594\" \/><strong data-start=\"594\" data-end=\"600\">\u2714\ufe0f<\/strong> pehme\u00e4, pureskeltava rakenne ja makujauhe kuutioilla.<\/p>","protected":false},"featured_media":43907,"comment_status":"open","ping_status":"closed","template":"","meta":{"_acf_changed":false},"product_brand":[462],"product_cat":[393],"product_tag":[],"class_list":{"0":"post-43905","1":"product","2":"type-product","3":"status-publish","4":"has-post-thumbnail","6":"product_brand-wally-and-whiz","7":"product_cat-dovanu-rinkiniai","9":"first","10":"instock","11":"shipping-taxable","12":"purchasable","13":"product-type-simple"},"acf":[],"tiered_pricing_type":"fixed","tiered_pricing_fixed_rules":[],"tiered_pricing_product_settings":{"layout":"default","base_unit_name":{"singular":null,"plural":null},"default_variation":null},"tiered_pricing_minimum_quantity":null,"tiered_pricing_roles_data":[],"tiered_pricing_percentage_rules":[],"_links":{"self":[{"href":"https:\/\/purama.lt\/fi\/wp-json\/wp\/v2\/product\/43905","targetHints":{"allow":["GET"]}}],"collection":[{"href":"https:\/\/purama.lt\/fi\/wp-json\/wp\/v2\/product"}],"about":[{"href":"https:\/\/purama.lt\/fi\/wp-json\/wp\/v2\/types\/product"}],"replies":[{"embeddable":true,"href":"https:\/\/purama.lt\/fi\/wp-json\/wp\/v2\/comments?post=43905"}],"wp:featuredmedia":[{"embeddable":true,"href":"https:\/\/purama.lt\/fi\/wp-json\/wp\/v2\/media\/43907"}],"wp:attachment":[{"href":"https:\/\/purama.lt\/fi\/wp-json\/wp\/v2\/media?parent=43905"}],"wp:term":[{"taxonomy":"product_brand","embeddable":true,"href":"https:\/\/purama.lt\/fi\/wp-json\/wp\/v2\/product_brand?post=43905"},{"taxonomy":"product_cat","embeddable":true,"href":"https:\/\/purama.lt\/fi\/wp-json\/wp\/v2\/product_cat?post=43905"},{"taxonomy":"product_tag","embeddable":true,"href":"https:\/\/purama.lt\/fi\/wp-json\/wp\/v2\/product_tag?post=43905"}],"curies":[{"name":"wp","href":"https:\/\/api.w.org\/{rel}","templated":true}]}}