{"id":43904,"date":"2025-12-18T16:12:02","date_gmt":"2025-12-18T14:12:02","guid":{"rendered":"https:\/\/purama.lt\/produktas\/donotage-milteliai-suresleep-tikras-miegas\/"},"modified":"2026-03-31T13:36:16","modified_gmt":"2026-03-31T11:36:16","slug":"donotage-jauhe-suresleep-todellinen-uni","status":"publish","type":"product","link":"https:\/\/purama.lt\/fi\/produktas\/donotage-milteliai-suresleep-tikras-miegas\/","title":{"rendered":"DoNotAge SureSleep jauhe"},"content":{"rendered":"<p><strong>Kulutus<\/strong><br>Sekoita 1 annos veteen ja ota noin 30-60 minuuttia ennen nukkumaanmenoa.<br>Suositellaan otettavaksi illalla, johdonmukaisesti osana iltarutiinia.<br>Jos k\u00e4yt\u00e4t reseptil\u00e4\u00e4kkeit\u00e4, olet raskaana tai imet\u00e4t - kysy neuvoa terveydenhuollon ammattilaiselta ennen k\u00e4ytt\u00f6\u00e4; ei lapsille.<\/p>\n\n\n\n<p><strong>Ainesosat<\/strong><br>magnesiumglysinaatti, magnesiumsitraatti, l-tryptofaani, prunus cerasus -uute, l-teaniini, luonnollinen kirsikka-aromi.<\/p>\n\n\n\n<p><strong>Elintarvikkeiden k\u00e4sittelytodistus:&nbsp;<\/strong>69MTSPA-667<\/p>\n\n\n\n<h3 class=\"wp-block-heading\">Lis\u00e4\u00e4 DoNotAge tuotteita<\/h3>\n\n\n\n<p>Katso koko <strong>DoNotAge<\/strong> Purama.lt - voimassa nyt <strong>-10% alennus<\/strong>:<\/p>\n\n\n\n<p><a href=\"https:\/\/purama.lt\/fi\/tuoteselosteet\/donotage\/\">Per\u017ei\u016br\u0117ti DoNotAge asortiment\u0105<\/a><\/p>\n\n\n\n<p><\/p>","protected":false},"excerpt":{"rendered":"<p data-start=\"0\" data-end=\"726\"><strong data-start=\"16\" data-end=\"41\">DoNotAge - SureSleep<\/strong>\u00a0on jauhemainen ilta-unen tukivalmiste, joka on suunniteltu auttamaan sinua nukahtamaan paremmin ja saamaan paremman y\u00f6unen ilman \u201eraskasta\u201c tunnetta aamulla. Siin\u00e4 yhdistyv\u00e4t magnesiumin kaksi muotoa (glyserinaatti ja sitraatti), L-teaniini, L-tryptofaani ja hapankirsikkauute (Prunus cerasus), kun taas <strong data-start=\"314\" data-end=\"341\">luonnollinen kirsikan maku<\/strong> helpottaa p\u00e4ivitt\u00e4ist\u00e4 k\u00e4ytt\u00f6\u00e4. Kaava on suunniteltu tukemaan <strong data-start=\"399\" data-end=\"422\">uni-valverytmi<\/strong>, hermoston rentoutuminen ja y\u00f6llinen palautuminen; L-teaniini liittyy alfa-aivoaaltojen toimintaan ja L-tryptofaani luonnollisiin serotoniini- ja melatoniinireitteihin. Tuotteen v\u00e4itet\u00e4\u00e4n olevan vegaaninen, GMO-vapaa, vapaa yleisimmist\u00e4 allergeeneista, vapaa keinotekoisista lis\u00e4aineista, tiukka laadunvalvonta.<\/p>\n<p data-start=\"728\" data-end=\"1064\"><strong data-start=\"728\" data-end=\"751\">Miksi valita<\/strong><br data-start=\"751\" data-end=\"754\" \/><strong data-start=\"754\" data-end=\"760\">\u2714\ufe0f<\/strong> useiden aktiivisten ainesosien yhdistelm\u00e4 illan rentoutumiseen ja unen laatuun.<br data-start=\"838\" data-end=\"841\" \/><strong data-start=\"841\" data-end=\"847\">\u2714\ufe0f<\/strong> magnesiumglysinaatti ja -sitraatti - hermoston tasapainottamiseen ja rauhalliseen iltarutiiniin.<br data-start=\"928\" data-end=\"931\" \/><strong data-start=\"931\" data-end=\"937\">\u2714\ufe0f<\/strong> Hapankirsikkauute - luonnollisen unirytmin tukemiseen.<br data-start=\"1004\" data-end=\"1007\" \/><strong data-start=\"1007\" data-end=\"1013\">\u2714\ufe0f<\/strong> Vegaaninen, GMO-vapaa ja ilman keinotekoisia lis\u00e4aineita.<\/p>","protected":false},"featured_media":43911,"comment_status":"open","ping_status":"closed","template":"","meta":{"_acf_changed":false},"product_brand":[242],"product_cat":[123,57,271,270,269],"product_tag":[],"class_list":{"0":"post-43904","1":"product","2":"type-product","3":"status-publish","4":"has-post-thumbnail","6":"product_brand-donotage","7":"product_cat-papildai-ilgaamziskumui","8":"product_cat-akcijos","9":"product_cat-miego-kokybe","10":"product_cat-streso-mazinimas","11":"product_cat-stresui-ir-miegui","13":"first","14":"instock","15":"sale","16":"shipping-taxable","17":"purchasable","18":"product-type-simple"},"acf":[],"tiered_pricing_type":"fixed","tiered_pricing_fixed_rules":[],"tiered_pricing_product_settings":{"layout":"default","base_unit_name":{"singular":null,"plural":null},"default_variation":null},"tiered_pricing_minimum_quantity":null,"tiered_pricing_roles_data":[],"tiered_pricing_percentage_rules":[],"_links":{"self":[{"href":"https:\/\/purama.lt\/fi\/wp-json\/wp\/v2\/product\/43904","targetHints":{"allow":["GET"]}}],"collection":[{"href":"https:\/\/purama.lt\/fi\/wp-json\/wp\/v2\/product"}],"about":[{"href":"https:\/\/purama.lt\/fi\/wp-json\/wp\/v2\/types\/product"}],"replies":[{"embeddable":true,"href":"https:\/\/purama.lt\/fi\/wp-json\/wp\/v2\/comments?post=43904"}],"wp:featuredmedia":[{"embeddable":true,"href":"https:\/\/purama.lt\/fi\/wp-json\/wp\/v2\/media\/43911"}],"wp:attachment":[{"href":"https:\/\/purama.lt\/fi\/wp-json\/wp\/v2\/media?parent=43904"}],"wp:term":[{"taxonomy":"product_brand","embeddable":true,"href":"https:\/\/purama.lt\/fi\/wp-json\/wp\/v2\/product_brand?post=43904"},{"taxonomy":"product_cat","embeddable":true,"href":"https:\/\/purama.lt\/fi\/wp-json\/wp\/v2\/product_cat?post=43904"},{"taxonomy":"product_tag","embeddable":true,"href":"https:\/\/purama.lt\/fi\/wp-json\/wp\/v2\/product_tag?post=43904"}],"curies":[{"name":"wp","href":"https:\/\/api.w.org\/{rel}","templated":true}]}}