{"id":43440,"date":"2025-12-10T08:42:38","date_gmt":"2025-12-10T06:42:38","guid":{"rendered":"https:\/\/purama.lt\/produktas\/medica-group-stiprios-erekcijos-5-menesiu-kursas\/"},"modified":"2026-03-18T13:43:50","modified_gmt":"2026-03-18T11:43:50","slug":"medica-group-vahva-erektio-5-kuukauden-kurssi","status":"publish","type":"product","link":"https:\/\/purama.lt\/fi\/produktas\/medica-group-stiprios-erekcijos-5-menesiu-kursas\/","title":{"rendered":"MEDICA GROUP BigErection Vahva erektio 5 kuukauden kurssi"},"content":{"rendered":"<p><strong>Kulutus<\/strong><br>Aikuisille miehille 1 kapseli 2 kertaa p\u00e4iv\u00e4ss\u00e4 pienen vesim\u00e4\u00e4r\u00e4n kanssa.<br>\u00c4l\u00e4 ylit\u00e4 2 kapselia p\u00e4iv\u00e4ss\u00e4 ja suositeltua vuorokausiannosta; ravintolis\u00e4 ei korvaa monipuolista ja tasapainoista ruokavaliota ja terveellisi\u00e4 el\u00e4m\u00e4ntapoja.<br>S\u00e4ilyt\u00e4 lasten ulottumattomissa, \u00e4l\u00e4 k\u00e4yt\u00e4, jos olet yliherkk\u00e4 jollekin ainesosalle.<\/p>\n\n\n\n<p><strong>Ainesosat<\/strong><br>L-arginiini, gelatiini, ginsengijuuriuute 4:1, macajuuriuute 4:1, sarsaparillajuuriuute 4:1, muskottipuun siemenuute 20:1, mustakaurauute 10:1, t\u00e4yteaine: mikrokiteinen selluloosa.<\/p>\n\n\n\n<p><strong>Elintarvikkeiden k\u00e4sittelytodistus:\u00a0<\/strong>69MTSPA-667<\/p>","protected":false},"excerpt":{"rendered":"<p data-start=\"0\" data-end=\"613\"><strong data-start=\"16\" data-end=\"47\">Medica-Group - Suuri erektio<\/strong> on miehille tarkoitettu ravintolis\u00e4, joka on suunniteltu lis\u00e4\u00e4m\u00e4\u00e4n kasviuutteita ja L-arginiinia p\u00e4ivitt\u00e4iseen ruokavalioon tukemaan seksuaalista kest\u00e4vyytt\u00e4 ja erektiotoimintaa. Se sis\u00e4lt\u00e4\u00e4 macaa, amerikkalaista ginsengi\u00e4, tribulusta, sarsaparillaa ja kauraruohoa, ja se on perinteisesti yhdistetty miesten energian, fyysisen suorituskyvyn ja verenkierron tukemiseen. L-arginiini on hyvin tutkittu aminohappo, josta elimist\u00f6 tuottaa typpioksidia, joka on mukana normaalissa verenkierrossa, joten t\u00e4m\u00e4 yhdistelm\u00e4 on ihanteellinen miehille, jotka haluavat pit\u00e4\u00e4 johdonmukaisesti huolta intiimist\u00e4 terveydest\u00e4\u00e4n.<\/p>\n<p data-start=\"615\" data-end=\"1009\"><strong data-start=\"615\" data-end=\"638\">Miksi valita<\/strong><br data-start=\"638\" data-end=\"641\" \/><strong data-start=\"641\" data-end=\"647\">\u2714\ufe0f<\/strong> Erityisesti miehille suunniteltu lis\u00e4ravinne, joka tukee erektiotoimintaa ja seksuaalista kest\u00e4vyytt\u00e4.<br data-start=\"738\" data-end=\"741\" \/><strong data-start=\"741\" data-end=\"747\">\u2714\ufe0f<\/strong> Yhdistelm\u00e4 useita tiivistettyj\u00e4 kasviuutteita yhdess\u00e4 kapselissa.<br data-start=\"812\" data-end=\"815\" \/><strong data-start=\"815\" data-end=\"821\">\u2714\ufe0f<\/strong> T\u00e4ydennetty L-arginiinilla, joka on verenkiertoa tukeva v\u00e4ltt\u00e4m\u00e4t\u00f6n aminohappo.<br data-start=\"889\" data-end=\"892\" \/><strong data-start=\"892\" data-end=\"898\">\u2714\ufe0f<\/strong> Soveltuu pidemp\u00e4\u00e4n ja johdonmukaiseen k\u00e4ytt\u00f6\u00f6n.<br data-start=\"943\" data-end=\"946\" \/><strong data-start=\"946\" data-end=\"952\">\u2714\ufe0f<\/strong> K\u00e4tev\u00e4 kapselimuoto, joka on helppo sis\u00e4llytt\u00e4\u00e4 p\u00e4ivitt\u00e4iseen rutiiniin.<\/p>","protected":false},"featured_media":43445,"comment_status":"open","ping_status":"closed","template":"","meta":{"_acf_changed":true},"product_brand":[406],"product_cat":[276,57,277],"product_tag":[],"class_list":{"0":"post-43440","1":"product","2":"type-product","3":"status-publish","4":"has-post-thumbnail","6":"product_brand-medica-group","7":"product_cat-seksualinei-sveikatai","8":"product_cat-akcijos","9":"product_cat-vyrams","11":"first","12":"instock","13":"sale","14":"shipping-taxable","15":"purchasable","16":"product-type-simple"},"acf":[],"tiered_pricing_type":"fixed","tiered_pricing_fixed_rules":[],"tiered_pricing_product_settings":{"layout":"default","base_unit_name":{"singular":null,"plural":null},"default_variation":null},"tiered_pricing_minimum_quantity":null,"tiered_pricing_roles_data":[],"tiered_pricing_percentage_rules":[],"_links":{"self":[{"href":"https:\/\/purama.lt\/fi\/wp-json\/wp\/v2\/product\/43440","targetHints":{"allow":["GET"]}}],"collection":[{"href":"https:\/\/purama.lt\/fi\/wp-json\/wp\/v2\/product"}],"about":[{"href":"https:\/\/purama.lt\/fi\/wp-json\/wp\/v2\/types\/product"}],"replies":[{"embeddable":true,"href":"https:\/\/purama.lt\/fi\/wp-json\/wp\/v2\/comments?post=43440"}],"wp:featuredmedia":[{"embeddable":true,"href":"https:\/\/purama.lt\/fi\/wp-json\/wp\/v2\/media\/43445"}],"wp:attachment":[{"href":"https:\/\/purama.lt\/fi\/wp-json\/wp\/v2\/media?parent=43440"}],"wp:term":[{"taxonomy":"product_brand","embeddable":true,"href":"https:\/\/purama.lt\/fi\/wp-json\/wp\/v2\/product_brand?post=43440"},{"taxonomy":"product_cat","embeddable":true,"href":"https:\/\/purama.lt\/fi\/wp-json\/wp\/v2\/product_cat?post=43440"},{"taxonomy":"product_tag","embeddable":true,"href":"https:\/\/purama.lt\/fi\/wp-json\/wp\/v2\/product_tag?post=43440"}],"curies":[{"name":"wp","href":"https:\/\/api.w.org\/{rel}","templated":true}]}}