{"id":43439,"date":"2025-12-10T08:42:37","date_gmt":"2025-12-10T06:42:37","guid":{"rendered":"https:\/\/purama.lt\/produktas\/medica-group-varpos-didinimo-5-menesiu-kursas\/"},"modified":"2026-03-18T13:42:36","modified_gmt":"2026-03-18T11:42:36","slug":"medica-group-penis-laajentuminen-5-kuukauden-kurssi","status":"publish","type":"product","link":"https:\/\/purama.lt\/fi\/produktas\/medica-group-varpos-didinimo-5-menesiu-kursas\/","title":{"rendered":"MEDICA GROUP BiggerSize Peniksen laajentuminen 5 kuukauden kurssi"},"content":{"rendered":"<p><strong>Kulutus<\/strong><br>Aikuisille miehille suositellaan 1 kapseli\u00e4 2 kertaa p\u00e4iv\u00e4ss\u00e4 veden kanssa. \u00c4l\u00e4 ylit\u00e4 2 kapselia p\u00e4iv\u00e4ss\u00e4. Ravintolis\u00e4\u00e4 ei tule k\u00e4ytt\u00e4\u00e4 monipuolisen ja tasapainoisen ruokavalion ja terveellisten el\u00e4m\u00e4ntapojen korvikkeena. S\u00e4ilyt\u00e4 lasten ulottumattomissa. Jos k\u00e4yt\u00e4t diabetesl\u00e4\u00e4kkeit\u00e4 tai muita reseptil\u00e4\u00e4kkeit\u00e4, neuvottele l\u00e4\u00e4k\u00e4risi kanssa ravintolis\u00e4n ottamisesta.<\/p>\n\n\n\n<p><strong>Ainesosat<\/strong><br>maca-juuriuute (4:1), amerikan ginseng-juuri-uute (4:1), tribulus terrestriksen siemenuute (20:1), sarsaparilla-juuri-uute (4:1), l-arginiini, mustakauran yrttiuute (10:1), gelatiini, mikrokiteinen selluloosa, titaanidioksidi.<\/p>\n\n\n\n<p><strong>Elintarvikkeiden k\u00e4sittelytodistus:\u00a0<\/strong>69MTSPA-667<\/p>","protected":false},"excerpt":{"rendered":"<p data-start=\"0\" data-end=\"728\"><strong data-start=\"16\" data-end=\"64\">Medica-Group - BiggerSize ravintolis\u00e4<\/strong> on miehille tarkoitettu ravintolis\u00e4, jossa yhdistyv\u00e4t macan, amerikkalaisen ginsengin, tribulus terrestriksen, sarsaparillan, mustan kauran ja l-arginiinin uutteet, jotka auttavat t\u00e4ydent\u00e4m\u00e4\u00e4n ruokavaliota ravintoaineilla, jotka liittyv\u00e4t energian, verenkierron ja seksuaalitoimintojen tukemiseen. S\u00e4\u00e4nn\u00f6llinen k\u00e4ytt\u00f6 voi auttaa yll\u00e4pit\u00e4m\u00e4\u00e4n kest\u00e4vyytt\u00e4, v\u00e4hent\u00e4m\u00e4\u00e4n v\u00e4symyksen tunnetta intiimeiss\u00e4 hetkiss\u00e4 ja lis\u00e4\u00e4m\u00e4\u00e4n itseluottamusta. Kaava perustuu aminohappo l-arginiinin ja ginsengin hyvin tutkittuun yhdistelm\u00e4\u00e4n, jota k\u00e4ytet\u00e4\u00e4n laajalti tuotteissa, jotka on suunniteltu tukemaan normaalia verenkiertoa ja fyysist\u00e4 suorituskyky\u00e4.<\/p>\n<p data-start=\"730\" data-end=\"1176\"><strong data-start=\"730\" data-end=\"753\">Miksi valita<\/strong><br data-start=\"753\" data-end=\"756\" \/><strong data-start=\"756\" data-end=\"762\">\u2714\ufe0f<\/strong> Luonnolliset maca-, ginseng-, tribulus- ja muut yrttiuutteet tukevat miehen elinvoimaa.<br data-start=\"851\" data-end=\"854\" \/><strong data-start=\"854\" data-end=\"860\">\u2714\ufe0f<\/strong> L-arginiini - aminohappo, joka liittyy normaaliin verisuonten toimintaan.<br data-start=\"942\" data-end=\"945\" \/><strong data-start=\"945\" data-end=\"951\">\u2714\ufe0f<\/strong> Voidaan yhdist\u00e4\u00e4 koulutukseen ja muihin toimenpiteisiin intiimiterveydest\u00e4 huolehtimiseksi.<br data-start=\"1035\" data-end=\"1038\" \/><strong data-start=\"1038\" data-end=\"1044\">\u2714\ufe0f<\/strong> K\u00e4tev\u00e4 kapselimuoto p\u00e4ivitt\u00e4iseen rutiiniin<br data-start=\"1084\" data-end=\"1087\" \/><strong data-start=\"1087\" data-end=\"1093\">\u2714\ufe0f<\/strong> Ei sis\u00e4ll\u00e4 sokeria, keinotekoisia v\u00e4riaineita ja makuaineita<\/p>","protected":false},"featured_media":43444,"comment_status":"open","ping_status":"closed","template":"","meta":{"_acf_changed":false},"product_brand":[406],"product_cat":[276,57,277],"product_tag":[],"class_list":{"0":"post-43439","1":"product","2":"type-product","3":"status-publish","4":"has-post-thumbnail","6":"product_brand-medica-group","7":"product_cat-seksualinei-sveikatai","8":"product_cat-akcijos","9":"product_cat-vyrams","11":"first","12":"instock","13":"sale","14":"shipping-taxable","15":"purchasable","16":"product-type-simple"},"acf":[],"tiered_pricing_type":"fixed","tiered_pricing_fixed_rules":[],"tiered_pricing_product_settings":{"layout":"default","base_unit_name":{"singular":null,"plural":null},"default_variation":null},"tiered_pricing_minimum_quantity":null,"tiered_pricing_roles_data":[],"tiered_pricing_percentage_rules":[],"_links":{"self":[{"href":"https:\/\/purama.lt\/fi\/wp-json\/wp\/v2\/product\/43439","targetHints":{"allow":["GET"]}}],"collection":[{"href":"https:\/\/purama.lt\/fi\/wp-json\/wp\/v2\/product"}],"about":[{"href":"https:\/\/purama.lt\/fi\/wp-json\/wp\/v2\/types\/product"}],"replies":[{"embeddable":true,"href":"https:\/\/purama.lt\/fi\/wp-json\/wp\/v2\/comments?post=43439"}],"wp:featuredmedia":[{"embeddable":true,"href":"https:\/\/purama.lt\/fi\/wp-json\/wp\/v2\/media\/43444"}],"wp:attachment":[{"href":"https:\/\/purama.lt\/fi\/wp-json\/wp\/v2\/media?parent=43439"}],"wp:term":[{"taxonomy":"product_brand","embeddable":true,"href":"https:\/\/purama.lt\/fi\/wp-json\/wp\/v2\/product_brand?post=43439"},{"taxonomy":"product_cat","embeddable":true,"href":"https:\/\/purama.lt\/fi\/wp-json\/wp\/v2\/product_cat?post=43439"},{"taxonomy":"product_tag","embeddable":true,"href":"https:\/\/purama.lt\/fi\/wp-json\/wp\/v2\/product_tag?post=43439"}],"curies":[{"name":"wp","href":"https:\/\/api.w.org\/{rel}","templated":true}]}}