{"id":43221,"date":"2025-12-05T13:41:35","date_gmt":"2025-12-05T11:41:35","guid":{"rendered":"https:\/\/purama.lt\/produktas\/purama-dovanu-kuponas-75-eur\/"},"modified":"2026-01-05T13:07:27","modified_gmt":"2026-01-05T11:07:27","slug":"purama-lahjakortti-75-e","status":"publish","type":"product","link":"https:\/\/purama.lt\/fi\/produktas\/purama-dovanu-kuponas-75-eur\/","title":{"rendered":"Purama-lahjakortti \u20ac75"},"content":{"rendered":"<p><strong>Miten lahjakorttia k\u00e4ytet\u00e4\u00e4n<\/strong><\/p>\n\n\n\n<ol class=\"wp-block-list\">\n<li>Valitse haluamasi tavarat ja&nbsp;<strong>laita ne ostoskoriin<\/strong>.<\/li>\n\n\n\n<li>Siirry osoitteeseen&nbsp;<strong>ostoskori<\/strong>&nbsp;tai&nbsp;<strong>kassa<\/strong>&nbsp;sivu.<\/li>\n\n\n\n<li>Kent\u00e4ll\u00e4&nbsp;<strong>\u201eAlennuskoodi\u201c \/ \u201eKuponkikoodi\u201c<\/strong>&nbsp;kirjoita lahjakortissa oleva koodi.<\/li>\n\n\n\n<li>Klikkaa&nbsp;<strong>\u201eK\u00e4yt\u00e4 kuponkia\u201c<\/strong>&nbsp;- kupongin arvo v\u00e4hennet\u00e4\u00e4n automaattisesti ostoksistasi.<\/li>\n\n\n\n<li>Jos korin kokonaism\u00e4\u00e4r\u00e4&nbsp;<strong>ylitt\u00e4\u00e4 arvosetelin arvon<\/strong>, Kun j\u00e4rjestelm\u00e4 on soveltanut alennusta, voit maksaa loppusumman valitsemallasi maksutavalla.<\/li>\n<\/ol>\n\n\n\n<p>Kuponkikoodi voimassa vain&nbsp;<strong>tilausta kohti<\/strong>, Jotta saat lahjakorttisi arvosta kaiken irti, suosittelemme, ett\u00e4 lis\u00e4\u00e4t kaikki haluamasi tuotteet ostoskoriin ennen kassalle menoa.<\/p>\n\n\n\n<p><strong>Lahjakortin k\u00e4ytt\u00f6\u00e4 koskevat s\u00e4\u00e4nn\u00f6t<\/strong><\/p>\n\n\n\n<ol class=\"wp-block-list\">\n<li><strong>Lahjakortti on s\u00e4hk\u00f6inen lahjakortti.<\/strong>, maksaa tavaroita verkkokaupassamme.<\/li>\n\n\n\n<li><strong>Arvosetelin nimellisarvoa ei voi jakaa.<\/strong>&nbsp;useisiin arvoltaan pienempiin arvoseteleihin.<\/li>\n\n\n\n<li><strong>Kuponki on kertaluonteinen.<\/strong>&nbsp;Kun kuponkikoodi on k\u00e4ytetty ostosten maksamiseen, kuponki katsotaan k\u00e4ytetyksi ja se mit\u00e4t\u00f6ityy riippumatta siit\u00e4, kuinka paljon sit\u00e4 on todellisuudessa k\u00e4ytetty.<\/li>\n\n\n\n<li><strong>Kuponkia ei voi lunastaa k\u00e4teisell\u00e4, eik\u00e4 sit\u00e4 voi palauttaa.<\/strong>&nbsp;Kupongin arvon ja varauksen summan v\u00e4list\u00e4 erotusta ei palauteta, eik\u00e4 sit\u00e4 voi k\u00e4ytt\u00e4\u00e4 my\u00f6hemmin.<\/li>\n\n\n\n<li><strong>T\u00e4t\u00e4 lahjakorttia ei voi k\u00e4ytt\u00e4\u00e4 muiden lahjakorttien ostamiseen.<\/strong><\/li>\n\n\n\n<li><strong>Kupongin voimassaolo - 3 kuukautta<\/strong>&nbsp;hankintap\u00e4iv\u00e4st\u00e4 alkaen. Kuponki mit\u00e4t\u00f6ityy automaattisesti, kun sen voimassaolo p\u00e4\u00e4ttyy.<\/li>\n\n\n\n<li><strong>Jos ostosten m\u00e4\u00e4r\u00e4 ylitt\u00e4\u00e4 lahjakortin arvon,<\/strong>&nbsp;Asiakas voi maksaa maksamatta olevan summan valitsemallaan maksutavalla.<\/li>\n\n\n\n<li><strong>Jos ostosten m\u00e4\u00e4r\u00e4 on pienempi kuin arvosetelin arvo,<\/strong>&nbsp;Erotusta ei palauteta, eik\u00e4 sit\u00e4 voi k\u00e4ytt\u00e4\u00e4 toiseen tilaukseen - suosittelemme, ett\u00e4 lis\u00e4\u00e4t ostoskoriin riitt\u00e4v\u00e4sti tuotteita, jotta saat kupongin arvon hy\u00f6dynnetty\u00e4 mahdollisimman hyvin.<\/li>\n<\/ol>","protected":false},"excerpt":{"rendered":"<p><strong>Anna rakkaallesi<\/strong> mahdollisuus ottaa terveys, energia ja pitk\u00e4ik\u00e4isyys haltuun. <strong data-start=\"91\" data-end=\"133\">Purama-lahjakortit 20-300 \u20ac.<\/strong> - Se on joustava ja huomaavainen lahja, jonka saaja voi r\u00e4\u00e4t\u00e4l\u00f6id\u00e4 omien tarpeidensa mukaan: pienest\u00e4 terveysrituaalista koko monikuukautiseen pitk\u00e4ik\u00e4isyyskurssiin.<\/p>\n<p>Vastaanottaja pystyy valitsemaan t\u00e4rkeimm\u00e4t. <strong data-start=\"664\" data-end=\"740\">pitk\u00e4ik\u00e4isyys, energia, unen laatu, immuniteetti, kauneus tai yleinen hyvinvointi.<\/strong> tuotteet<strong> Puraman koko alueesta<\/strong> - ilman arvailujen ja \u201etykk\u00e4\u00e4misen\/ep\u00e4tykk\u00e4\u00e4misen\u201c riski\u00e4.<\/p>\n<p>S\u00e4hk\u00f6inen lahjakortti saapuu k\u00e4tev\u00e4sti s\u00e4hk\u00f6postiisi, ja sen voi tulostaa ja jakaa fyysisesti tai l\u00e4hett\u00e4\u00e4 tyylikk\u00e4\u00e4n\u00e4 digitaalisena lahjana muutamassa sekunnissa. Se on k\u00e4yt\u00e4nn\u00f6llinen, moderni ja silti hyvin henkil\u00f6kohtainen valinta, kun haluat huolehtia paitsi t\u00e4st\u00e4 p\u00e4iv\u00e4st\u00e4 my\u00f6s huomisesta.<\/p>","protected":false},"featured_media":43233,"comment_status":"open","ping_status":"closed","template":"","meta":{"_acf_changed":false},"product_brand":[],"product_cat":[473],"product_tag":[],"class_list":{"0":"post-43221","1":"product","2":"type-product","3":"status-publish","4":"has-post-thumbnail","6":"product_cat-dovanu-kuponai","8":"first","9":"instock","10":"downloadable","11":"virtual","12":"purchasable","13":"product-type-simple"},"acf":[],"tiered_pricing_type":"fixed","tiered_pricing_fixed_rules":[],"tiered_pricing_product_settings":{"layout":"default","base_unit_name":{"singular":null,"plural":null},"default_variation":null},"tiered_pricing_minimum_quantity":null,"tiered_pricing_roles_data":[],"tiered_pricing_percentage_rules":[],"_links":{"self":[{"href":"https:\/\/purama.lt\/fi\/wp-json\/wp\/v2\/product\/43221","targetHints":{"allow":["GET"]}}],"collection":[{"href":"https:\/\/purama.lt\/fi\/wp-json\/wp\/v2\/product"}],"about":[{"href":"https:\/\/purama.lt\/fi\/wp-json\/wp\/v2\/types\/product"}],"replies":[{"embeddable":true,"href":"https:\/\/purama.lt\/fi\/wp-json\/wp\/v2\/comments?post=43221"}],"wp:featuredmedia":[{"embeddable":true,"href":"https:\/\/purama.lt\/fi\/wp-json\/wp\/v2\/media\/43233"}],"wp:attachment":[{"href":"https:\/\/purama.lt\/fi\/wp-json\/wp\/v2\/media?parent=43221"}],"wp:term":[{"taxonomy":"product_brand","embeddable":true,"href":"https:\/\/purama.lt\/fi\/wp-json\/wp\/v2\/product_brand?post=43221"},{"taxonomy":"product_cat","embeddable":true,"href":"https:\/\/purama.lt\/fi\/wp-json\/wp\/v2\/product_cat?post=43221"},{"taxonomy":"product_tag","embeddable":true,"href":"https:\/\/purama.lt\/fi\/wp-json\/wp\/v2\/product_tag?post=43221"}],"curies":[{"name":"wp","href":"https:\/\/api.w.org\/{rel}","templated":true}]}}