{"id":42809,"date":"2025-11-24T09:02:04","date_gmt":"2025-11-24T07:02:04","guid":{"rendered":"https:\/\/purama.lt\/produktas\/dr-ohhira-geriamas-metinis-jurinio-kolageno-kursas\/"},"modified":"2026-04-23T07:26:11","modified_gmt":"2026-04-23T05:26:11","slug":"tri-ohhira-suullinen-vuosittainen-merikollageenin-kurssi","status":"publish","type":"product","link":"https:\/\/purama.lt\/fi\/produktas\/dr-ohhira-geriamas-metinis-jurinio-kolageno-kursas\/","title":{"rendered":"DR.OHHIRA suullinen vuosittainen merikollageenin kurssi"},"content":{"rendered":"<p><strong>Kulutus<\/strong><br>Ota yksi pullo p\u00e4iv\u00e4ss\u00e4.<br>Sit\u00e4 suositellaan otettavaksi s\u00e4\u00e4nn\u00f6llisesti pitk\u00e4aikaisena kurssina.<br>Noudata pakkauksen ohjeita.<\/p>\n\n\n\n<p><strong>Ainesosat<\/strong><br>vesi, merikollageeni, kollageenitripeptidit, elastiini, hyaluronihappo, c-vitamiini, koentsyymi q10, fermentoitu kasviuute om-x, maitohappobakteerit.<\/p>\n\n\n\n<p><strong>Elintarvikkeiden k\u00e4sittelytodistus:&nbsp;<\/strong>69MTSPA-667<\/p>\n\n\n\n<p>Lue lis\u00e4\u00e4 kollageenista <a href=\"\/fi\/kolagenas-gidas\/\">kollageenioppaat<\/a>.<\/p>","protected":false},"excerpt":{"rendered":"<p data-start=\"185\" data-end=\"881\"><strong data-start=\"201\" data-end=\"253\">DR.OHHIRA - Collagen+ Marine Drink vuosikurssi<\/strong> T\u00e4m\u00e4 on <strong data-start=\"258\" data-end=\"301\">Suun kautta otettavan merikollageenin vuosittainen kurssi<\/strong>, ihon, hiusten ja kynsien pitk\u00e4aikaiseen hoitoon sis\u00e4lt\u00e4p\u00e4in. Pakkaus sis\u00e4lt\u00e4\u00e4 yksitt\u00e4isi\u00e4 pulloja ymp\u00e4rivuotiseen k\u00e4ytt\u00f6\u00f6n, mik\u00e4 tarjoaa k\u00e4tev\u00e4n ja johdonmukaisen ratkaisun p\u00e4ivitt\u00e4iseen kauneusrutiiniin. Kaavassa yhdistyv\u00e4t <strong data-start=\"516\" data-end=\"561\">alhaisen molekyylipainon merikollageeni<\/strong>, kollageenitripeptidit, elastiini, hyaluronihappo, C-vitamiini, koentsyymi Q10 ja <strong data-start=\"648\" data-end=\"690\">K\u00e4ynyt kasviuute OM-X<\/strong> maitohappobakteerien kanssa. C-vitamiini edist\u00e4\u00e4 ihon, luiden ja rustojen terveydelle t\u00e4rke\u00e4n kollageenin normaalia tuotantoa, ja sen nestem\u00e4inen muoto takaa helpon annostelun ja hyv\u00e4n imeytymisen.<\/p>\n<p data-start=\"883\" data-end=\"1180\"><strong data-start=\"883\" data-end=\"906\">Miksi valita<\/strong><br data-start=\"906\" data-end=\"909\" \/><strong data-start=\"909\" data-end=\"915\">\u2714\ufe0f<\/strong> Vuosikurssi - yksitt\u00e4isi\u00e4 pulloja koko vuodeksi.<br data-start=\"966\" data-end=\"969\" \/><strong data-start=\"969\" data-end=\"975\">\u2714\ufe0f<\/strong> Merikollageeni ja kollageenitripeptidit, joissa on elastiinia.<br data-start=\"1029\" data-end=\"1032\" \/><strong data-start=\"1032\" data-end=\"1038\">\u2714\ufe0f<\/strong> Sis\u00e4lt\u00e4\u00e4 hyaluronihappoa, C-vitamiinia ja Q10:t\u00e4.<br data-start=\"1085\" data-end=\"1088\" \/><strong data-start=\"1088\" data-end=\"1094\">\u2714\ufe0f<\/strong> K\u00e4ynyt OM-X kasviuute<br data-start=\"1133\" data-end=\"1136\" \/><strong data-start=\"1136\" data-end=\"1142\">\u2714\ufe0f<\/strong> Nestem\u00e4inen muoto - k\u00e4tev\u00e4 p\u00e4ivitt\u00e4iseen k\u00e4ytt\u00f6\u00f6n<\/p>","protected":false},"featured_media":42799,"comment_status":"open","ping_status":"closed","template":"","meta":{"_acf_changed":false},"product_brand":[421],"product_cat":[274,57,393,122,273,123],"product_tag":[],"class_list":{"0":"post-42809","1":"product","2":"type-product","3":"status-publish","4":"has-post-thumbnail","6":"product_brand-dr-ohhira","7":"product_cat-odos-jaunyste","8":"product_cat-akcijos","9":"product_cat-dovanu-idejos","10":"product_cat-lasteliu-jaunystei","11":"product_cat-odai-plaukams-nagams","12":"product_cat-papildai-ilgaamziskumui","14":"first","15":"instock","16":"sale","17":"shipping-taxable","18":"purchasable","19":"product-type-simple"},"acf":[],"tiered_pricing_type":"fixed","tiered_pricing_fixed_rules":[],"tiered_pricing_product_settings":{"layout":"default","base_unit_name":{"singular":null,"plural":null},"default_variation":null},"tiered_pricing_minimum_quantity":null,"tiered_pricing_roles_data":[],"tiered_pricing_percentage_rules":[],"_links":{"self":[{"href":"https:\/\/purama.lt\/fi\/wp-json\/wp\/v2\/product\/42809","targetHints":{"allow":["GET"]}}],"collection":[{"href":"https:\/\/purama.lt\/fi\/wp-json\/wp\/v2\/product"}],"about":[{"href":"https:\/\/purama.lt\/fi\/wp-json\/wp\/v2\/types\/product"}],"replies":[{"embeddable":true,"href":"https:\/\/purama.lt\/fi\/wp-json\/wp\/v2\/comments?post=42809"}],"wp:featuredmedia":[{"embeddable":true,"href":"https:\/\/purama.lt\/fi\/wp-json\/wp\/v2\/media\/42799"}],"wp:attachment":[{"href":"https:\/\/purama.lt\/fi\/wp-json\/wp\/v2\/media?parent=42809"}],"wp:term":[{"taxonomy":"product_brand","embeddable":true,"href":"https:\/\/purama.lt\/fi\/wp-json\/wp\/v2\/product_brand?post=42809"},{"taxonomy":"product_cat","embeddable":true,"href":"https:\/\/purama.lt\/fi\/wp-json\/wp\/v2\/product_cat?post=42809"},{"taxonomy":"product_tag","embeddable":true,"href":"https:\/\/purama.lt\/fi\/wp-json\/wp\/v2\/product_tag?post=42809"}],"curies":[{"name":"wp","href":"https:\/\/api.w.org\/{rel}","templated":true}]}}