{"id":42808,"date":"2025-11-24T09:02:03","date_gmt":"2025-11-24T07:02:03","guid":{"rendered":"https:\/\/purama.lt\/produktas\/more-ekologiskas-bulgarisku-roziu-tonikas-veidui-ir-plaukams\/"},"modified":"2026-04-14T09:42:00","modified_gmt":"2026-04-14T07:42:00","slug":"ekologisempi-bulgarialainen-ruusuvoide-kasvoille-ja-hiuksille","status":"publish","type":"product","link":"https:\/\/purama.lt\/fi\/produktas\/more-ekologiskas-bulgarisku-roziu-tonikas-veidui-ir-plaukams\/","title":{"rendered":"MORE Orgaaninen bulgarialainen ruusuvoide kasvoille ja hiuksille"},"content":{"rendered":"<p><strong>K\u00e4ytt\u00f6<\/strong><br>Suihkuta ruusuvett\u00e4 puhtaalle kasvojen tai vartalon iholle silm\u00e4t kiinni ja anna imeyty\u00e4 tai hiero kevyesti sormenp\u00e4ill\u00e4.<br>K\u00e4yt\u00e4 aamulla ja\/tai illalla kasvoveten\u00e4 ennen seerumia, voidetta tai suojakerrointa sek\u00e4 p\u00e4iv\u00e4ll\u00e4 virkist\u00e4m\u00e4\u00e4n ihoa.<br>Vain ulkoiseen k\u00e4ytt\u00f6\u00f6n.<\/p>\n\n\n\n<p><strong>Ainesosat<\/strong><br>rosa damascena -kukkavesi, laktobasillifermentti, sitronelloli, farnesoli, geranioli, ruusun kukka\u00f6ljy.<\/p>","protected":false},"excerpt":{"rendered":"<p data-start=\"0\" data-end=\"638\"><strong data-start=\"16\" data-end=\"47\">Lis\u00e4\u00e4 - Bulgarialainen ruusuvesi<\/strong> - Hell\u00e4varainen bulgarialainen ruusuvesi kasvoille ja vartalolle ihon ja hiusten p\u00e4ivitt\u00e4iseen hoitoon, virkist\u00e4miseen ja kiinteytt\u00e4miseen. Valmistettu k\u00e4sin poimituista ruusun kukista, se on ymp\u00e4rist\u00f6yst\u00e4v\u00e4llinen ja hell\u00e4varainen my\u00f6s herk\u00e4lle iholle. Auttaa poistamaan viimeisetkin ep\u00e4puhtaudet pesun j\u00e4lkeen, kosteuttaa ja valmistelee ihoa seerumia, p\u00e4iv\u00e4voidetta tai aurinkovoidetta varten. Kevyt sumu virkist\u00e4\u00e4 miellytt\u00e4v\u00e4sti p\u00e4iv\u00e4n aikana ja auttaa v\u00e4hent\u00e4m\u00e4\u00e4n venytyksen ja ep\u00e4mukavuuden tunnetta, ja hento ruusun tuoksu lis\u00e4\u00e4 raikkautta. Ruusuvett\u00e4 arvostetaan kosmetiikassa sen lempe\u00e4n rauhoittavan vaikutuksen ja sen kyvyn auttaa yll\u00e4pit\u00e4m\u00e4\u00e4n ihon kosteustasapainoa.<\/p>\n<p data-start=\"640\" data-end=\"1003\"><strong data-start=\"640\" data-end=\"663\">Miksi valita<\/strong><br data-start=\"663\" data-end=\"666\" \/>\u2714\ufe0f Orgaaninen bulgarialainen ruusuvesi, joka on valmistettu k\u00e4sin poimituista kukista.<br data-start=\"729\" data-end=\"732\" \/>\u2714\ufe0f Soveltuu kasvovedeksi kaikille ihotyypeille, my\u00f6s herk\u00e4lle ja akneen taipuvaiselle iholle.<br data-start=\"802\" data-end=\"805\" \/>\u2714\ufe0f Virkist\u00e4\u00e4, kosteuttaa ja valmistelee ihoa seerumeille, voiteille ja SPF-tuotteille.<br data-start=\"875\" data-end=\"878\" \/>\u2714\ufe0f Kevyt suihkumuoto k\u00e4tev\u00e4\u00e4n k\u00e4ytt\u00f6\u00f6n mihin aikaan p\u00e4iv\u00e4st\u00e4 tahansa.<br data-start=\"945\" data-end=\"948\" \/>\u2714\ufe0f Vegaaninen, mieto, alkoholiton tuote.<\/p>","protected":false},"featured_media":42803,"comment_status":"open","ping_status":"closed","template":"","meta":{"_acf_changed":true},"product_brand":[470],"product_cat":[92,500,304,305,220,59],"product_tag":[],"class_list":{"0":"post-42808","1":"product","2":"type-product","3":"status-publish","4":"has-post-thumbnail","6":"product_brand-more","7":"product_cat-groziui","8":"product_cat-outlet","9":"product_cat-plaukams","10":"product_cat-plauku-serumai","11":"product_cat-veido-tonikai","12":"product_cat-veidui","14":"first","15":"instock","16":"sale","17":"shipping-taxable","18":"purchasable","19":"product-type-simple"},"acf":[],"tiered_pricing_type":"fixed","tiered_pricing_fixed_rules":[],"tiered_pricing_product_settings":{"layout":"default","base_unit_name":{"singular":null,"plural":null},"default_variation":null},"tiered_pricing_minimum_quantity":null,"tiered_pricing_roles_data":[],"tiered_pricing_percentage_rules":[],"_links":{"self":[{"href":"https:\/\/purama.lt\/fi\/wp-json\/wp\/v2\/product\/42808","targetHints":{"allow":["GET"]}}],"collection":[{"href":"https:\/\/purama.lt\/fi\/wp-json\/wp\/v2\/product"}],"about":[{"href":"https:\/\/purama.lt\/fi\/wp-json\/wp\/v2\/types\/product"}],"replies":[{"embeddable":true,"href":"https:\/\/purama.lt\/fi\/wp-json\/wp\/v2\/comments?post=42808"}],"wp:featuredmedia":[{"embeddable":true,"href":"https:\/\/purama.lt\/fi\/wp-json\/wp\/v2\/media\/42803"}],"wp:attachment":[{"href":"https:\/\/purama.lt\/fi\/wp-json\/wp\/v2\/media?parent=42808"}],"wp:term":[{"taxonomy":"product_brand","embeddable":true,"href":"https:\/\/purama.lt\/fi\/wp-json\/wp\/v2\/product_brand?post=42808"},{"taxonomy":"product_cat","embeddable":true,"href":"https:\/\/purama.lt\/fi\/wp-json\/wp\/v2\/product_cat?post=42808"},{"taxonomy":"product_tag","embeddable":true,"href":"https:\/\/purama.lt\/fi\/wp-json\/wp\/v2\/product_tag?post=42808"}],"curies":[{"name":"wp","href":"https:\/\/api.w.org\/{rel}","templated":true}]}}