{"id":42807,"date":"2025-11-24T09:02:02","date_gmt":"2025-11-24T07:02:02","guid":{"rendered":"https:\/\/purama.lt\/produktas\/more-naturalus-bentonito-molis-veido-odai\/"},"modified":"2026-04-10T13:03:32","modified_gmt":"2026-04-10T11:03:32","slug":"enemman-luonnollista-bentoniittisavea-kasvojen-iholle","status":"publish","type":"product","link":"https:\/\/purama.lt\/fi\/produktas\/more-naturalus-bentonito-molis-veido-odai\/","title":{"rendered":"MORE luonnollinen bentoniittisavi kasvojen iholle"},"content":{"rendered":"<p><strong>K\u00e4ytt\u00f6<\/strong><br>Sekoita ei-metallisessa kulhossa 1-2 ruokalusikallista jauhettua savea ja 1-2 ruokalusikallista omenaviinietikkaa tai haaleaa vett\u00e4, kunnes muodostuu tasainen tahna. <br>Levit\u00e4 puhtaalle iholle halutuille alueille v\u00e4ltt\u00e4en silmien ja huulten aluetta ja huuhtele huolellisesti vedell\u00e4.<br>K\u00e4yt\u00e4 enint\u00e4\u00e4n 1-2 kertaa viikossa; vain ulkoiseen k\u00e4ytt\u00f6\u00f6n, liev\u00e4 pistely k\u00e4yt\u00f6n aikana on normaalia. <\/p>\n\n\n\n<p><strong>Ainesosat<\/strong><br>bentoniitti<\/p>","protected":false},"excerpt":{"rendered":"<p data-start=\"0\" data-end=\"670\"><strong data-start=\"16\" data-end=\"57\">Lis\u00e4\u00e4 - American Bentonite Clay Powder - amerikkalainen bentoniittisavijauhe<\/strong> - 100 % Luonnollinen kalsium-bentoniittisavijauhe kasvojen ja vartalon naamioihin, joka auttaa puhdistamaan ihon hell\u00e4varaisesti mutta syv\u00e4sti. Savessa on <strong data-start=\"187\" data-end=\"228\">eritt\u00e4in voimakas absorboiva vaikutus<\/strong>, Se auttaa poistamaan ylim\u00e4\u00e4r\u00e4isen \u00f6ljyn, lian ja pinnan ep\u00e4puhtaudet, jolloin iho n\u00e4ytt\u00e4\u00e4 puhtaammalta ja pehme\u00e4mm\u00e4lt\u00e4. Se on yhden ainesosan, lis\u00e4aineeton ja hajusteeton tuote, joka sopii DIY-naamioihin ja muihin ulkoisiin hoitoihin. Kalsiumbentoniittisavi on vulkaaninen mineraali, jolla on korkea pintaimeytymiskyky, ja siksi sit\u00e4 k\u00e4ytet\u00e4\u00e4n usein rasvoittuvalle ja ongelmalliselle iholle.<\/p>\n<p data-start=\"672\" data-end=\"1170\"><strong data-start=\"672\" data-end=\"695\">Miksi valita<\/strong><br data-start=\"695\" data-end=\"698\" \/>\u2714\ufe0f 100 % Kalsiumbentoniittisavi, ei sis\u00e4ll\u00e4 aromiaineita eik\u00e4 muita lis\u00e4aineita.\u00a0<br data-start=\"796\" data-end=\"799\" \/>\u2714\ufe0f Imeytt\u00e4\u00e4 ylim\u00e4\u00e4r\u00e4isen \u00f6ljyn ja ep\u00e4puhtaudet ja auttaa syv\u00e4puhdistamaan ihon.<br data-start=\"916\" data-end=\"919\" \/>\u2714\ufe0f J\u00e4tt\u00e4\u00e4 ihon pehme\u00e4ksi ja sile\u00e4ksi, puhtauden ja raikkauden tunteen.<br data-start=\"1024\" data-end=\"1027\" \/>\u2714\ufe0f Sopii kasvojen, vartalon tai p\u00e4\u00e4nahan naamioihin ja muihin ulkoisiin hoitoihin (vain ulkoiseen k\u00e4ytt\u00f6\u00f6n).<\/p>","protected":false},"featured_media":42800,"comment_status":"open","ping_status":"closed","template":"","meta":{"_acf_changed":true},"product_brand":[470],"product_cat":[92,142,56,59],"product_tag":[],"class_list":{"0":"post-42807","1":"product","2":"type-product","3":"status-publish","4":"has-post-thumbnail","6":"product_brand-more","7":"product_cat-groziui","8":"product_cat-veido-kaukes","9":"product_cat-veido-serumai","10":"product_cat-veidui","12":"first","13":"instock","14":"shipping-taxable","15":"purchasable","16":"product-type-simple"},"acf":[],"tiered_pricing_type":"fixed","tiered_pricing_fixed_rules":[],"tiered_pricing_product_settings":{"layout":"default","base_unit_name":{"singular":null,"plural":null},"default_variation":null},"tiered_pricing_minimum_quantity":null,"tiered_pricing_roles_data":[],"tiered_pricing_percentage_rules":[],"_links":{"self":[{"href":"https:\/\/purama.lt\/fi\/wp-json\/wp\/v2\/product\/42807","targetHints":{"allow":["GET"]}}],"collection":[{"href":"https:\/\/purama.lt\/fi\/wp-json\/wp\/v2\/product"}],"about":[{"href":"https:\/\/purama.lt\/fi\/wp-json\/wp\/v2\/types\/product"}],"replies":[{"embeddable":true,"href":"https:\/\/purama.lt\/fi\/wp-json\/wp\/v2\/comments?post=42807"}],"wp:featuredmedia":[{"embeddable":true,"href":"https:\/\/purama.lt\/fi\/wp-json\/wp\/v2\/media\/42800"}],"wp:attachment":[{"href":"https:\/\/purama.lt\/fi\/wp-json\/wp\/v2\/media?parent=42807"}],"wp:term":[{"taxonomy":"product_brand","embeddable":true,"href":"https:\/\/purama.lt\/fi\/wp-json\/wp\/v2\/product_brand?post=42807"},{"taxonomy":"product_cat","embeddable":true,"href":"https:\/\/purama.lt\/fi\/wp-json\/wp\/v2\/product_cat?post=42807"},{"taxonomy":"product_tag","embeddable":true,"href":"https:\/\/purama.lt\/fi\/wp-json\/wp\/v2\/product_tag?post=42807"}],"curies":[{"name":"wp","href":"https:\/\/api.w.org\/{rel}","templated":true}]}}