{"id":42806,"date":"2025-11-24T09:02:01","date_gmt":"2025-11-24T07:02:01","guid":{"rendered":"https:\/\/purama.lt\/produktas\/more-ekologiskas-argano-aliejus-plaukams-ir-odai\/"},"modified":"2026-04-14T09:42:00","modified_gmt":"2026-04-14T07:42:00","slug":"enemman-orgaanista-arganoljya-hiuksille-ja-iholle","status":"publish","type":"product","link":"https:\/\/purama.lt\/fi\/produktas\/more-ekologiskas-argano-aliejus-plaukams-ir-odai\/","title":{"rendered":"MORE Orgaaninen argan\u00f6ljy hiuksille ja iholle"},"content":{"rendered":"<p><strong>K\u00e4ytt\u00f6<\/strong><br>Lis\u00e4\u00e4 muutama tippa \u00f6ljy\u00e4 k\u00e4mmeniin, hiero k\u00e4tesi yhteen ja hiero kevyesti puhtaaseen ihoon kasvoilla, vartalolla tai hiusten p\u00e4iss\u00e4.<br>K\u00e4yt\u00e4 tarpeen mukaan p\u00e4ivitt\u00e4iseen hoitoon tai kosteutta ja pehmeytt\u00e4 lis\u00e4\u00e4v\u00e4n\u00e4 intensiivisen\u00e4 naamiona.<br>Vain ulkoiseen k\u00e4ytt\u00f6\u00f6n.<\/p>\n\n\n\n<p><strong>Ainesosat<\/strong><br>argania spinosa -ydin\u00f6ljy<\/p>","protected":false},"excerpt":{"rendered":"<p data-start=\"106\" data-end=\"749\"><strong data-start=\"122\" data-end=\"172\">Lis\u00e4\u00e4 - Argan\u00f6ljy | 100% Orgaaninen ja kylm\u00e4puristettu \u00f6ljy<\/strong> - 100 % Luonnollinen, luonnonmukainen ja kylm\u00e4puristettu marokkolainen argan\u00f6ljy kasvoille, vartalolle, hiuksille ja kynsille. Se ravitsee ja pehment\u00e4\u00e4 ihoa hell\u00e4varaisesti, auttaa s\u00e4ilytt\u00e4m\u00e4\u00e4n kosteutta ja tekee hiuksista kiilt\u00e4v\u00e4t ja pehme\u00e4t. \u00d6ljy imeytyy nopeasti eik\u00e4 paina, auttaa v\u00e4hent\u00e4m\u00e4\u00e4n kuivan ihon kiristyst\u00e4 ja karheutta. Se on yhden ainesosan tuote ilman hajusteita ja muita tarpeettomia lis\u00e4aineita, joka sopii useimmille ihotyypeille, erityisesti kuivalle ja kyps\u00e4lle iholle. Luonnostaan runsaasti E-vitamiinia ja antioksidantteja sis\u00e4lt\u00e4v\u00e4\u00e4 argan\u00f6ljy\u00e4 k\u00e4ytet\u00e4\u00e4n laajalti yll\u00e4pit\u00e4m\u00e4\u00e4n ihosulkua ja ihon kimmoisuutta.<\/p>\n<p data-start=\"751\" data-end=\"1114\"><strong data-start=\"751\" data-end=\"774\">Miksi valita<\/strong><br data-start=\"774\" data-end=\"777\" \/>\u2714\ufe0f 100 % Luomulaatuinen, kylm\u00e4puristettu, lis\u00e4aineeton Argan\u00f6ljy.<br data-start=\"838\" data-end=\"841\" \/>\u2714\ufe0f Sopii kasvoille, vartalolle, hiuksille ja kynsille - universaali tuote.<br data-start=\"905\" data-end=\"908\" \/>\u2714\ufe0f Imeytyy nopeasti, pehment\u00e4\u00e4 ja silottaa ihoa, j\u00e4tt\u00e4\u00e4 hiukset kiilt\u00e4viksi.<br data-start=\"984\" data-end=\"987\" data-is-only-node=\"\" \/>\u2714\ufe0f Ei sis\u00e4ll\u00e4 hajusteita, parabeeneja, silikoneja, sulfaatteja eik\u00e4 mineraali\u00f6ljyj\u00e4.<br data-start=\"1053\" data-end=\"1056\" \/>\u2714\ufe0f Sopii useimmille ihotyypeille, erityisesti kuivalle ja kyps\u00e4lle iholle.<\/p>","protected":false},"featured_media":42801,"comment_status":"open","ping_status":"closed","template":"","meta":{"_acf_changed":true},"product_brand":[470],"product_cat":[92,304,59],"product_tag":[],"class_list":{"0":"post-42806","1":"product","2":"type-product","3":"status-publish","4":"has-post-thumbnail","6":"product_brand-more","7":"product_cat-groziui","8":"product_cat-plaukams","9":"product_cat-veidui","11":"first","12":"instock","13":"shipping-taxable","14":"purchasable","15":"product-type-simple"},"acf":[],"tiered_pricing_type":"fixed","tiered_pricing_fixed_rules":[],"tiered_pricing_product_settings":{"layout":"default","base_unit_name":{"singular":null,"plural":null},"default_variation":null},"tiered_pricing_minimum_quantity":null,"tiered_pricing_roles_data":[],"tiered_pricing_percentage_rules":[],"_links":{"self":[{"href":"https:\/\/purama.lt\/fi\/wp-json\/wp\/v2\/product\/42806","targetHints":{"allow":["GET"]}}],"collection":[{"href":"https:\/\/purama.lt\/fi\/wp-json\/wp\/v2\/product"}],"about":[{"href":"https:\/\/purama.lt\/fi\/wp-json\/wp\/v2\/types\/product"}],"replies":[{"embeddable":true,"href":"https:\/\/purama.lt\/fi\/wp-json\/wp\/v2\/comments?post=42806"}],"wp:featuredmedia":[{"embeddable":true,"href":"https:\/\/purama.lt\/fi\/wp-json\/wp\/v2\/media\/42801"}],"wp:attachment":[{"href":"https:\/\/purama.lt\/fi\/wp-json\/wp\/v2\/media?parent=42806"}],"wp:term":[{"taxonomy":"product_brand","embeddable":true,"href":"https:\/\/purama.lt\/fi\/wp-json\/wp\/v2\/product_brand?post=42806"},{"taxonomy":"product_cat","embeddable":true,"href":"https:\/\/purama.lt\/fi\/wp-json\/wp\/v2\/product_cat?post=42806"},{"taxonomy":"product_tag","embeddable":true,"href":"https:\/\/purama.lt\/fi\/wp-json\/wp\/v2\/product_tag?post=42806"}],"curies":[{"name":"wp","href":"https:\/\/api.w.org\/{rel}","templated":true}]}}