{"id":42351,"date":"2025-11-14T15:14:20","date_gmt":"2025-11-14T13:14:20","guid":{"rendered":"https:\/\/purama.lt\/produktas\/medica-group-super-orgasm-stop-kapsules-rinkinys\/"},"modified":"2026-04-22T12:18:01","modified_gmt":"2026-04-22T10:18:01","slug":"medica-group-super-orgasmi-stop-kapselit-set","status":"publish","type":"product","link":"https:\/\/purama.lt\/fi\/produktas\/medica-group-super-orgasm-stop-kapsules-rinkinys\/","title":{"rendered":"MEDICA GROUP Super orgasmin pys\u00e4ytyskapselisarja"},"content":{"rendered":"<p><strong>Kulutus<\/strong><br>Ota 1 kapseli 2 kertaa p\u00e4iv\u00e4ss\u00e4 pienen vesim\u00e4\u00e4r\u00e4n kanssa.<br>Parhaiden tulosten saavuttamiseksi ota kapseleita s\u00e4\u00e4nn\u00f6llisesti koko 3 kuukauden kurssin ajan.<br>\u00c4l\u00e4 ylit\u00e4 suositeltua vuorokausiannosta; ravintolis\u00e4 ei korvaa tasapainoista ruokavaliota ja terveellisi\u00e4 el\u00e4m\u00e4ntapoja; s\u00e4ilyt\u00e4 lasten ulottumattomissa.<\/p>\n\n\n\n<p><strong>Ainesosat<\/strong><br>maca-uute, L-arginiini, liivate, sarsaparillauute, tribulus terrestris -uute, amerikkalainen ginsenguute, avena sativa -uute, mikrokiteinen selluloosa.<\/p>\n\n\n\n<p><strong>Elintarvikkeiden k\u00e4sittelytodistus:\u00a0<\/strong>69MTSPA-667<\/p>","protected":false},"excerpt":{"rendered":"<p data-start=\"0\" data-end=\"783\"><strong data-start=\"16\" data-end=\"60\">Medica-Group - SuperOrgasm Stop Kapselit<\/strong> Kit - kapselit suunniteltu erityisesti miehille t\u00e4ydellinen <strong data-start=\"128\" data-end=\"148\">3 kuukauden kurssi<\/strong> siemensy\u00f6ksyjen hallintaan ja tukemaan laadukkaampaa intiimi\u00e4 el\u00e4m\u00e4\u00e4. Pakkaus toimitetaan kolmessa erillisess\u00e4 pakkauksessa, joten saat kerralla koko kurssin tarvitsemasi m\u00e4\u00e4r\u00e4n ilman keskeytyksi\u00e4 ja lis\u00e4tilauksia. Kaavassa yhdistyv\u00e4t yrttiuutteet, aminohappo L-arginiini ja muut aktiiviset ainesosat, jotka tukevat normaalia verenkiertoa, seksuaalista kest\u00e4vyytt\u00e4, emotionaalista tasapainoa ja itseluottamusta. S\u00e4\u00e4nn\u00f6llinen k\u00e4ytt\u00f6 voi auttaa tekem\u00e4\u00e4n siemensy\u00f6ksyst\u00e4 hallittavampaa, auttaa nauttimaan l\u00e4heisyydest\u00e4 pidemp\u00e4\u00e4n ja v\u00e4hent\u00e4\u00e4 j\u00e4nnityst\u00e4 ennen yhdynt\u00e4\u00e4. L-arginiini osallistuu typpioksidin synteesiin, joka on t\u00e4rke\u00e4\u00e4 normaalin verenkierron yll\u00e4pit\u00e4miseksi.<\/p>\n<p data-start=\"785\" data-end=\"1282\"><strong data-start=\"785\" data-end=\"808\">Miksi valita<\/strong><br data-start=\"808\" data-end=\"811\" \/><strong data-start=\"811\" data-end=\"817\">\u2714\ufe0f<\/strong> T\u00e4ydellinen 3 kuukauden kurssi yhdess\u00e4 paketissa - 3 pakkausta per\u00e4kk\u00e4iseen k\u00e4ytt\u00f6\u00f6n.<br data-start=\"894\" data-end=\"897\" \/><strong data-start=\"897\" data-end=\"903\">\u2714\ufe0f<\/strong> Sis\u00e4lt\u00e4\u00e4 yrttiuutteita ja L-arginiinia tukemaan seksuaalista kest\u00e4vyytt\u00e4 ja energiaa.<br data-start=\"1007\" data-end=\"1010\" \/><strong data-start=\"1010\" data-end=\"1016\">\u2714\ufe0f<\/strong> Voi auttaa hallitsemaan paremmin siemensy\u00f6ksy\u00e4 ja nauttimaan intiimeist\u00e4 suhteista pidemp\u00e4\u00e4n.<br data-start=\"1096\" data-end=\"1099\" \/><strong data-start=\"1099\" data-end=\"1105\">\u2714\ufe0f<\/strong> Avena sativa- ja ginseng-uutteet auttavat yll\u00e4pit\u00e4m\u00e4\u00e4n emotionaalista tasapainoa ja yleist\u00e4 elinvoimaa.<br data-start=\"1200\" data-end=\"1203\" \/><strong data-start=\"1203\" data-end=\"1209\">\u2714\ufe0f<\/strong> K\u00e4tev\u00e4 kapselimuoto p\u00e4ivitt\u00e4iseen k\u00e4ytt\u00f6\u00f6n, helppo sis\u00e4llytt\u00e4\u00e4 rutiineihisi.<\/p>","protected":false},"featured_media":42356,"comment_status":"open","ping_status":"closed","template":"","meta":{"_acf_changed":true},"product_brand":[406],"product_cat":[276,57,277],"product_tag":[],"class_list":{"0":"post-42351","1":"product","2":"type-product","3":"status-publish","4":"has-post-thumbnail","6":"product_brand-medica-group","7":"product_cat-seksualinei-sveikatai","8":"product_cat-akcijos","9":"product_cat-vyrams","11":"first","12":"instock","13":"sale","14":"shipping-taxable","15":"purchasable","16":"product-type-simple"},"acf":[],"tiered_pricing_type":"fixed","tiered_pricing_fixed_rules":[],"tiered_pricing_product_settings":{"layout":"default","base_unit_name":{"singular":null,"plural":null},"default_variation":null},"tiered_pricing_minimum_quantity":null,"tiered_pricing_roles_data":[],"tiered_pricing_percentage_rules":[],"_links":{"self":[{"href":"https:\/\/purama.lt\/fi\/wp-json\/wp\/v2\/product\/42351","targetHints":{"allow":["GET"]}}],"collection":[{"href":"https:\/\/purama.lt\/fi\/wp-json\/wp\/v2\/product"}],"about":[{"href":"https:\/\/purama.lt\/fi\/wp-json\/wp\/v2\/types\/product"}],"replies":[{"embeddable":true,"href":"https:\/\/purama.lt\/fi\/wp-json\/wp\/v2\/comments?post=42351"}],"wp:featuredmedia":[{"embeddable":true,"href":"https:\/\/purama.lt\/fi\/wp-json\/wp\/v2\/media\/42356"}],"wp:attachment":[{"href":"https:\/\/purama.lt\/fi\/wp-json\/wp\/v2\/media?parent=42351"}],"wp:term":[{"taxonomy":"product_brand","embeddable":true,"href":"https:\/\/purama.lt\/fi\/wp-json\/wp\/v2\/product_brand?post=42351"},{"taxonomy":"product_cat","embeddable":true,"href":"https:\/\/purama.lt\/fi\/wp-json\/wp\/v2\/product_cat?post=42351"},{"taxonomy":"product_tag","embeddable":true,"href":"https:\/\/purama.lt\/fi\/wp-json\/wp\/v2\/product_tag?post=42351"}],"curies":[{"name":"wp","href":"https:\/\/api.w.org\/{rel}","templated":true}]}}