{"id":42350,"date":"2025-11-14T15:14:19","date_gmt":"2025-11-14T13:14:19","guid":{"rendered":"https:\/\/purama.lt\/produktas\/medica-group-krutu-didinimo-kapsules-rinkinys\/"},"modified":"2026-04-22T12:18:20","modified_gmt":"2026-04-22T10:18:20","slug":"medica-group-rintojen-parantaminen-kapselit-asetettu","status":"publish","type":"product","link":"https:\/\/purama.lt\/fi\/produktas\/medica-group-krutu-didinimo-kapsules-rinkinys\/","title":{"rendered":"MEDICA GROUP BiggerBust rintojen parannuskapseleiden sarja"},"content":{"rendered":"<p><strong>Kulutus<\/strong><br>On suositeltavaa ottaa 3 kapselia p\u00e4iv\u00e4ss\u00e4 runsaan veden kera.<br>Maksimaalisen vaikutuksen saavuttamiseksi kurssia on jatkettava v\u00e4hint\u00e4\u00e4n 3 kuukauden ajan ilman taukoa.<br>\u00c4l\u00e4 ylit\u00e4 m\u00e4\u00e4r\u00e4tty\u00e4 vuorokausiannosta; ravintolis\u00e4 ei korvaa tasapainoista ruokavaliota ja terveellisi\u00e4 el\u00e4m\u00e4ntapoja. Pid\u00e4 poissa lasten ulottuvilta.<\/p>\n\n\n\n<p><strong>Ainesosat<\/strong><br>humalauute, liivate, puna-apilauute (standardoitu 8 %-isoflavoniin), tattari, soija, maissi, ohra, ruis, omenakuitu, mikrokiteinen selluloosa, rasvahappojen magnesiumsuolat, piidioksidi.<\/p>\n\n\n\n<p><strong>Elintarvikkeiden k\u00e4sittelytodistus:\u00a0<\/strong>69MTSPA-667<\/p>","protected":false},"excerpt":{"rendered":"<p data-start=\"0\" data-end=\"690\"><strong data-start=\"16\" data-end=\"54\">Medica-Group - BiggerBust-kapselit<\/strong> Pakkaus on kapselisarja, joka on suunniteltu naisille, jotta he voivat johdonmukaisesti <strong data-start=\"117\" data-end=\"137\">3 kuukauden kurssi<\/strong> rintojen juonteiden ja rinnan alueen ihon kiinteyden hoitoon. Setti koostuu kolmesta pakkauksesta, joten voit ostaa koko kurssin yhdell\u00e4 ostokerralla ja k\u00e4ytt\u00e4\u00e4 sit\u00e4 jatkuvasti. Yrttiuutteet, kuten humala ja puna-apila, auttavat tukemaan naisellista kehityst\u00e4, ihon kimmoisuutta ja rintakeh\u00e4n kiinteytt\u00e4. S\u00e4\u00e4nn\u00f6llinen k\u00e4ytt\u00f6 voi edesauttaa t\u00e4ytel\u00e4isemm\u00e4n, sile\u00e4mm\u00e4n ja visuaalisesti kiinte\u00e4mm\u00e4n rinnan alueen syntymist\u00e4, kun taas kasviper\u00e4iset ainesosat tarjoavat hell\u00e4varaisen, ei-invasiivisen vaihtoehdon kauneushoidoille.<\/p>\n<p data-start=\"692\" data-end=\"1102\"><strong data-start=\"692\" data-end=\"715\">Miksi valita<\/strong><br data-start=\"715\" data-end=\"718\" \/>\u2714\ufe0f T\u00e4ydellinen 3 kuukauden kurssi - 3 pakkausta yhdess\u00e4 paketissa johdonmukaisia tuloksia varten.<br data-start=\"797\" data-end=\"800\" \/>\u2714\ufe0f Yrttiuutteet, mukaan lukien fytoestrogeenien l\u00e4hteet, tukemaan naisvartaloa.<br data-start=\"891\" data-end=\"894\" \/>\u2714\ufe0f Auttaa yll\u00e4pit\u00e4m\u00e4\u00e4n rintojen kimmoisuutta, s\u00e4vy\u00e4 ja kiinteytt\u00e4.<br data-start=\"972\" data-end=\"975\" \/>\u2714\ufe0f Luonnollinen, kapselimuodossa - ilman invasiivisia tai kirurgisia toimenpiteit\u00e4.<br data-start=\"1042\" data-end=\"1045\" \/>\u2714\ufe0f K\u00e4tev\u00e4 sis\u00e4llytt\u00e4\u00e4 p\u00e4ivitt\u00e4iseen kauneus- ja hyvinvointirutiiniin.<\/p>","protected":false},"featured_media":42355,"comment_status":"open","ping_status":"closed","template":"","meta":{"_acf_changed":true},"product_brand":[406],"product_cat":[276,57,278],"product_tag":[],"class_list":{"0":"post-42350","1":"product","2":"type-product","3":"status-publish","4":"has-post-thumbnail","6":"product_brand-medica-group","7":"product_cat-seksualinei-sveikatai","8":"product_cat-akcijos","9":"product_cat-moterims","11":"first","12":"instock","13":"sale","14":"shipping-taxable","15":"purchasable","16":"product-type-simple"},"acf":[],"tiered_pricing_type":"fixed","tiered_pricing_fixed_rules":[],"tiered_pricing_product_settings":{"layout":"default","base_unit_name":{"singular":null,"plural":null},"default_variation":null},"tiered_pricing_minimum_quantity":null,"tiered_pricing_roles_data":[],"tiered_pricing_percentage_rules":[],"_links":{"self":[{"href":"https:\/\/purama.lt\/fi\/wp-json\/wp\/v2\/product\/42350","targetHints":{"allow":["GET"]}}],"collection":[{"href":"https:\/\/purama.lt\/fi\/wp-json\/wp\/v2\/product"}],"about":[{"href":"https:\/\/purama.lt\/fi\/wp-json\/wp\/v2\/types\/product"}],"replies":[{"embeddable":true,"href":"https:\/\/purama.lt\/fi\/wp-json\/wp\/v2\/comments?post=42350"}],"wp:featuredmedia":[{"embeddable":true,"href":"https:\/\/purama.lt\/fi\/wp-json\/wp\/v2\/media\/42355"}],"wp:attachment":[{"href":"https:\/\/purama.lt\/fi\/wp-json\/wp\/v2\/media?parent=42350"}],"wp:term":[{"taxonomy":"product_brand","embeddable":true,"href":"https:\/\/purama.lt\/fi\/wp-json\/wp\/v2\/product_brand?post=42350"},{"taxonomy":"product_cat","embeddable":true,"href":"https:\/\/purama.lt\/fi\/wp-json\/wp\/v2\/product_cat?post=42350"},{"taxonomy":"product_tag","embeddable":true,"href":"https:\/\/purama.lt\/fi\/wp-json\/wp\/v2\/product_tag?post=42350"}],"curies":[{"name":"wp","href":"https:\/\/api.w.org\/{rel}","templated":true}]}}