{"id":42349,"date":"2025-11-14T15:14:18","date_gmt":"2025-11-14T13:14:18","guid":{"rendered":"https:\/\/purama.lt\/produktas\/medica-group-stiprios-erekcijos-kapsules-rinkinys\/"},"modified":"2026-04-22T12:18:29","modified_gmt":"2026-04-22T10:18:29","slug":"medica-group-vahva-erektio-kapselit-asetettu","status":"publish","type":"product","link":"https:\/\/purama.lt\/fi\/produktas\/medica-group-stiprios-erekcijos-kapsules-rinkinys\/","title":{"rendered":"MEDICA GROUP BigErection Vahva erektio kapselit Set"},"content":{"rendered":"<p><strong>Kulutus<\/strong><br>Ota 1 kapseli 2 kertaa p\u00e4iv\u00e4ss\u00e4 veden kanssa.<br>\u00c4l\u00e4 k\u00e4yt\u00e4 yli 2 kapselia p\u00e4iv\u00e4ss\u00e4; ravintolis\u00e4 ei korvaa tasapainoista ruokavaliota ja terveellisi\u00e4 el\u00e4m\u00e4ntapoja.<br>Ei suositella lapsille, raskaana oleville ja imett\u00e4ville naisille; ota yhteys l\u00e4\u00e4k\u00e4riin, jos k\u00e4yt\u00e4t antikoagulantteja tai diabetesl\u00e4\u00e4kkeit\u00e4.<\/p>\n\n\n\n<p><strong>Ainesosat:<\/strong>&nbsp;L-arginiini, liivate, amerikkalainen ginseng-uute, Maca-juuri-uute, sarsaparilla-juuri-uute, Tribulus Terrestris - siemenuute, Black Sativa - siemenuute, t\u00e4yteaine: mikrokiteinen selluloosa.<\/p>\n\n\n\n<p><strong>Elintarvikkeiden k\u00e4sittelytodistus:\u00a0<\/strong>69MTSPA-667<\/p>","protected":false},"excerpt":{"rendered":"<p data-start=\"0\" data-end=\"631\"><strong data-start=\"16\" data-end=\"55\">Medica-Group - BigErection kapselit<\/strong> t\u00e4ydellinen sarja on t\u00e4ydellinen <strong data-start=\"78\" data-end=\"98\">3 kuukauden kurssi<\/strong> miehille, jotka haluavat jatkuvasti yll\u00e4pit\u00e4\u00e4 vahvempia erektioita, kest\u00e4vyytt\u00e4 ja seksuaalista energiaa. Pakkaus koostuu kolmesta erillisest\u00e4 pakkauksesta, joten saat kerralla koko kurssin tarvitsemasi m\u00e4\u00e4r\u00e4n ilman keskeytyksi\u00e4 ja lis\u00e4tilauksia. Suurten L-arginiinipitoisuuksien ja kasviuutteiden yhdistelm\u00e4 auttaa tukemaan normaalia verenkiertoa, yleist\u00e4 elinvoimaa ja libidoa, ja s\u00e4\u00e4nn\u00f6llinen k\u00e4ytt\u00f6 voi edist\u00e4\u00e4 voimakkaampia tuntemuksia l\u00e4heisyyden aikana. Kaava perustuu hyvin tutkittuun L-arginiiniin ja standardoituihin uutteisiin jopa 20:1-pitoisuuteen asti.<\/p>\n<p data-start=\"633\" data-end=\"1132\"><strong data-start=\"633\" data-end=\"656\">Miksi valita<\/strong><br data-start=\"656\" data-end=\"659\" \/><strong data-start=\"659\" data-end=\"665\">\u2714\ufe0f<\/strong> T\u00e4ydellinen 3 kuukauden kurssi yhdess\u00e4 paketissa - 3 pakkausta per\u00e4kk\u00e4iseen k\u00e4ytt\u00f6\u00f6n.<br data-start=\"742\" data-end=\"745\" \/><strong data-start=\"745\" data-end=\"751\">\u2714\ufe0f<\/strong> L-arginiini ja kasviuutteet tukevat normaalia verenkiertoa, energiaa ja miehen elinvoimaa.<br data-start=\"856\" data-end=\"859\" \/><strong data-start=\"859\" data-end=\"865\">\u2714\ufe0f<\/strong> Auttaa yll\u00e4pit\u00e4m\u00e4\u00e4n erektiota, libidoa ja kest\u00e4vyytt\u00e4 intiimin yhdynn\u00e4n aikana.<br data-start=\"933\" data-end=\"936\" \/><strong data-start=\"936\" data-end=\"942\">\u2714\ufe0f<\/strong> Korkea aktiivisten ainesosien pitoisuus (jopa 20:1) k\u00e4teviss\u00e4 kapseleissa p\u00e4ivitt\u00e4iseen k\u00e4ytt\u00f6\u00f6n.<br data-start=\"1033\" data-end=\"1036\" \/><strong data-start=\"1036\" data-end=\"1042\">\u2714\ufe0f<\/strong> K\u00e4tev\u00e4sti yhdistettyn\u00e4 BigErection-geeliin tai muihin ulkoisiin toimenpiteisiin, jos niit\u00e4 k\u00e4ytet\u00e4\u00e4n.<\/p>","protected":false},"featured_media":42352,"comment_status":"open","ping_status":"closed","template":"","meta":{"_acf_changed":true},"product_brand":[406],"product_cat":[276,57,277],"product_tag":[],"class_list":{"0":"post-42349","1":"product","2":"type-product","3":"status-publish","4":"has-post-thumbnail","6":"product_brand-medica-group","7":"product_cat-seksualinei-sveikatai","8":"product_cat-akcijos","9":"product_cat-vyrams","11":"first","12":"instock","13":"sale","14":"shipping-taxable","15":"purchasable","16":"product-type-simple"},"acf":[],"tiered_pricing_type":"fixed","tiered_pricing_fixed_rules":[],"tiered_pricing_product_settings":{"layout":"default","base_unit_name":{"singular":null,"plural":null},"default_variation":null},"tiered_pricing_minimum_quantity":null,"tiered_pricing_roles_data":[],"tiered_pricing_percentage_rules":[],"_links":{"self":[{"href":"https:\/\/purama.lt\/fi\/wp-json\/wp\/v2\/product\/42349","targetHints":{"allow":["GET"]}}],"collection":[{"href":"https:\/\/purama.lt\/fi\/wp-json\/wp\/v2\/product"}],"about":[{"href":"https:\/\/purama.lt\/fi\/wp-json\/wp\/v2\/types\/product"}],"replies":[{"embeddable":true,"href":"https:\/\/purama.lt\/fi\/wp-json\/wp\/v2\/comments?post=42349"}],"wp:featuredmedia":[{"embeddable":true,"href":"https:\/\/purama.lt\/fi\/wp-json\/wp\/v2\/media\/42352"}],"wp:attachment":[{"href":"https:\/\/purama.lt\/fi\/wp-json\/wp\/v2\/media?parent=42349"}],"wp:term":[{"taxonomy":"product_brand","embeddable":true,"href":"https:\/\/purama.lt\/fi\/wp-json\/wp\/v2\/product_brand?post=42349"},{"taxonomy":"product_cat","embeddable":true,"href":"https:\/\/purama.lt\/fi\/wp-json\/wp\/v2\/product_cat?post=42349"},{"taxonomy":"product_tag","embeddable":true,"href":"https:\/\/purama.lt\/fi\/wp-json\/wp\/v2\/product_tag?post=42349"}],"curies":[{"name":"wp","href":"https:\/\/api.w.org\/{rel}","templated":true}]}}