{"id":42348,"date":"2025-11-14T15:14:17","date_gmt":"2025-11-14T13:14:17","guid":{"rendered":"https:\/\/purama.lt\/produktas\/medica-group-kapsules-varpos-didinimo-rinkinys\/"},"modified":"2026-04-22T12:18:33","modified_gmt":"2026-04-22T10:18:33","slug":"medica-group-penis-laajentumisen-kapselit-set","status":"publish","type":"product","link":"https:\/\/purama.lt\/fi\/produktas\/medica-group-kapsules-varpos-didinimui-rinkinys\/","title":{"rendered":"MEDICA GROUP BiggerSize Peniksen laajentumiskapseleiden sarja"},"content":{"rendered":"<p><strong>Kulutus<\/strong><br>Ota 1 kapseli 2 kertaa p\u00e4iv\u00e4ss\u00e4 veden kanssa.<br>\u00c4l\u00e4 ylit\u00e4 suositeltua p\u00e4iv\u00e4saantia, ravintolis\u00e4 ei korvaa monipuolista ja tasapainoista ruokavaliota.<br>Pid\u00e4 poissa lasten ulottuvilta; ei suositella lapsille, raskaana oleville ja imett\u00e4ville naisille. Ota yhteys l\u00e4\u00e4k\u00e4riin, jos k\u00e4yt\u00e4t veren hyytymist\u00e4 est\u00e4vi\u00e4 tai diabetesl\u00e4\u00e4kkeit\u00e4.<\/p>\n\n\n\n<p>&nbsp;L-arginiini, liivate, amerikkalainen ginseng-uute (4:1), Maca-juuriuute (4:1), sarsaparillajuuriuute (4:1), Tribulus Terrestris - siemenuute (20:1), mustakaurauute (10:1), t\u00e4yteaine: mikrokiteinen selluloosa.<\/p>\n\n\n\n<p><strong>Elintarvikkeiden k\u00e4sittelytodistus:\u00a0<\/strong>69MTSPA-667<\/p>","protected":false},"excerpt":{"rendered":"<p data-start=\"0\" data-end=\"764\"><strong data-start=\"16\" data-end=\"54\">Medica-Group - BiggerSize Kapselit<\/strong> Pakkaus on kolmen kuukauden kapselikurssi miehille, jotka haluavat jatkuvasti yll\u00e4pit\u00e4\u00e4 parempaa intiimi\u00e4 verenkiertoa, erektiota ja itseluottamusta. Pakkaus koostuu kolmesta pakkauksesta, joten koko kurssin voi ostaa k\u00e4tev\u00e4sti kerralla ilman keskeytyksi\u00e4 ja lis\u00e4tilauksia. Kapseleissa yhdistyv\u00e4t korkeat pitoisuudet kasviuutteita (jopa 20:1) ja L-arginiinia, jotka auttavat tukemaan kehon luonnollisia prosesseja, jotka liittyv\u00e4t verenkiertoon, energiaan, kest\u00e4vyyteen ja libidoon. Kaava voi osaltaan lis\u00e4t\u00e4 peniksen ymp\u00e4rysmittaa ja pituutta, parantaa tuntemuksia ja intiimi\u00e4 tyydytyst\u00e4. Tuote perustuu hyvin tutkittuun L-arginiiniin, joka osallistuu typpioksidin synteesiin ja auttaa yll\u00e4pit\u00e4m\u00e4\u00e4n normaalia verenkiertoa.<\/p>\n<p data-start=\"766\" data-end=\"1198\"><strong data-start=\"766\" data-end=\"789\">Miksi valita<\/strong><br data-start=\"789\" data-end=\"792\" \/>\u2714\ufe0f 3 kuukauden kurssi yhdess\u00e4 paketissa - 3 pakkausta per\u00e4kk\u00e4iseen k\u00e4ytt\u00f6\u00f6n.<br data-start=\"868\" data-end=\"871\" data-is-only-node=\"\" \/>\u2714\ufe0f Eritt\u00e4in tiivistetyt yrttiuutteet ja L-arginiini tukevat miesten intiimi\u00e4 toimintaa.<br data-start=\"967\" data-end=\"970\" \/>\u2714\ufe0f Saattaa edist\u00e4\u00e4 muutoksia peniksen ymp\u00e4rysmitassa ja pituudessa sek\u00e4 vahvempia erektioita.<br data-start=\"1050\" data-end=\"1053\" \/>\u2714\ufe0f Auttaa tuntemaan olosi energisemm\u00e4ksi, tukee kest\u00e4vyytt\u00e4 ja libidoa.<br data-start=\"1110\" data-end=\"1113\" \/>\u2714\ufe0f K\u00e4tev\u00e4 yhdist\u00e4\u00e4 pumppuihin tai muihin mekaanisiin laitteisiin, jos niit\u00e4 k\u00e4ytet\u00e4\u00e4n.<\/p>","protected":false},"featured_media":42353,"comment_status":"open","ping_status":"closed","template":"","meta":{"_acf_changed":false},"product_brand":[406],"product_cat":[276,57,277],"product_tag":[],"class_list":{"0":"post-42348","1":"product","2":"type-product","3":"status-publish","4":"has-post-thumbnail","6":"product_brand-medica-group","7":"product_cat-seksualinei-sveikatai","8":"product_cat-akcijos","9":"product_cat-vyrams","11":"first","12":"instock","13":"sale","14":"shipping-taxable","15":"purchasable","16":"product-type-simple"},"acf":[],"tiered_pricing_type":"fixed","tiered_pricing_fixed_rules":[],"tiered_pricing_product_settings":{"layout":"default","base_unit_name":{"singular":null,"plural":null},"default_variation":null},"tiered_pricing_minimum_quantity":null,"tiered_pricing_roles_data":[],"tiered_pricing_percentage_rules":[],"_links":{"self":[{"href":"https:\/\/purama.lt\/fi\/wp-json\/wp\/v2\/product\/42348","targetHints":{"allow":["GET"]}}],"collection":[{"href":"https:\/\/purama.lt\/fi\/wp-json\/wp\/v2\/product"}],"about":[{"href":"https:\/\/purama.lt\/fi\/wp-json\/wp\/v2\/types\/product"}],"replies":[{"embeddable":true,"href":"https:\/\/purama.lt\/fi\/wp-json\/wp\/v2\/comments?post=42348"}],"wp:featuredmedia":[{"embeddable":true,"href":"https:\/\/purama.lt\/fi\/wp-json\/wp\/v2\/media\/42353"}],"wp:attachment":[{"href":"https:\/\/purama.lt\/fi\/wp-json\/wp\/v2\/media?parent=42348"}],"wp:term":[{"taxonomy":"product_brand","embeddable":true,"href":"https:\/\/purama.lt\/fi\/wp-json\/wp\/v2\/product_brand?post=42348"},{"taxonomy":"product_cat","embeddable":true,"href":"https:\/\/purama.lt\/fi\/wp-json\/wp\/v2\/product_cat?post=42348"},{"taxonomy":"product_tag","embeddable":true,"href":"https:\/\/purama.lt\/fi\/wp-json\/wp\/v2\/product_tag?post=42348"}],"curies":[{"name":"wp","href":"https:\/\/api.w.org\/{rel}","templated":true}]}}