{"id":42347,"date":"2025-11-14T15:14:16","date_gmt":"2025-11-14T13:14:16","guid":{"rendered":"https:\/\/purama.lt\/produktas\/donotage-grynas-fisetinas\/"},"modified":"2026-04-14T14:29:28","modified_gmt":"2026-04-14T12:29:28","slug":"donotage-puhdas-fisetiini","status":"publish","type":"product","link":"https:\/\/purama.lt\/fi\/produktas\/donotage-grynas-fisetinas\/","title":{"rendered":"DoNotAge Pure Fisetin kapselit (366 kapselia)"},"content":{"rendered":"<p><strong>Elintarvikkeiden k\u00e4sittelytodistus:&nbsp;<\/strong>69MTSPA-667<\/p>\n\n\n\n<p><strong>Kulutus<\/strong><br>2 kapselia p\u00e4iv\u00e4ss\u00e4 ruoan ja rasvan l\u00e4hteen kanssa, mieluiten aamulla tai aikaisin iltap\u00e4iv\u00e4ll\u00e4.<br>Jos k\u00e4yt\u00e4t reseptil\u00e4\u00e4kkeit\u00e4 tai sinulla on jokin sairaus, ota yhteys terveydenhuollon ammattilaiseen ennen k\u00e4ytt\u00f6\u00e4.<br>Raskauden tai imetyksen aikana ja lapsille - k\u00e4yt\u00e4 vain l\u00e4\u00e4k\u00e4rin kanssa neuvoteltuasi.<\/p>\n\n\n\n<p><strong>Ainesosat<\/strong><br>fisetiini, hypromelloosi (hpmc)<\/p>","protected":false},"excerpt":{"rendered":"<p data-start=\"0\" data-end=\"550\"><strong data-start=\"16\" data-end=\"47\">Puhdas fisetiini<\/strong> Ravintolis\u00e4 kapseleina, joissa on <strong data-start=\"78\" data-end=\"96\">puhdas fisetiini<\/strong> - kasviper\u00e4inen flavonoidi, jota on tutkittu laajalti sen roolin vuoksi solujen ik\u00e4\u00e4ntymisprosesseissa. Puhdas formulaatio ilman tarpeettomia lis\u00e4aineita on suunniteltu p\u00e4ivitt\u00e4iseen k\u00e4ytt\u00f6\u00f6n, mik\u00e4 auttaa <strong data-start=\"302\" data-end=\"355\">yll\u00e4pit\u00e4\u00e4 solujen suojaa hapetusstressi\u00e4 vastaan<\/strong>, <strong data-start=\"357\" data-end=\"385\">terve tulehdusreaktio<\/strong>, kognitiiviset toiminnot ja yleinen pitk\u00e4n aikav\u00e4lin hyvinvointi. Kapselit ovat vegaanisia, GMO-vapaita, t\u00e4yteaineettomia ja s\u00e4il\u00f6nt\u00e4aineettomia, ja niiden laatu on tarkastettu tiukkojen tuotantostandardien mukaisesti.<\/p>\n<p data-start=\"552\" data-end=\"840\"><strong data-start=\"552\" data-end=\"575\">Miksi valita<\/strong><br data-start=\"575\" data-end=\"578\" \/><strong data-start=\"578\" data-end=\"584\">\u2714\ufe0f<\/strong> vain fisetiini ja kasvikapseli - ei t\u00e4yteaineita, sideaineita, s\u00e4il\u00f6nt\u00e4aineita.<br data-start=\"654\" data-end=\"657\" \/><strong data-start=\"657\" data-end=\"663\">\u2714\ufe0f<\/strong> vegaaninen ja GMO-vapaa kaava<br data-start=\"691\" data-end=\"694\" \/><strong data-start=\"694\" data-end=\"700\">\u2714\ufe0f<\/strong> suunniteltu p\u00e4ivitt\u00e4iseen k\u00e4ytt\u00f6\u00f6n, suositellaan k\u00e4ytett\u00e4v\u00e4ksi rasvanl\u00e4hteen kanssa.<br data-start=\"774\" data-end=\"777\" \/><strong data-start=\"777\" data-end=\"783\">\u2714\ufe0f<\/strong> laatu ja puhtaus tarkastetaan tiukkojen standardien mukaisesti<\/p>","protected":false},"featured_media":42354,"comment_status":"open","ping_status":"closed","template":"","meta":{"_acf_changed":false},"product_brand":[242],"product_cat":[122,257,500,123,249,256],"product_tag":[],"class_list":{"0":"post-42347","1":"product","2":"type-product","3":"status-publish","4":"has-post-thumbnail","6":"product_brand-donotage","7":"product_cat-lasteliu-jaunystei","8":"product_cat-atmintis-ir-demesys","9":"product_cat-outlet","10":"product_cat-papildai-ilgaamziskumui","11":"product_cat-senolitikai","12":"product_cat-smegenims-ir-atminciai","14":"first","15":"instock","16":"sale","17":"shipping-taxable","18":"purchasable","19":"product-type-simple"},"acf":[],"tiered_pricing_type":"fixed","tiered_pricing_fixed_rules":[],"tiered_pricing_product_settings":{"layout":"default","base_unit_name":{"singular":null,"plural":null},"default_variation":null},"tiered_pricing_minimum_quantity":null,"tiered_pricing_roles_data":[],"tiered_pricing_percentage_rules":[],"_links":{"self":[{"href":"https:\/\/purama.lt\/fi\/wp-json\/wp\/v2\/product\/42347","targetHints":{"allow":["GET"]}}],"collection":[{"href":"https:\/\/purama.lt\/fi\/wp-json\/wp\/v2\/product"}],"about":[{"href":"https:\/\/purama.lt\/fi\/wp-json\/wp\/v2\/types\/product"}],"replies":[{"embeddable":true,"href":"https:\/\/purama.lt\/fi\/wp-json\/wp\/v2\/comments?post=42347"}],"wp:featuredmedia":[{"embeddable":true,"href":"https:\/\/purama.lt\/fi\/wp-json\/wp\/v2\/media\/42354"}],"wp:attachment":[{"href":"https:\/\/purama.lt\/fi\/wp-json\/wp\/v2\/media?parent=42347"}],"wp:term":[{"taxonomy":"product_brand","embeddable":true,"href":"https:\/\/purama.lt\/fi\/wp-json\/wp\/v2\/product_brand?post=42347"},{"taxonomy":"product_cat","embeddable":true,"href":"https:\/\/purama.lt\/fi\/wp-json\/wp\/v2\/product_cat?post=42347"},{"taxonomy":"product_tag","embeddable":true,"href":"https:\/\/purama.lt\/fi\/wp-json\/wp\/v2\/product_tag?post=42347"}],"curies":[{"name":"wp","href":"https:\/\/api.w.org\/{rel}","templated":true}]}}