{"id":42125,"date":"2025-11-11T09:03:55","date_gmt":"2025-11-11T07:03:55","guid":{"rendered":"https:\/\/purama.lt\/produktas\/purama-vasko-plauku-piestukas\/"},"modified":"2026-04-14T09:42:00","modified_gmt":"2026-04-14T07:42:00","slug":"purama-vaha-hiuslisakkeet","status":"publish","type":"product","link":"https:\/\/purama.lt\/fi\/produktas\/purama-vasko-plauku-piestukas\/","title":{"rendered":"PURAMA vaha hiuskyn\u00e4"},"content":{"rendered":"<p><strong>K\u00e4ytt\u00f6<\/strong><br>&nbsp;Levit\u00e4 suoraan alueille, joita haluat hallita tai viimeistell\u00e4; k\u00e4yt\u00e4 sormiasi levitt\u00e4\u00e4ksesi tarpeen mukaan lis\u00e4\u00e4ksesi tekstuuria ja muotoa. Vain ulkoiseen k\u00e4ytt\u00f6\u00f6n; v\u00e4lt\u00e4 kosketusta silmiin. Lopeta k\u00e4ytt\u00f6, jos iho\u00e4rsytyst\u00e4 ilmenee; s\u00e4ilyt\u00e4 viile\u00e4ss\u00e4 ja kuivassa paikassa lasten ulottumattomissa.<br><strong>Ainesosat<\/strong><br>&nbsp;vaseliini, mikrokiteinen vaha, polyisobuteeni, kookos\u00f6ljyn peg-10 esterit, diatomimaa, maissit\u00e4rkkelys, piidioksidi, synteettinen vaha, parfum, butyrospermum parkii -voi, tokoferoli, persea gratissima (avokado) \u00f6ljy, argania spinosa -ydin\u00f6ljy.<\/p>\n\n\n\n<p><\/p>\n\n\n\n<p><\/p>","protected":false},"excerpt":{"rendered":"<p data-start=\"0\" data-end=\"628\"><strong data-start=\"16\" data-end=\"43\">Purama - Hiusvaha Stick<\/strong> Pienikokoinen vahakyn\u00e4 auttaa sinua hallitsemaan nopeasti k\u00e4rp\u00e4skarvoja ja vauvakarvoja, tasoittamaan \u00e4\u00e4riviivoja ja antamaan siistin ilmeen. Kyn\u00e4n muoto mahdollistaa <strong data-start=\"214\" data-end=\"232\">tarkka sovellus<\/strong> ilman tahmeutta ja valkoisia j\u00e4\u00e4mi\u00e4, kun taas mikrokiteinen vaha ja polyisobuteeni takaavat kiinnittymisen ja sileyden. Kaavan sis\u00e4lt\u00e4m\u00e4t karitevoi sek\u00e4 avokado- ja argan\u00f6ljyt pehment\u00e4v\u00e4t ja antavat hienovaraista kiiltoa. Sopii jokap\u00e4iv\u00e4iseen k\u00e4ytt\u00f6\u00f6n sek\u00e4 kiharoiden ett\u00e4 hienojen s\u00e4ikeiden muotoiluun. Perustuu laajalti k\u00e4ytettyjen vahojen ja \u00f6ljyjen yhdistelm\u00e4\u00e4n, joka auttaa tasoittamaan ja taltuttamaan kiharaa.<\/p>\n<p data-start=\"630\" data-end=\"904\"><strong data-start=\"630\" data-end=\"653\">Miksi valita<\/strong><br data-start=\"653\" data-end=\"656\" \/>\u2714\ufe0f K\u00e4tev\u00e4 lyijykyn\u00e4 tarkkaan levitykseen ja \u00e4\u00e4riviivojen tasoittamiseen.<br data-start=\"717\" data-end=\"720\" \/>\u2714\ufe0f Rauhoittaa nopeasti vauvojen hiukset ja lent\u00e4v\u00e4t s\u00e4ikeet.<br data-start=\"777\" data-end=\"780\" \/>\u2714\ufe0f Ei tahmea, kevyt koostumus, jossa on luonnollinen kiilto.<br data-start=\"830\" data-end=\"833\" data-is-only-node=\"\" \/>\u2714\ufe0f Hoitava koostumus, jossa on shea-, avokado- ja argan\u00f6ljy\u00e4.<\/p>","protected":false},"featured_media":42111,"comment_status":"open","ping_status":"closed","template":"","meta":{"_acf_changed":false},"product_brand":[405],"product_cat":[304,57,92],"product_tag":[],"class_list":{"0":"post-42125","1":"product","2":"type-product","3":"status-publish","4":"has-post-thumbnail","6":"product_brand-purama","7":"product_cat-plaukams","8":"product_cat-akcijos","9":"product_cat-groziui","11":"first","12":"instock","13":"sale","14":"shipping-taxable","15":"purchasable","16":"product-type-simple"},"acf":[],"tiered_pricing_type":"fixed","tiered_pricing_fixed_rules":[],"tiered_pricing_product_settings":{"layout":"default","base_unit_name":{"singular":null,"plural":null},"default_variation":null},"tiered_pricing_minimum_quantity":null,"tiered_pricing_roles_data":[],"tiered_pricing_percentage_rules":[],"_links":{"self":[{"href":"https:\/\/purama.lt\/fi\/wp-json\/wp\/v2\/product\/42125","targetHints":{"allow":["GET"]}}],"collection":[{"href":"https:\/\/purama.lt\/fi\/wp-json\/wp\/v2\/product"}],"about":[{"href":"https:\/\/purama.lt\/fi\/wp-json\/wp\/v2\/types\/product"}],"replies":[{"embeddable":true,"href":"https:\/\/purama.lt\/fi\/wp-json\/wp\/v2\/comments?post=42125"}],"wp:featuredmedia":[{"embeddable":true,"href":"https:\/\/purama.lt\/fi\/wp-json\/wp\/v2\/media\/42111"}],"wp:attachment":[{"href":"https:\/\/purama.lt\/fi\/wp-json\/wp\/v2\/media?parent=42125"}],"wp:term":[{"taxonomy":"product_brand","embeddable":true,"href":"https:\/\/purama.lt\/fi\/wp-json\/wp\/v2\/product_brand?post=42125"},{"taxonomy":"product_cat","embeddable":true,"href":"https:\/\/purama.lt\/fi\/wp-json\/wp\/v2\/product_cat?post=42125"},{"taxonomy":"product_tag","embeddable":true,"href":"https:\/\/purama.lt\/fi\/wp-json\/wp\/v2\/product_tag?post=42125"}],"curies":[{"name":"wp","href":"https:\/\/api.w.org\/{rel}","templated":true}]}}