{"id":42122,"date":"2025-11-11T09:03:53","date_gmt":"2025-11-11T07:03:53","guid":{"rendered":"https:\/\/purama.lt\/produktas\/wally-and-whiz-vyno-guminuku-kaledinis-rinkinys-sniego-pasaka\/"},"modified":"2026-04-22T12:20:11","modified_gmt":"2026-04-22T10:20:11","slug":"wally-ja-whiz-viini-purukumipisara-joulu-setti-lumi-keiju","status":"publish","type":"product","link":"https:\/\/purama.lt\/fi\/produktas\/wally-and-whiz-vyno-guminuku-kaledinis-rinkinys-sniego-pasaka\/","title":{"rendered":"Wally ja Whiz jouluviinin purukumipisara setti"},"content":{"rendered":"<p><strong>Kulutus<\/strong><br>Nauti suoraan pakkauksesta tai tarjoa jaettavaksi.<br>S\u00e4ilyt\u00e4 viile\u00e4ss\u00e4, kuivassa paikassa auringonvalolta suojattuna.<br>Jos sinulla on erityisi\u00e4 intoleransseja, lue etiketti ennen k\u00e4ytt\u00f6\u00e4.<\/p>\n\n\n\n<p><strong>Ainesosat<\/strong><br>glukoosisiirappi, sokeri, muunnettu t\u00e4rkkelys (gluteeniton vehn\u00e4, maissi, peruna), hapot (maitohappo, sitruunahappo), luontainen aromi, tomusokeri (sokeri, perunat\u00e4rkkelys), v\u00e4ri (mustaporkkanakonsentraatti), jauhe (hedelm\u00e4tee, vanilja), kuorruteaine (karnaubavaha).<\/p>","protected":false},"excerpt":{"rendered":"<p data-start=\"0\" data-end=\"376\"><strong data-start=\"16\" data-end=\"54\">Wally ja Whiz - Joululaatikko<\/strong> juhlava setti tanskalaisia viinipurukumeja, joissa on kaksi yksinoikeudella myyt\u00e4v\u00e4\u00e4 paria: <strong data-start=\"133\" data-end=\"163\">kirsikka p\u00e4\u00e4llystetty vaniljalla<\/strong> ja <strong data-start=\"167\" data-end=\"207\">vaaleanpunainen ananas p\u00e4\u00e4llystetty hedelm\u00e4teell\u00e4<\/strong>. Pehmeit\u00e4 kuutioita, luonnollisia makuja ja v\u00e4rej\u00e4, <strong data-start=\"257\" data-end=\"270\">vegaani<\/strong> Koostumus, <strong data-start=\"280\" data-end=\"317\">gluteeniton ja vapaa yleisimmist\u00e4 allergeeneista<\/strong>. Loistava lahja tai kodikas jakaminen talviloman aikana.<\/p>\n<p data-start=\"378\" data-end=\"601\"><strong data-start=\"378\" data-end=\"401\">Miksi valita<\/strong><br data-start=\"401\" data-end=\"404\" \/>\u2714\ufe0f Kaksi kauden makua huolellisesti yhdistettyn\u00e4<br data-start=\"448\" data-end=\"451\" \/>\u2714\ufe0f Vegaaninen, gluteeniton ja vapaa yleisimmist\u00e4 allergeeneista.<br data-start=\"505\" data-end=\"508\" \/>\u2714\ufe0f Pehme\u00e4 pureskeltava rakenne ja luonnollinen hedelm\u00e4inen maku.<br data-start=\"564\" data-end=\"567\" \/>\u2714\ufe0f Kaunis laatikko - valmis antamaan<\/p>","protected":false},"featured_media":42117,"comment_status":"open","ping_status":"closed","template":"","meta":{"_acf_changed":true},"product_brand":[462],"product_cat":[500],"product_tag":[],"class_list":{"0":"post-42122","1":"product","2":"type-product","3":"status-publish","4":"has-post-thumbnail","6":"product_brand-wally-and-whiz","7":"product_cat-outlet","9":"first","10":"instock","11":"sale","12":"shipping-taxable","13":"purchasable","14":"product-type-simple"},"acf":[],"tiered_pricing_type":"fixed","tiered_pricing_fixed_rules":[],"tiered_pricing_product_settings":{"layout":"default","base_unit_name":{"singular":null,"plural":null},"default_variation":null},"tiered_pricing_minimum_quantity":null,"tiered_pricing_roles_data":[],"tiered_pricing_percentage_rules":[],"_links":{"self":[{"href":"https:\/\/purama.lt\/fi\/wp-json\/wp\/v2\/product\/42122","targetHints":{"allow":["GET"]}}],"collection":[{"href":"https:\/\/purama.lt\/fi\/wp-json\/wp\/v2\/product"}],"about":[{"href":"https:\/\/purama.lt\/fi\/wp-json\/wp\/v2\/types\/product"}],"replies":[{"embeddable":true,"href":"https:\/\/purama.lt\/fi\/wp-json\/wp\/v2\/comments?post=42122"}],"wp:featuredmedia":[{"embeddable":true,"href":"https:\/\/purama.lt\/fi\/wp-json\/wp\/v2\/media\/42117"}],"wp:attachment":[{"href":"https:\/\/purama.lt\/fi\/wp-json\/wp\/v2\/media?parent=42122"}],"wp:term":[{"taxonomy":"product_brand","embeddable":true,"href":"https:\/\/purama.lt\/fi\/wp-json\/wp\/v2\/product_brand?post=42122"},{"taxonomy":"product_cat","embeddable":true,"href":"https:\/\/purama.lt\/fi\/wp-json\/wp\/v2\/product_cat?post=42122"},{"taxonomy":"product_tag","embeddable":true,"href":"https:\/\/purama.lt\/fi\/wp-json\/wp\/v2\/product_tag?post=42122"}],"curies":[{"name":"wp","href":"https:\/\/api.w.org\/{rel}","templated":true}]}}