{"id":42120,"date":"2025-11-11T09:03:51","date_gmt":"2025-11-11T07:03:51","guid":{"rendered":"https:\/\/purama.lt\/produktas\/wally-and-whiz-vyno-guminuku-kaledinis-rinkinys-juodoji-dezute\/"},"modified":"2026-03-10T11:24:28","modified_gmt":"2026-03-10T09:24:28","slug":"wally-ja-whiz-viinipurukumit-joulusetti-musta-jalkiruoka","status":"publish","type":"product","link":"https:\/\/purama.lt\/fi\/produktas\/wally-and-whiz-vyno-guminuku-kaledinis-rinkinys-juodoji-dezute\/","title":{"rendered":"Wally ja Whiz Wine Gummies Musta laatikko"},"content":{"rendered":"<p>Nauti suoraan pakkauksesta tai tarjoa vieraille.<br>S\u00e4ilyt\u00e4 viile\u00e4ss\u00e4, kuivassa paikassa ja suojaa suoralta auringonvalolta.<br>Jos sinulla on erityisi\u00e4 intoleransseja, tarkista etiketti ennen k\u00e4ytt\u00f6\u00e4.<\/p>\n\n\n\n<p><strong>Ainesosat<\/strong><br>Noudata pakkauksen merkint\u00f6j\u00e4<\/p>","protected":false},"excerpt":{"rendered":"<p data-start=\"0\" data-end=\"452\"><strong data-start=\"16\" data-end=\"50\">Wally ja Whiz - Musta laatikko<\/strong> juhlava setti tanskalaisia \u201ewinegum\u201c-purnukoita lakritsin makuisena. Rasiassa on kolme yhteensopivaa makuparia - muun muassa seuraavat makuparit <strong data-start=\"205\" data-end=\"213\">kahvi<\/strong> ja <strong data-start=\"217\" data-end=\"232\">tyrni<\/strong> - jotka antavat hienovaraisen hedelm\u00e4isen mutta syv\u00e4n maun. Pehme\u00e4t kuutiot on p\u00e4\u00e4llystetty maustetulla kuorrutteella, <strong data-start=\"328\" data-end=\"355\">vegaaninen ja gluteeniton<\/strong>, luonnollisilla v\u00e4reill\u00e4 ja aromeilla. T\u00e4ydellinen lahjapakkaus, joka sopii t\u00e4ydellisesti jakamiseen juhlapyhien aikana.<\/p>\n<p data-start=\"454\" data-end=\"675\"><strong data-start=\"454\" data-end=\"477\">Miksi valita<\/strong><br data-start=\"477\" data-end=\"480\" \/>\u2714\ufe0f Kolme huolellisesti yhteen sovitettua lakritsin makukaksikkoa.<br data-start=\"534\" data-end=\"537\" \/>\u2714\ufe0f Vegaaninen, gluteeniton<br data-start=\"569\" data-end=\"572\" \/>\u2714\ufe0f Lempe\u00e4 pureskeltavuus ja tasapainoinen makeus.<br data-start=\"624\" data-end=\"627\" data-is-only-node=\"\" \/>\u2714\ufe0f Tyylik\u00e4s lahjapakkaus, jossa on yksitt\u00e4isi\u00e4 purkkeja.<\/p>","protected":false},"featured_media":42112,"comment_status":"open","ping_status":"closed","template":"","meta":{"_acf_changed":true},"product_brand":[462],"product_cat":[393],"product_tag":[],"class_list":{"0":"post-42120","1":"product","2":"type-product","3":"status-publish","4":"has-post-thumbnail","6":"product_brand-wally-and-whiz","7":"product_cat-dovanu-rinkiniai","9":"first","10":"instock","11":"shipping-taxable","12":"purchasable","13":"product-type-simple"},"acf":[],"tiered_pricing_type":"fixed","tiered_pricing_fixed_rules":[],"tiered_pricing_product_settings":{"layout":"default","base_unit_name":{"singular":null,"plural":null},"default_variation":null},"tiered_pricing_minimum_quantity":null,"tiered_pricing_roles_data":[],"tiered_pricing_percentage_rules":[],"_links":{"self":[{"href":"https:\/\/purama.lt\/fi\/wp-json\/wp\/v2\/product\/42120","targetHints":{"allow":["GET"]}}],"collection":[{"href":"https:\/\/purama.lt\/fi\/wp-json\/wp\/v2\/product"}],"about":[{"href":"https:\/\/purama.lt\/fi\/wp-json\/wp\/v2\/types\/product"}],"replies":[{"embeddable":true,"href":"https:\/\/purama.lt\/fi\/wp-json\/wp\/v2\/comments?post=42120"}],"wp:featuredmedia":[{"embeddable":true,"href":"https:\/\/purama.lt\/fi\/wp-json\/wp\/v2\/media\/42112"}],"wp:attachment":[{"href":"https:\/\/purama.lt\/fi\/wp-json\/wp\/v2\/media?parent=42120"}],"wp:term":[{"taxonomy":"product_brand","embeddable":true,"href":"https:\/\/purama.lt\/fi\/wp-json\/wp\/v2\/product_brand?post=42120"},{"taxonomy":"product_cat","embeddable":true,"href":"https:\/\/purama.lt\/fi\/wp-json\/wp\/v2\/product_cat?post=42120"},{"taxonomy":"product_tag","embeddable":true,"href":"https:\/\/purama.lt\/fi\/wp-json\/wp\/v2\/product_tag?post=42120"}],"curies":[{"name":"wp","href":"https:\/\/api.w.org\/{rel}","templated":true}]}}