{"id":41687,"date":"2025-10-31T09:37:31","date_gmt":"2025-10-31T07:37:31","guid":{"rendered":"https:\/\/purama.lt\/produktas\/melamedic-sertifikuoti-miego-akiniai-bern-ii\/"},"modified":"2025-10-31T10:29:41","modified_gmt":"2025-10-31T08:29:41","slug":"melamedic-sertifioidut-unilasit-bern-ii","status":"publish","type":"product","link":"https:\/\/purama.lt\/fi\/produktas\/melamedic-sertifikuoti-miego-akiniai-bern-ii\/","title":{"rendered":"MelaMedic-sertifioidut BERN II -unilasit"},"content":{"rendered":"<p><strong>K\u00e4ytt\u00f6<\/strong><br>K\u00e4yt\u00e4 1-3 tuntia ennen nukkumaanmenoa, mieluiten samaan aikaan joka ilta.<br>\u00c4l\u00e4 aja tai k\u00e4yt\u00e4 koneita; suojaa korkeilta l\u00e4mp\u00f6tiloilta.<br>Ei sovellu k\u00e4ytett\u00e4v\u00e4ksi korjaavien silm\u00e4lasien p\u00e4\u00e4lle; suositellaan 12-vuotiaasta alkaen.<\/p>\n\n\n\n<p><strong>Ainesosat<\/strong><br>polykarbonaatti, nailon<\/p>","protected":false},"excerpt":{"rendered":"<p data-start=\"0\" data-end=\"542\"><strong data-start=\"16\" data-end=\"53\">MelaMedic - Bern II -unilasit:<\/strong>\u00a0sertifioidut unilasit, jotka <strong data-start=\"117\" data-end=\"143\">est\u00e4\u00e4 sinist\u00e4 valoa<\/strong> (UV-530-suodattimen spektri), joka auttaa yll\u00e4pit\u00e4m\u00e4\u00e4n luonnollista vuorokausirytmi\u00e4si ja valmistaa sinut hyv\u00e4\u00e4n y\u00f6lepoon. Mukavat, kevyet kehykset ja optisesti tarkat, naarmuuntumattomat linssit tarjoavat mukavuutta p\u00e4ivitt\u00e4iseen iltak\u00e4ytt\u00f6\u00f6n. <strong data-start=\"384\" data-end=\"425\">EU-sertifioitu l\u00e4\u00e4kinn\u00e4llinen laite<\/strong>. Tieteellisesti perusteltu periaate: sinisen spektrin rajoittaminen illalla tukee melatoniinin vapautumisen luonnollista rytmi\u00e4.<\/p>\n<p data-start=\"544\" data-end=\"876\"><strong data-start=\"544\" data-end=\"567\">Miksi valita<\/strong><br data-start=\"567\" data-end=\"570\" \/>\u2714\ufe0f Suodattaa sinisen spektrin 530 nm:iin asti, mik\u00e4 auttaa sinua siirtym\u00e4\u00e4n nopeammin iltatilaan.<br data-start=\"655\" data-end=\"658\" \/>\u2714\ufe0f EU-sertifioitu l\u00e4\u00e4kinn\u00e4llinen laite, spektriset parametrit tarkistettu.<br data-start=\"732\" data-end=\"735\" \/>\u2714\ufe0f Optisesti tarkat, naarmunkest\u00e4v\u00e4t polykarbonaattilinssit.<br data-start=\"797\" data-end=\"800\" \/>\u2714\ufe0f Mukava, kevyt muotoilu jokap\u00e4iv\u00e4iseen k\u00e4ytt\u00f6\u00f6n (sopii my\u00f6s herkille silmille).<\/p>","protected":false},"featured_media":41647,"comment_status":"open","ping_status":"closed","template":"","meta":{"_acf_changed":false},"product_brand":[],"product_cat":[61,283],"product_tag":[],"class_list":{"0":"post-41687","1":"product","2":"type-product","3":"status-publish","4":"has-post-thumbnail","6":"product_cat-ramybei","7":"product_cat-sveikatingumo-prietaisai","9":"first","10":"instock","11":"shipping-taxable","12":"purchasable","13":"product-type-simple"},"acf":[],"tiered_pricing_type":"fixed","tiered_pricing_fixed_rules":[],"tiered_pricing_product_settings":{"layout":"default","base_unit_name":{"singular":null,"plural":null},"default_variation":null},"tiered_pricing_minimum_quantity":null,"tiered_pricing_roles_data":[],"tiered_pricing_percentage_rules":[],"_links":{"self":[{"href":"https:\/\/purama.lt\/fi\/wp-json\/wp\/v2\/product\/41687","targetHints":{"allow":["GET"]}}],"collection":[{"href":"https:\/\/purama.lt\/fi\/wp-json\/wp\/v2\/product"}],"about":[{"href":"https:\/\/purama.lt\/fi\/wp-json\/wp\/v2\/types\/product"}],"replies":[{"embeddable":true,"href":"https:\/\/purama.lt\/fi\/wp-json\/wp\/v2\/comments?post=41687"}],"wp:featuredmedia":[{"embeddable":true,"href":"https:\/\/purama.lt\/fi\/wp-json\/wp\/v2\/media\/41647"}],"wp:attachment":[{"href":"https:\/\/purama.lt\/fi\/wp-json\/wp\/v2\/media?parent=41687"}],"wp:term":[{"taxonomy":"product_brand","embeddable":true,"href":"https:\/\/purama.lt\/fi\/wp-json\/wp\/v2\/product_brand?post=41687"},{"taxonomy":"product_cat","embeddable":true,"href":"https:\/\/purama.lt\/fi\/wp-json\/wp\/v2\/product_cat?post=41687"},{"taxonomy":"product_tag","embeddable":true,"href":"https:\/\/purama.lt\/fi\/wp-json\/wp\/v2\/product_tag?post=41687"}],"curies":[{"name":"wp","href":"https:\/\/api.w.org\/{rel}","templated":true}]}}