{"id":41684,"date":"2025-10-31T09:37:28","date_gmt":"2025-10-31T07:37:28","guid":{"rendered":"https:\/\/purama.lt\/produktas\/bon-babef-druskos-kuno-sveitiklis-su-avietemis\/"},"modified":"2026-04-14T09:24:03","modified_gmt":"2026-04-14T07:24:03","slug":"bon-babef-suolainen-vartalonparantaja-vadelmilla","status":"publish","type":"product","link":"https:\/\/purama.lt\/fi\/produktas\/bon-babef-druskos-kuno-sveitiklis-su-avietemis\/","title":{"rendered":"Bon Babef Suolavartalokuorinta vadelmilla"},"content":{"rendered":"<p><strong>K\u00e4ytt\u00f6<\/strong><br>Noudata pakkauksen ohjeita.<\/p>\n\n\n\n<p><strong>Ainesosat<\/strong><br>natriumkloridi, simmondsia chinensis -\u00f6ljy, kookosglukosidi, ricinus communis -\u00f6ljy, rubus idaeus -hedelm\u00e4uute, tokoferoli, hajuste, retinoli.<\/p>","protected":false},"excerpt":{"rendered":"<p data-start=\"0\" data-end=\"507\"><strong data-start=\"16\" data-end=\"59\">Bon Babef - Vadelma Sorbet vartalokuorinta<\/strong>: makean ja happaman vadelmasorbetin tuoksuinen vartalokuorinta, jossa on suolakiteit\u00e4 sek\u00e4 jojoba- ja risiini\u00f6ljy\u00e4 - poistaa hell\u00e4varaisesti mutta tehokkaasti levyepiteelisoluja ja j\u00e4tt\u00e4\u00e4 ihon sile\u00e4ksi ja samettiseksi. 100 % luonnollista alkuper\u00e4\u00e4 olevia ainesosia, vegaaninen, <strong data-start=\"340\" data-end=\"374\">Lasi- ja alumiinipakkaukset<\/strong> - kierr\u00e4tett\u00e4viss\u00e4. Hieman tieteest\u00e4: <strong data-start=\"410\" data-end=\"436\">mekaaninen kuorinta<\/strong> auttaa kuorimaan ihon pintaa, kun taas \u00f6ljyt auttavat s\u00e4ilytt\u00e4m\u00e4\u00e4n pehmeyden.<\/p>\n<p data-start=\"509\" data-end=\"860\"><strong data-start=\"509\" data-end=\"532\">Miksi valita<\/strong><br data-start=\"532\" data-end=\"535\" \/><strong data-start=\"535\" data-end=\"541\">\u2714\ufe0f<\/strong> Suolapohjainen kuorinta - v\u00e4lit\u00f6nt\u00e4 sileytt\u00e4<br data-start=\"593\" data-end=\"596\" \/><strong data-start=\"596\" data-end=\"602\">\u2714\ufe0f<\/strong> Jojoba- ja risiini\u00f6ljyt ravitsevat ja pehment\u00e4v\u00e4t.<br data-start=\"650\" data-end=\"653\" \/><strong data-start=\"653\" data-end=\"659\">\u2714\ufe0f<\/strong> Vadelmauute ja miellytt\u00e4v\u00e4 \u201ej\u00e4lkiruoka\u201c-tuoksu.<br data-start=\"708\" data-end=\"711\" \/><strong data-start=\"711\" data-end=\"717\">\u2714\ufe0f<\/strong> 100 % luonnollinen alkuper\u00e4, vegaani<br data-start=\"753\" data-end=\"756\" \/><strong data-start=\"756\" data-end=\"762\">\u2714\ufe0f<\/strong> Ei sis\u00e4ll\u00e4 alkoholia, SLS:\u00e4\u00e4, parabeeneja, silikonia, ftalaatteja, synteettisi\u00e4 v\u00e4riaineita, mikromuoveja ja s\u00e4il\u00f6nt\u00e4aineita.<\/p>","protected":false},"featured_media":41651,"comment_status":"open","ping_status":"closed","template":"","meta":{"_acf_changed":true},"product_brand":[412],"product_cat":[382,92,300],"product_tag":[],"class_list":{"0":"post-41684","1":"product","2":"type-product","3":"status-publish","4":"has-post-thumbnail","6":"product_brand-bon-babef","7":"product_cat-kuno-sveitikliai","8":"product_cat-groziui","9":"product_cat-kunui","11":"first","12":"instock","13":"shipping-taxable","14":"purchasable","15":"product-type-simple"},"acf":[],"tiered_pricing_type":"fixed","tiered_pricing_fixed_rules":[],"tiered_pricing_product_settings":{"layout":"default","base_unit_name":{"singular":null,"plural":null},"default_variation":null},"tiered_pricing_minimum_quantity":null,"tiered_pricing_roles_data":[],"tiered_pricing_percentage_rules":[],"_links":{"self":[{"href":"https:\/\/purama.lt\/fi\/wp-json\/wp\/v2\/product\/41684","targetHints":{"allow":["GET"]}}],"collection":[{"href":"https:\/\/purama.lt\/fi\/wp-json\/wp\/v2\/product"}],"about":[{"href":"https:\/\/purama.lt\/fi\/wp-json\/wp\/v2\/types\/product"}],"replies":[{"embeddable":true,"href":"https:\/\/purama.lt\/fi\/wp-json\/wp\/v2\/comments?post=41684"}],"wp:featuredmedia":[{"embeddable":true,"href":"https:\/\/purama.lt\/fi\/wp-json\/wp\/v2\/media\/41651"}],"wp:attachment":[{"href":"https:\/\/purama.lt\/fi\/wp-json\/wp\/v2\/media?parent=41684"}],"wp:term":[{"taxonomy":"product_brand","embeddable":true,"href":"https:\/\/purama.lt\/fi\/wp-json\/wp\/v2\/product_brand?post=41684"},{"taxonomy":"product_cat","embeddable":true,"href":"https:\/\/purama.lt\/fi\/wp-json\/wp\/v2\/product_cat?post=41684"},{"taxonomy":"product_tag","embeddable":true,"href":"https:\/\/purama.lt\/fi\/wp-json\/wp\/v2\/product_tag?post=41684"}],"curies":[{"name":"wp","href":"https:\/\/api.w.org\/{rel}","templated":true}]}}