{"id":41683,"date":"2025-10-31T09:37:27","date_gmt":"2025-10-31T07:37:27","guid":{"rendered":"https:\/\/purama.lt\/produktas\/bon-babef-druskos-kuno-sveitiklis-su-metomis\/"},"modified":"2026-04-14T09:24:03","modified_gmt":"2026-04-14T07:24:03","slug":"bon-babef-suolainen-vartalonparantaja-mintulla","status":"publish","type":"product","link":"https:\/\/purama.lt\/fi\/produktas\/bon-babef-druskos-kuno-sveitiklis-su-metomis\/","title":{"rendered":"Bon Babef Suolainen vartalokuorinta mintulla"},"content":{"rendered":"<p><strong>K\u00e4ytt\u00f6<\/strong><br>Noudata pakkauksen ohjeita.<\/p>\n\n\n\n<p><strong>Ainesosat<\/strong><br>natriumkloridi, cocos nucifera -\u00f6ljy, kookosglukosidi, simmondsia chinensis -\u00f6ljy, urtica dioica -lehtiuute, chamomilla recutita -uute, tokoferoli, citrus limonum -kuoriuute, citrus aurantium -kuoriuute, niasiiniamidi.<\/p>","protected":false},"excerpt":{"rendered":"<p data-start=\"0\" data-end=\"532\"><strong data-start=\"16\" data-end=\"59\">Bon Babef - Makea piparminttuvartalokuorinta<\/strong>: raikkaan mintun tuoksuinen suolavartalokuorinta, jossa on kookos- ja jojoba\u00f6ljy\u00e4, jota on rikastettu nokkos- ja kamomillauutteilla sek\u00e4 E-vitamiinilla. Se poistaa hell\u00e4varaisesti mutta tehokkaasti levyepiteelisoluja j\u00e4tt\u00e4en ihon sile\u00e4ksi ja pehme\u00e4ksi. <strong data-start=\"319\" data-end=\"346\">100 %, luonnollista alkuper\u00e4\u00e4<\/strong>, vegaaninen, pakkaus alkaen <strong data-start=\"371\" data-end=\"394\">lasi ja alumiini<\/strong> - kierr\u00e4tett\u00e4viss\u00e4. Hieman tieteest\u00e4: <strong data-start=\"430\" data-end=\"456\">mekaaninen kuorinta<\/strong> tasoittaa ihon pintaa, ja pehment\u00e4v\u00e4t \u00f6ljyt auttavat s\u00e4ilytt\u00e4m\u00e4\u00e4n pehmeyden.<\/p>\n<p data-start=\"534\" data-end=\"931\"><strong data-start=\"534\" data-end=\"557\">Miksi valita<\/strong><br data-start=\"557\" data-end=\"560\" \/><strong data-start=\"560\" data-end=\"566\">\u2714\ufe0f<\/strong> Suolakiteet antavat v\u00e4litt\u00f6m\u00e4n sile\u00e4n vaikutelman<br data-start=\"616\" data-end=\"619\" \/><strong data-start=\"619\" data-end=\"625\">\u2714\ufe0f<\/strong> Kookos- ja jojoba\u00f6ljyt ravitsevat ja pehment\u00e4v\u00e4t.<br data-start=\"672\" data-end=\"675\" \/><strong data-start=\"675\" data-end=\"681\">\u2714\ufe0f<\/strong> Nokkonen- ja kamomillauutteet lis\u00e4\u00e4v\u00e4t mukavuuden tunnetta.<br data-start=\"738\" data-end=\"741\" \/><strong data-start=\"741\" data-end=\"747\">\u2714\ufe0f<\/strong> 100 % Luonnollista alkuper\u00e4\u00e4, vegaaninen; kierr\u00e4tett\u00e4v\u00e4 pakkaus (lasi, alumiini).<br data-start=\"824\" data-end=\"827\" \/><strong data-start=\"827\" data-end=\"833\">\u2714\ufe0f<\/strong> Ei sis\u00e4ll\u00e4 alkoholia, SLS:\u00e4\u00e4, parabeeneja, silikonia, ftalaatteja, synteettisi\u00e4 v\u00e4riaineita, mikromuoveja ja s\u00e4il\u00f6nt\u00e4aineita.<\/p>","protected":false},"featured_media":41648,"comment_status":"open","ping_status":"closed","template":"","meta":{"_acf_changed":true},"product_brand":[412],"product_cat":[382,92,300],"product_tag":[],"class_list":{"0":"post-41683","1":"product","2":"type-product","3":"status-publish","4":"has-post-thumbnail","6":"product_brand-bon-babef","7":"product_cat-kuno-sveitikliai","8":"product_cat-groziui","9":"product_cat-kunui","11":"first","12":"instock","13":"shipping-taxable","14":"purchasable","15":"product-type-simple"},"acf":[],"tiered_pricing_type":"fixed","tiered_pricing_fixed_rules":[],"tiered_pricing_product_settings":{"layout":"default","base_unit_name":{"singular":null,"plural":null},"default_variation":null},"tiered_pricing_minimum_quantity":null,"tiered_pricing_roles_data":[],"tiered_pricing_percentage_rules":[],"_links":{"self":[{"href":"https:\/\/purama.lt\/fi\/wp-json\/wp\/v2\/product\/41683","targetHints":{"allow":["GET"]}}],"collection":[{"href":"https:\/\/purama.lt\/fi\/wp-json\/wp\/v2\/product"}],"about":[{"href":"https:\/\/purama.lt\/fi\/wp-json\/wp\/v2\/types\/product"}],"replies":[{"embeddable":true,"href":"https:\/\/purama.lt\/fi\/wp-json\/wp\/v2\/comments?post=41683"}],"wp:featuredmedia":[{"embeddable":true,"href":"https:\/\/purama.lt\/fi\/wp-json\/wp\/v2\/media\/41648"}],"wp:attachment":[{"href":"https:\/\/purama.lt\/fi\/wp-json\/wp\/v2\/media?parent=41683"}],"wp:term":[{"taxonomy":"product_brand","embeddable":true,"href":"https:\/\/purama.lt\/fi\/wp-json\/wp\/v2\/product_brand?post=41683"},{"taxonomy":"product_cat","embeddable":true,"href":"https:\/\/purama.lt\/fi\/wp-json\/wp\/v2\/product_cat?post=41683"},{"taxonomy":"product_tag","embeddable":true,"href":"https:\/\/purama.lt\/fi\/wp-json\/wp\/v2\/product_tag?post=41683"}],"curies":[{"name":"wp","href":"https:\/\/api.w.org\/{rel}","templated":true}]}}