{"id":41682,"date":"2025-10-31T09:37:26","date_gmt":"2025-10-31T07:37:26","guid":{"rendered":"https:\/\/purama.lt\/produktas\/bon-babef-druskos-kuno-sveitiklis-su-mangais\/"},"modified":"2026-04-14T09:24:03","modified_gmt":"2026-04-14T07:24:03","slug":"bon-babef-suolainen-vartalonparantaja-mangolla","status":"publish","type":"product","link":"https:\/\/purama.lt\/fi\/produktas\/bon-babef-druskos-kuno-sveitiklis-su-mangais\/","title":{"rendered":"Bon Babef Suolainen vartalokuorinta mangolla"},"content":{"rendered":"<p><strong>K\u00e4ytt\u00f6<\/strong><br>Noudata pakkauksen ohjeita.<\/p>\n\n\n\n<p><strong>Ainesosat<\/strong><br>natriumkloridi, simmondsia chinensis -\u00f6ljy, kookosglukosidi, ricinus communis -\u00f6ljy, mangifera indica -uute, tokoferoli, hajuste, allantoiini, retinoli.<\/p>","protected":false},"excerpt":{"rendered":"<p data-start=\"0\" data-end=\"538\"><strong data-start=\"16\" data-end=\"53\">Bon Babef - Runsas mangovartalokuorinta<\/strong> : suolapohjainen vartalokuorinta mehukkaalla mangotuoksulla. <strong data-start=\"142\" data-end=\"175\">mangouutetta ja E-vitamiinia<\/strong> - poistaa tehokkaasti levyepiteelisoluja ja j\u00e4tt\u00e4\u00e4 ihon sile\u00e4ksi ja pehme\u00e4ksi. Se sis\u00e4lt\u00e4\u00e4 my\u00f6s Jojoba- ja risiini\u00f6ljy\u00e4 pehmeyden lis\u00e4\u00e4miseksi. <strong data-start=\"330\" data-end=\"357\">100 %, luonnollista alkuper\u00e4\u00e4<\/strong>, vegaaninen, lasi- ja alumiinipakkaus - kierr\u00e4tett\u00e4v\u00e4. Tiede lyhyesti: <strong data-start=\"437\" data-end=\"463\">mekaaninen kuorinta<\/strong> tasoittaa ihon pintaa, ja pehment\u00e4v\u00e4t \u00f6ljyt auttavat yll\u00e4pit\u00e4m\u00e4\u00e4n mukavuutta.<\/p>\n<p data-start=\"540\" data-end=\"897\"><strong data-start=\"540\" data-end=\"563\">Miksi valita<\/strong><br data-start=\"563\" data-end=\"566\" \/>\u2714\ufe0f Suolakiteet kiillottavat ja silottavat ihoa nopeasti.<br data-start=\"621\" data-end=\"624\" \/>\u2714\ufe0f Mango-uute ja E-vitamiini - miellytt\u00e4v\u00e4 \u201ej\u00e4lkiruoka\u201c-tuoksu ja pehmeyden tunne.<br data-start=\"707\" data-end=\"710\" \/>\u2714\ufe0f Jojoba- ja risiini\u00f6ljyt pehment\u00e4v\u00e4t ihoa.<br data-start=\"753\" data-end=\"756\" \/>\u2714\ufe0f 100 % luonnollista alkuper\u00e4\u00e4, vegaaninen.<br data-start=\"794\" data-end=\"797\" \/>\u2714\ufe0f Ei sis\u00e4ll\u00e4 alkoholia, SLS:\u00e4\u00e4, parabeeneja, silikonia, ftalaatteja, synteettisi\u00e4 v\u00e4riaineita, mikromuoveja ja s\u00e4il\u00f6nt\u00e4aineita.<\/p>","protected":false},"featured_media":41650,"comment_status":"open","ping_status":"closed","template":"","meta":{"_acf_changed":true},"product_brand":[412],"product_cat":[382,92,300],"product_tag":[],"class_list":{"0":"post-41682","1":"product","2":"type-product","3":"status-publish","4":"has-post-thumbnail","6":"product_brand-bon-babef","7":"product_cat-kuno-sveitikliai","8":"product_cat-groziui","9":"product_cat-kunui","11":"first","12":"instock","13":"shipping-taxable","14":"purchasable","15":"product-type-simple"},"acf":[],"tiered_pricing_type":"fixed","tiered_pricing_fixed_rules":[],"tiered_pricing_product_settings":{"layout":"default","base_unit_name":{"singular":null,"plural":null},"default_variation":null},"tiered_pricing_minimum_quantity":null,"tiered_pricing_roles_data":[],"tiered_pricing_percentage_rules":[],"_links":{"self":[{"href":"https:\/\/purama.lt\/fi\/wp-json\/wp\/v2\/product\/41682","targetHints":{"allow":["GET"]}}],"collection":[{"href":"https:\/\/purama.lt\/fi\/wp-json\/wp\/v2\/product"}],"about":[{"href":"https:\/\/purama.lt\/fi\/wp-json\/wp\/v2\/types\/product"}],"replies":[{"embeddable":true,"href":"https:\/\/purama.lt\/fi\/wp-json\/wp\/v2\/comments?post=41682"}],"wp:featuredmedia":[{"embeddable":true,"href":"https:\/\/purama.lt\/fi\/wp-json\/wp\/v2\/media\/41650"}],"wp:attachment":[{"href":"https:\/\/purama.lt\/fi\/wp-json\/wp\/v2\/media?parent=41682"}],"wp:term":[{"taxonomy":"product_brand","embeddable":true,"href":"https:\/\/purama.lt\/fi\/wp-json\/wp\/v2\/product_brand?post=41682"},{"taxonomy":"product_cat","embeddable":true,"href":"https:\/\/purama.lt\/fi\/wp-json\/wp\/v2\/product_cat?post=41682"},{"taxonomy":"product_tag","embeddable":true,"href":"https:\/\/purama.lt\/fi\/wp-json\/wp\/v2\/product_tag?post=41682"}],"curies":[{"name":"wp","href":"https:\/\/api.w.org\/{rel}","templated":true}]}}