{"id":41681,"date":"2025-10-31T09:37:26","date_gmt":"2025-10-31T07:37:26","guid":{"rendered":"https:\/\/purama.lt\/produktas\/bon-babef-druskos-kuno-sveitiklis-su-kokosu\/"},"modified":"2026-04-14T09:24:02","modified_gmt":"2026-04-14T07:24:02","slug":"bon-babef-suolainen-vartalonparantaja-kookospahkinalla","status":"publish","type":"product","link":"https:\/\/purama.lt\/fi\/produktas\/bon-babef-druskos-kuno-sveitiklis-su-kokosu\/","title":{"rendered":"Bon Babef Suolainen vartalokuorinta kookosp\u00e4hkin\u00e4ll\u00e4"},"content":{"rendered":"<p><strong>K\u00e4ytt\u00f6<\/strong><br>Noudata pakkauksen ohjeita.<\/p>\n\n\n\n<p><strong>Ainesosat<\/strong><br>natriumkloridi, cocos nucifera -\u00f6ljy, kookosglukosidi, simmondsia chinensis -\u00f6ljy, tokoferoli, hajuste, niasiiniamidi.<\/p>","protected":false},"excerpt":{"rendered":"<p data-start=\"0\" data-end=\"462\"><strong data-start=\"16\" data-end=\"59\">Bon Babef - Coconut Blessing vartalokuorinta<\/strong>: kookoksen tuoksuinen suolapohjainen vartalokuorinta, jossa on kookos- ja jojoba\u00f6ljy\u00e4 - kuorii hell\u00e4varaisesti, silottaa ja j\u00e4tt\u00e4\u00e4 ihon pehme\u00e4ksi ja samettiseksi. 100 % luonnollista alkuper\u00e4\u00e4 olevia ainesosia, vegaaninen, <strong data-start=\"285\" data-end=\"316\">Lasi- ja alumiinipakkaukset<\/strong> kierr\u00e4tett\u00e4viss\u00e4. Hieman tieteest\u00e4: <strong data-start=\"350\" data-end=\"376\">mekaaninen kuorinta<\/strong> poistaa levyepiteelisoluja, kun taas kasvi\u00f6ljyt auttavat pit\u00e4m\u00e4\u00e4n ihon pehme\u00e4n\u00e4.<\/p>\n<p data-start=\"464\" data-end=\"808\"><strong data-start=\"464\" data-end=\"487\">Miksi valita<\/strong><br data-start=\"487\" data-end=\"490\" \/><strong data-start=\"490\" data-end=\"496\">\u2714\ufe0f<\/strong> Vahvempi suolakuorinta sile\u00e4\u00e4 ihon pintaa varten<br data-start=\"547\" data-end=\"550\" \/><strong data-start=\"550\" data-end=\"556\">\u2714\ufe0f<\/strong> Kookos- ja jojoba\u00f6ljyt ravitsevat ja pehment\u00e4v\u00e4t.<br data-start=\"603\" data-end=\"606\" \/><strong data-start=\"606\" data-end=\"612\">\u2714\ufe0f<\/strong> 100 % luonnollinen alkuper\u00e4, vegaani<br data-start=\"648\" data-end=\"651\" \/><strong data-start=\"651\" data-end=\"657\">\u2714\ufe0f<\/strong> Ei sis\u00e4ll\u00e4 alkoholia, SLS:\u00e4\u00e4, parabeeneja, silikonia, ftalaatteja, synteettisi\u00e4 v\u00e4riaineita, mikromuoveja ja s\u00e4il\u00f6nt\u00e4aineita.<br data-start=\"755\" data-end=\"758\" \/><strong data-start=\"758\" data-end=\"764\">\u2714\ufe0f<\/strong> Lasi- ja alumiinipakkaukset - kierr\u00e4tett\u00e4v\u00e4t<\/p>","protected":false},"featured_media":41649,"comment_status":"open","ping_status":"closed","template":"","meta":{"_acf_changed":true},"product_brand":[412],"product_cat":[382,92,300],"product_tag":[],"class_list":{"0":"post-41681","1":"product","2":"type-product","3":"status-publish","4":"has-post-thumbnail","6":"product_brand-bon-babef","7":"product_cat-kuno-sveitikliai","8":"product_cat-groziui","9":"product_cat-kunui","11":"first","12":"instock","13":"shipping-taxable","14":"purchasable","15":"product-type-simple"},"acf":[],"tiered_pricing_type":"fixed","tiered_pricing_fixed_rules":[],"tiered_pricing_product_settings":{"layout":"default","base_unit_name":{"singular":null,"plural":null},"default_variation":null},"tiered_pricing_minimum_quantity":null,"tiered_pricing_roles_data":[],"tiered_pricing_percentage_rules":[],"_links":{"self":[{"href":"https:\/\/purama.lt\/fi\/wp-json\/wp\/v2\/product\/41681","targetHints":{"allow":["GET"]}}],"collection":[{"href":"https:\/\/purama.lt\/fi\/wp-json\/wp\/v2\/product"}],"about":[{"href":"https:\/\/purama.lt\/fi\/wp-json\/wp\/v2\/types\/product"}],"replies":[{"embeddable":true,"href":"https:\/\/purama.lt\/fi\/wp-json\/wp\/v2\/comments?post=41681"}],"wp:featuredmedia":[{"embeddable":true,"href":"https:\/\/purama.lt\/fi\/wp-json\/wp\/v2\/media\/41649"}],"wp:attachment":[{"href":"https:\/\/purama.lt\/fi\/wp-json\/wp\/v2\/media?parent=41681"}],"wp:term":[{"taxonomy":"product_brand","embeddable":true,"href":"https:\/\/purama.lt\/fi\/wp-json\/wp\/v2\/product_brand?post=41681"},{"taxonomy":"product_cat","embeddable":true,"href":"https:\/\/purama.lt\/fi\/wp-json\/wp\/v2\/product_cat?post=41681"},{"taxonomy":"product_tag","embeddable":true,"href":"https:\/\/purama.lt\/fi\/wp-json\/wp\/v2\/product_tag?post=41681"}],"curies":[{"name":"wp","href":"https:\/\/api.w.org\/{rel}","templated":true}]}}