{"id":41680,"date":"2025-10-31T09:37:25","date_gmt":"2025-10-31T07:37:25","guid":{"rendered":"https:\/\/purama.lt\/produktas\/northern-tea-citrinu-ir-imbieru-zalioji-arbata-ant-pagaliuko\/"},"modified":"2026-04-25T08:14:09","modified_gmt":"2026-04-25T06:14:09","slug":"pohjoisen-teen-sitruunaa-ja-inkivaaria-sisaltava-vihrea-tee-tikulla","status":"publish","type":"product","link":"https:\/\/purama.lt\/fi\/produktas\/northern-tea-citrinu-ir-imbieru-zalioji-arbata-ant-pagaliuko\/","title":{"rendered":"Northern Tea Sitruunaa ja inkiv\u00e4\u00e4ri\u00e4 sis\u00e4lt\u00e4v\u00e4 vihre\u00e4 tee tikulla"},"content":{"rendered":"<p><strong>K\u00e4ytt\u00f6<\/strong><br>Laita tikku kuppiin kuumaa tai kylm\u00e4\u00e4 vett\u00e4 ja sekoita, kunnes se on t\u00e4ysin liuennut.<br>Yksi tikku yht\u00e4 kuppia varten<br>Jos sinulla on ep\u00e4ilyksi\u00e4 valmistuksesta, noudata pakkauksen ohjeita.<\/p>\n\n\n\n<p><strong>Ainesosat<\/strong><br>noudata pakkauksen merkint\u00f6j\u00e4<\/p>\n\n\n\n<p><\/p>","protected":false},"excerpt":{"rendered":"<p data-start=\"0\" data-end=\"461\"><strong data-start=\"16\" data-end=\"63\">Tea-Pop - sitruuna-inkiv\u00e4\u00e4ri vihre\u00e4 tee tikulla<\/strong> on innovatiivinen kiteytetty tee tikulla: vihre\u00e4 teepohja, jossa on virkist\u00e4v\u00e4 sitruunan ja l\u00e4mmitt\u00e4v\u00e4n inkiv\u00e4\u00e4rin maku. Tee liukenee t\u00e4ysin <strong data-start=\"214\" data-end=\"239\">kuuma tai kylm\u00e4<\/strong> veteen, joten se on nopea valmistaa ilman teepohjaa. Jokainen tikku on yksitt\u00e4ispakattu - k\u00e4tev\u00e4 kotona, toimistossa tai lahjaksi. Vihre\u00e4 tee sis\u00e4lt\u00e4\u00e4 luonnostaan polyfenoleja, mik\u00e4 tekee siit\u00e4 miellytt\u00e4v\u00e4n jokap\u00e4iv\u00e4isen valinnan.<\/p>\n<p data-start=\"463\" data-end=\"717\"><strong data-start=\"463\" data-end=\"486\">Miksi valita<\/strong><br data-start=\"486\" data-end=\"489\" \/>\u2714\ufe0f Liukenee ilman j\u00e4\u00e4mi\u00e4, ilman teen suodatusta.<br data-start=\"538\" data-end=\"541\" data-is-only-node=\"\" \/>\u2714\ufe0f Sopii sek\u00e4 kuumalle ett\u00e4 j\u00e4\u00e4teelle.<br data-start=\"579\" data-end=\"582\" \/>\u2714\ufe0f Erillinen, hygieeninen pakkaus - k\u00e4tev\u00e4 matkalle tai toimistoon.<br data-start=\"646\" data-end=\"649\" \/>\u2714\ufe0f Virkist\u00e4v\u00e4 sitruunan ja inkiv\u00e4\u00e4rin maku vihre\u00e4n teen pohjalla.<\/p>","protected":false},"featured_media":41705,"comment_status":"open","ping_status":"closed","template":"","meta":{"_acf_changed":false},"product_brand":[446],"product_cat":[398,57,60],"product_tag":[],"class_list":{"0":"post-41680","1":"product","2":"type-product","3":"status-publish","4":"has-post-thumbnail","6":"product_brand-northern-tea","7":"product_cat-arbata","8":"product_cat-akcijos","9":"product_cat-mitybai","11":"first","12":"instock","13":"sale","14":"shipping-taxable","15":"purchasable","16":"product-type-simple"},"acf":[],"tiered_pricing_type":"fixed","tiered_pricing_fixed_rules":[],"tiered_pricing_product_settings":{"layout":"default","base_unit_name":{"singular":null,"plural":null},"default_variation":null},"tiered_pricing_minimum_quantity":null,"tiered_pricing_roles_data":[],"tiered_pricing_percentage_rules":[],"_links":{"self":[{"href":"https:\/\/purama.lt\/fi\/wp-json\/wp\/v2\/product\/41680","targetHints":{"allow":["GET"]}}],"collection":[{"href":"https:\/\/purama.lt\/fi\/wp-json\/wp\/v2\/product"}],"about":[{"href":"https:\/\/purama.lt\/fi\/wp-json\/wp\/v2\/types\/product"}],"replies":[{"embeddable":true,"href":"https:\/\/purama.lt\/fi\/wp-json\/wp\/v2\/comments?post=41680"}],"wp:featuredmedia":[{"embeddable":true,"href":"https:\/\/purama.lt\/fi\/wp-json\/wp\/v2\/media\/41705"}],"wp:attachment":[{"href":"https:\/\/purama.lt\/fi\/wp-json\/wp\/v2\/media?parent=41680"}],"wp:term":[{"taxonomy":"product_brand","embeddable":true,"href":"https:\/\/purama.lt\/fi\/wp-json\/wp\/v2\/product_brand?post=41680"},{"taxonomy":"product_cat","embeddable":true,"href":"https:\/\/purama.lt\/fi\/wp-json\/wp\/v2\/product_cat?post=41680"},{"taxonomy":"product_tag","embeddable":true,"href":"https:\/\/purama.lt\/fi\/wp-json\/wp\/v2\/product_tag?post=41680"}],"curies":[{"name":"wp","href":"https:\/\/api.w.org\/{rel}","templated":true}]}}