{"id":41679,"date":"2025-10-31T09:37:24","date_gmt":"2025-10-31T07:37:24","guid":{"rendered":"https:\/\/purama.lt\/produktas\/northern-tea-pipirmeciu-gurmaniska-arbata-ant-pagaliuko\/"},"modified":"2026-04-13T16:42:03","modified_gmt":"2026-04-13T14:42:03","slug":"pohjoinen-tee-piparminttu-gourmet-tee-tikulla","status":"publish","type":"product","link":"https:\/\/purama.lt\/fi\/produktas\/northern-tea-pipirmeciu-gurmaniska-arbata-ant-pagaliuko\/","title":{"rendered":"Northern Tea piparminttu gourmet tee tikun p\u00e4\u00e4ll\u00e4"},"content":{"rendered":"<p><strong>K\u00e4ytt\u00f6<\/strong><br>Laita teelusikallinen kuumaan tai kylm\u00e4\u00e4n veteen ja sekoita, kunnes se on t\u00e4ysin liuennut, ja nauti sitten.<br>Voit juoda sit\u00e4 ilman lis\u00e4aineita tai j\u00e4\u00e4tel\u00f6n kanssa maun mukaan.<br>Noudata pakkauksen ohjeita.<\/p>\n\n\n\n<p><strong>Ainesosat<\/strong><br>piparminttu, kasvipohjainen stabiloiva purukumi<\/p>","protected":false},"excerpt":{"rendered":"<p data-start=\"0\" data-end=\"379\"><strong data-start=\"16\" data-end=\"48\">Tea-Pop - Piparminttu Tea-Pop<\/strong>: tuoretta piparminttua yrttiteet\u00e4 tikulla, kiteytettyn\u00e4 ja <strong data-start=\"141\" data-end=\"196\">liukenee t\u00e4ysin kuumaan tai kylm\u00e4\u00e4n veteen<\/strong>. Sokerittomia, ilman keinotekoisia v\u00e4riaineita ja s\u00e4il\u00f6nt\u00e4aineita, vegaanisia - k\u00e4tevi\u00e4, puhtaita ja herkullisia kotona tai matkalla. Piparminttu on luonnostaan kofeiiniton ja antaa miellytt\u00e4v\u00e4n viilent\u00e4v\u00e4n tunteen.<\/p>\n<p data-start=\"381\" data-end=\"692\"><strong data-start=\"381\" data-end=\"404\">Miksi valita<\/strong><br data-start=\"404\" data-end=\"407\" \/>\u2714\ufe0f Liukenee kuumaan tai kylm\u00e4\u00e4n veteen, ei kiintoainetta.<br data-start=\"461\" data-end=\"464\" \/>\u2714\ufe0f Sokeriton ja ilman keinotekoisia v\u00e4ri-, s\u00e4il\u00f6nt\u00e4- tai aromiaineita.<br data-start=\"536\" data-end=\"539\" \/>\u2714\ufe0f Kofeiiniton - sopii mihin aikaan p\u00e4iv\u00e4st\u00e4 tahansa.<br data-start=\"582\" data-end=\"585\" \/>\u2714\ufe0f Kertak\u00e4ytt\u00f6inen sauva - k\u00e4tev\u00e4 liikkeell\u00e4 ja toimistossa<br data-start=\"632\" data-end=\"635\" \/>\u2714\ufe0f Vegaaninen; valmistettu p\u00e4hkin\u00e4tt\u00f6m\u00e4ss\u00e4 ymp\u00e4rist\u00f6ss\u00e4.<\/p>","protected":false},"featured_media":41713,"comment_status":"open","ping_status":"closed","template":"","meta":{"_acf_changed":false},"product_brand":[446],"product_cat":[398,57,60],"product_tag":[],"class_list":{"0":"post-41679","1":"product","2":"type-product","3":"status-publish","4":"has-post-thumbnail","6":"product_brand-northern-tea","7":"product_cat-arbata","8":"product_cat-akcijos","9":"product_cat-mitybai","11":"first","12":"instock","13":"sale","14":"shipping-taxable","15":"purchasable","16":"product-type-simple"},"acf":[],"tiered_pricing_type":"fixed","tiered_pricing_fixed_rules":[],"tiered_pricing_product_settings":{"layout":"default","base_unit_name":{"singular":null,"plural":null},"default_variation":null},"tiered_pricing_minimum_quantity":null,"tiered_pricing_roles_data":[],"tiered_pricing_percentage_rules":[],"_links":{"self":[{"href":"https:\/\/purama.lt\/fi\/wp-json\/wp\/v2\/product\/41679","targetHints":{"allow":["GET"]}}],"collection":[{"href":"https:\/\/purama.lt\/fi\/wp-json\/wp\/v2\/product"}],"about":[{"href":"https:\/\/purama.lt\/fi\/wp-json\/wp\/v2\/types\/product"}],"replies":[{"embeddable":true,"href":"https:\/\/purama.lt\/fi\/wp-json\/wp\/v2\/comments?post=41679"}],"wp:featuredmedia":[{"embeddable":true,"href":"https:\/\/purama.lt\/fi\/wp-json\/wp\/v2\/media\/41713"}],"wp:attachment":[{"href":"https:\/\/purama.lt\/fi\/wp-json\/wp\/v2\/media?parent=41679"}],"wp:term":[{"taxonomy":"product_brand","embeddable":true,"href":"https:\/\/purama.lt\/fi\/wp-json\/wp\/v2\/product_brand?post=41679"},{"taxonomy":"product_cat","embeddable":true,"href":"https:\/\/purama.lt\/fi\/wp-json\/wp\/v2\/product_cat?post=41679"},{"taxonomy":"product_tag","embeddable":true,"href":"https:\/\/purama.lt\/fi\/wp-json\/wp\/v2\/product_tag?post=41679"}],"curies":[{"name":"wp","href":"https:\/\/api.w.org\/{rel}","templated":true}]}}