{"id":41678,"date":"2025-10-31T09:37:24","date_gmt":"2025-10-31T07:37:24","guid":{"rendered":"https:\/\/purama.lt\/produktas\/northern-tea-obuoliu-ir-uogu-arbata-ant-pagaliuko\/"},"modified":"2026-04-25T08:14:09","modified_gmt":"2026-04-25T06:14:09","slug":"pohjoisen-teen-omena-ja-marjatee-tikulla","status":"publish","type":"product","link":"https:\/\/purama.lt\/fi\/produktas\/northern-tea-obuoliu-ir-uogu-arbata-ant-pagaliuko\/","title":{"rendered":"Northern Tea Omena- ja marjatee tikulla"},"content":{"rendered":"<p><strong>K\u00e4ytt\u00f6<\/strong><br>Laita tikku kuppiin kuumaa tai kylm\u00e4\u00e4 vett\u00e4 ja sekoita, kunnes se on t\u00e4ysin liuennut.<br>Yksi tikku yht\u00e4 kuppia varten<br>Tarkka veden l\u00e4mp\u00f6tila ja tilavuus selvi\u00e4\u00e4 pakkauksen ohjeista.<\/p>\n\n\n\n<p><strong>Ainesosat<\/strong><br>noudata pakkauksen merkint\u00f6j\u00e4<\/p>","protected":false},"excerpt":{"rendered":"<p data-start=\"0\" data-end=\"434\"><strong data-start=\"16\" data-end=\"55\">Tea-Pop - piparminttuteet\u00e4 tikulla<\/strong> on 100 % luonnollinen, kiteytetty yrttijuoma tikulla, jossa on virkist\u00e4v\u00e4 piparminttuaromi. <strong data-start=\"151\" data-end=\"202\">Liukenee sek\u00e4 kuumaan ett\u00e4 kylm\u00e4\u00e4n veteen.<\/strong>, joten voit valmistaa kupin nopeasti ja ilman teepohjia. Ei lis\u00e4tty\u00e4 sokeria, vegaaninen, valmistettu Yhdistyneess\u00e4 kuningaskunnassa - k\u00e4tev\u00e4 kotona, toimistossa tai lahjaksi. Piparminttutee on luonnostaan kofeiinitonta.<\/p>\n<p data-start=\"436\" data-end=\"709\"><strong data-start=\"436\" data-end=\"459\">Miksi valita<\/strong><br data-start=\"459\" data-end=\"462\" \/>\u2714\ufe0f Liukenee ilman j\u00e4\u00e4mi\u00e4 - ei pusseja tai suodattimia.<br data-start=\"509\" data-end=\"512\" data-is-only-node=\"\" \/>\u2714\ufe0f Sopii kuumalle ja j\u00e4\u00e4teelle, k\u00e4tev\u00e4 matkalla tai toimistossa.<br data-start=\"573\" data-end=\"576\" \/>\u2714\ufe0f Ei lis\u00e4tty\u00e4 sokeria, ei keinotekoisia v\u00e4riaineita tai s\u00e4il\u00f6nt\u00e4aineita, vegaaninen.<br data-start=\"649\" data-end=\"652\" \/>\u2714\ufe0f Made in the UK, siisti yksitt\u00e4inen lahjapakkaus.<\/p>","protected":false},"featured_media":41716,"comment_status":"open","ping_status":"closed","template":"","meta":{"_acf_changed":true},"product_brand":[446],"product_cat":[398,57,60],"product_tag":[],"class_list":{"0":"post-41678","1":"product","2":"type-product","3":"status-publish","4":"has-post-thumbnail","6":"product_brand-northern-tea","7":"product_cat-arbata","8":"product_cat-akcijos","9":"product_cat-mitybai","11":"first","12":"instock","13":"sale","14":"shipping-taxable","15":"purchasable","16":"product-type-simple"},"acf":[],"tiered_pricing_type":"fixed","tiered_pricing_fixed_rules":[],"tiered_pricing_product_settings":{"layout":"default","base_unit_name":{"singular":null,"plural":null},"default_variation":null},"tiered_pricing_minimum_quantity":null,"tiered_pricing_roles_data":[],"tiered_pricing_percentage_rules":[],"_links":{"self":[{"href":"https:\/\/purama.lt\/fi\/wp-json\/wp\/v2\/product\/41678","targetHints":{"allow":["GET"]}}],"collection":[{"href":"https:\/\/purama.lt\/fi\/wp-json\/wp\/v2\/product"}],"about":[{"href":"https:\/\/purama.lt\/fi\/wp-json\/wp\/v2\/types\/product"}],"replies":[{"embeddable":true,"href":"https:\/\/purama.lt\/fi\/wp-json\/wp\/v2\/comments?post=41678"}],"wp:featuredmedia":[{"embeddable":true,"href":"https:\/\/purama.lt\/fi\/wp-json\/wp\/v2\/media\/41716"}],"wp:attachment":[{"href":"https:\/\/purama.lt\/fi\/wp-json\/wp\/v2\/media?parent=41678"}],"wp:term":[{"taxonomy":"product_brand","embeddable":true,"href":"https:\/\/purama.lt\/fi\/wp-json\/wp\/v2\/product_brand?post=41678"},{"taxonomy":"product_cat","embeddable":true,"href":"https:\/\/purama.lt\/fi\/wp-json\/wp\/v2\/product_cat?post=41678"},{"taxonomy":"product_tag","embeddable":true,"href":"https:\/\/purama.lt\/fi\/wp-json\/wp\/v2\/product_tag?post=41678"}],"curies":[{"name":"wp","href":"https:\/\/api.w.org\/{rel}","templated":true}]}}