{"id":41673,"date":"2025-10-31T09:37:20","date_gmt":"2025-10-31T07:37:20","guid":{"rendered":"https:\/\/purama.lt\/produktas\/northern-tea-zoleliu-ir-vaisiu-arbata-ant-pagaliuko\/"},"modified":"2026-04-13T16:43:41","modified_gmt":"2026-04-13T14:43:41","slug":"pohjoinen-tee-yrtti-ja-hedelmatee-tikulla","status":"publish","type":"product","link":"https:\/\/purama.lt\/fi\/produktas\/northern-tea-zoleliu-ir-vaisiu-arbata-ant-pagaliuko\/","title":{"rendered":"Northern Tea Yrtti- ja hedelm\u00e4tee tikulla"},"content":{"rendered":"<p><strong>K\u00e4ytt\u00f6<\/strong><br>Laita tikku kuumaan tai kylm\u00e4\u00e4n veteen ja sekoita, kunnes se on t\u00e4ysin liuennut.<br>S\u00e4\u00e4d\u00e4 maun voimakkuutta veden m\u00e4\u00e4r\u00e4ll\u00e4.<br>Noudata pakkauksen ohjeita.<\/p>\n\n\n\n<p><strong>Ainesosat<\/strong><br>luonnollisia tee-, hedelm\u00e4-, kasvi- ja yrttiuutteita (sekoituksesta riippuen), kasvipohjaista stabiloivaa kumia.<\/p>","protected":false},"excerpt":{"rendered":"<p data-start=\"0\" data-end=\"632\"><strong data-start=\"16\" data-end=\"90\">Tea-Pop - Yrtti- ja hedelm\u00e4tee tikulla, 100% Luonnollinen kiteytetty tee<\/strong> gourmet-sarja kiteytynytt\u00e4 teet\u00e4 tikulla lahjaksi tai maistiaisiksi. T\u00e4ysin liuennut kuumaan tai kylm\u00e4\u00e4n veteen - ei lietett\u00e4 eik\u00e4 pusseja. Ei lis\u00e4tty\u00e4 sokeria, kasvipohjainen, vegaaninen. Valikoima erilaisia makusuuntia: <strong data-start=\"336\" data-end=\"354\">Yrtti &amp; hedelm\u00e4t<\/strong> (Crispy Caramel, Lemon &amp; Ginger, Passionfruit Punch), <strong data-start=\"409\" data-end=\"420\">Klassinen<\/strong> (English Breakfast, Earl Grey, Jasmine Green), <strong data-start=\"468\" data-end=\"485\">Talvi L\u00e4mmin<\/strong> (Wildberry Punch, Lemon Ginger, Peppermint, British Gourmet Tea). Teekiteet on valmistettu luonnollisista tee-, hedelm\u00e4- ja yrttiuutteista.<\/p>\n<p data-start=\"634\" data-end=\"901\"><strong data-start=\"634\" data-end=\"657\">Miksi valita<\/strong><br data-start=\"657\" data-end=\"660\" \/>\u2714\ufe0f Liukenee ilman kiinteit\u00e4 aineita - puhdasta ja k\u00e4tev\u00e4\u00e4.<br data-start=\"701\" data-end=\"704\" \/>\u2714\ufe0f 3 kokoelmaa ja eri makuja yhdess\u00e4 paikassa.<br data-start=\"754\" data-end=\"757\" \/>\u2714\ufe0f Ei lis\u00e4tty\u00e4 sokeria, kasviper\u00e4inen, vegaaninen.<br data-start=\"810\" data-end=\"813\" data-is-only-node=\"\" \/>\u2714\ufe0f Gluteeniton ja maidoton; halal valmistajan etiketin mukaan.<br data-start=\"866\" data-end=\"869\" \/>\u2714\ufe0f Loistava idea lahjaksi tai toimistoon<\/p>","protected":false},"featured_media":41728,"comment_status":"open","ping_status":"closed","template":"","meta":{"_acf_changed":true},"product_brand":[446],"product_cat":[398,57,60],"product_tag":[],"class_list":{"0":"post-41673","1":"product","2":"type-product","3":"status-publish","4":"has-post-thumbnail","6":"product_brand-northern-tea","7":"product_cat-arbata","8":"product_cat-akcijos","9":"product_cat-mitybai","11":"first","12":"instock","13":"sale","14":"shipping-taxable","15":"purchasable","16":"product-type-simple"},"acf":[],"tiered_pricing_type":"fixed","tiered_pricing_fixed_rules":[],"tiered_pricing_product_settings":{"layout":"default","base_unit_name":{"singular":null,"plural":null},"default_variation":null},"tiered_pricing_minimum_quantity":null,"tiered_pricing_roles_data":[],"tiered_pricing_percentage_rules":[],"_links":{"self":[{"href":"https:\/\/purama.lt\/fi\/wp-json\/wp\/v2\/product\/41673","targetHints":{"allow":["GET"]}}],"collection":[{"href":"https:\/\/purama.lt\/fi\/wp-json\/wp\/v2\/product"}],"about":[{"href":"https:\/\/purama.lt\/fi\/wp-json\/wp\/v2\/types\/product"}],"replies":[{"embeddable":true,"href":"https:\/\/purama.lt\/fi\/wp-json\/wp\/v2\/comments?post=41673"}],"wp:featuredmedia":[{"embeddable":true,"href":"https:\/\/purama.lt\/fi\/wp-json\/wp\/v2\/media\/41728"}],"wp:attachment":[{"href":"https:\/\/purama.lt\/fi\/wp-json\/wp\/v2\/media?parent=41673"}],"wp:term":[{"taxonomy":"product_brand","embeddable":true,"href":"https:\/\/purama.lt\/fi\/wp-json\/wp\/v2\/product_brand?post=41673"},{"taxonomy":"product_cat","embeddable":true,"href":"https:\/\/purama.lt\/fi\/wp-json\/wp\/v2\/product_cat?post=41673"},{"taxonomy":"product_tag","embeddable":true,"href":"https:\/\/purama.lt\/fi\/wp-json\/wp\/v2\/product_tag?post=41673"}],"curies":[{"name":"wp","href":"https:\/\/api.w.org\/{rel}","templated":true}]}}