{"id":41671,"date":"2025-10-31T09:37:19","date_gmt":"2025-10-31T07:37:19","guid":{"rendered":"https:\/\/purama.lt\/produktas\/northern-tea-pasifloru-punso-arbata-ant-pagaliuko\/"},"modified":"2026-04-25T08:14:09","modified_gmt":"2026-04-25T06:14:09","slug":"pohjoisen-teen-passionhedelma-booli-teeta-tikulla","status":"publish","type":"product","link":"https:\/\/purama.lt\/fi\/produktas\/northern-tea-pasifloru-punso-arbata-ant-pagaliuko\/","title":{"rendered":"Northern Tea Passion fruit punch -tee tikun p\u00e4\u00e4ll\u00e4"},"content":{"rendered":"<p><strong>K\u00e4ytt\u00f6<\/strong><br>Laita tikku kuumaan tai kylm\u00e4\u00e4n veteen ja sekoita, kunnes se on t\u00e4ysin liuennut.<br>S\u00e4\u00e4d\u00e4 maun voimakkuutta veden m\u00e4\u00e4r\u00e4ll\u00e4.<br>Noudata pakkauksen ohjeita.<\/p>\n\n\n\n<p><strong>Ainesosat<\/strong><br>vihre\u00e4\u00e4 teet\u00e4, passionhedelm\u00e4\u00e4, kasvipohjaista stabiloivaa kumia<\/p>","protected":false},"excerpt":{"rendered":"<p data-start=\"0\" data-end=\"395\"><strong data-start=\"16\" data-end=\"65\">Tea-Pop - Passion Fruit Punch Tea On-A-Stick!<\/strong> hedelm\u00e4isen raikas passionhedelm\u00e4inen vihre\u00e4 teepuikko, kiteytetty tee <strong data-start=\"146\" data-end=\"198\">liukenee t\u00e4ysin kuumaan tai kylm\u00e4\u00e4n veteen<\/strong> - ei liuoksia eik\u00e4 annospusseja. <strong data-start=\"228\" data-end=\"283\">Ei lis\u00e4tty\u00e4 sokeria, kasvipohjainen, vegaaninen.<\/strong> Vihre\u00e4 tee on luonnostaan kofeiinipitoinen, ja sen polyfenoleja on tutkittu ja arvostettu niiden maun ja aromin vuoksi.<\/p>\n<p data-start=\"397\" data-end=\"615\"><strong data-start=\"397\" data-end=\"420\">Miksi valita<\/strong><br data-start=\"420\" data-end=\"423\" \/>\u2714\ufe0f Nopeasti liukeneva - puhdas ja k\u00e4tev\u00e4.<br data-start=\"461\" data-end=\"464\" \/>\u2714\ufe0f Virkist\u00e4v\u00e4 passionhedelm\u00e4n maku vihre\u00e4ll\u00e4 teepohjalla.<br data-start=\"520\" data-end=\"523\" \/>\u2714\ufe0f Ei lis\u00e4tty\u00e4 sokeria, kasviper\u00e4ist\u00e4<br data-start=\"565\" data-end=\"568\" data-is-only-node=\"\" \/>\u2714\ufe0f Kertak\u00e4ytt\u00f6inen sauva - k\u00e4tev\u00e4 liikkeell\u00e4 ja toimistossa<\/p>","protected":false},"featured_media":41707,"comment_status":"open","ping_status":"closed","template":"","meta":{"_acf_changed":false},"product_brand":[446],"product_cat":[398,57,60],"product_tag":[],"class_list":{"0":"post-41671","1":"product","2":"type-product","3":"status-publish","4":"has-post-thumbnail","6":"product_brand-northern-tea","7":"product_cat-arbata","8":"product_cat-akcijos","9":"product_cat-mitybai","11":"first","12":"instock","13":"sale","14":"shipping-taxable","15":"purchasable","16":"product-type-simple"},"acf":[],"tiered_pricing_type":"fixed","tiered_pricing_fixed_rules":[],"tiered_pricing_product_settings":{"layout":"default","base_unit_name":{"singular":null,"plural":null},"default_variation":null},"tiered_pricing_minimum_quantity":null,"tiered_pricing_roles_data":[],"tiered_pricing_percentage_rules":[],"_links":{"self":[{"href":"https:\/\/purama.lt\/fi\/wp-json\/wp\/v2\/product\/41671","targetHints":{"allow":["GET"]}}],"collection":[{"href":"https:\/\/purama.lt\/fi\/wp-json\/wp\/v2\/product"}],"about":[{"href":"https:\/\/purama.lt\/fi\/wp-json\/wp\/v2\/types\/product"}],"replies":[{"embeddable":true,"href":"https:\/\/purama.lt\/fi\/wp-json\/wp\/v2\/comments?post=41671"}],"wp:featuredmedia":[{"embeddable":true,"href":"https:\/\/purama.lt\/fi\/wp-json\/wp\/v2\/media\/41707"}],"wp:attachment":[{"href":"https:\/\/purama.lt\/fi\/wp-json\/wp\/v2\/media?parent=41671"}],"wp:term":[{"taxonomy":"product_brand","embeddable":true,"href":"https:\/\/purama.lt\/fi\/wp-json\/wp\/v2\/product_brand?post=41671"},{"taxonomy":"product_cat","embeddable":true,"href":"https:\/\/purama.lt\/fi\/wp-json\/wp\/v2\/product_cat?post=41671"},{"taxonomy":"product_tag","embeddable":true,"href":"https:\/\/purama.lt\/fi\/wp-json\/wp\/v2\/product_tag?post=41671"}],"curies":[{"name":"wp","href":"https:\/\/api.w.org\/{rel}","templated":true}]}}