{"id":41670,"date":"2025-10-31T09:37:18","date_gmt":"2025-10-31T07:37:18","guid":{"rendered":"https:\/\/purama.lt\/produktas\/northern-tea-juodoji-gurmaniska-arbata-ant-pagaliuko\/"},"modified":"2026-04-13T16:42:37","modified_gmt":"2026-04-13T14:42:37","slug":"pohjoinen-tee-musta-gourmet-tee-tikulla","status":"publish","type":"product","link":"https:\/\/purama.lt\/fi\/produktas\/northern-tea-juodoji-gurmaniska-arbata-ant-pagaliuko\/","title":{"rendered":"Northern Tea Musta gourmet-tee tikulla"},"content":{"rendered":"<p><strong>K\u00e4ytt\u00f6<\/strong><br>Laita tikku kuumaan tai kylm\u00e4\u00e4n veteen ja sekoita, kunnes se on t\u00e4ysin liuennut.<br>S\u00e4\u00e4d\u00e4 maun voimakkuutta veden m\u00e4\u00e4r\u00e4ll\u00e4.<br>Noudata pakkauksen ohjeita.<\/p>\n\n\n\n<p><strong>Ainesosat<\/strong><br>musta tee (Darjeeling), kasvipohjainen stabiloiva purukumi.<\/p>","protected":false},"excerpt":{"rendered":"<p data-start=\"0\" data-end=\"469\"><strong data-start=\"16\" data-end=\"64\">Tea-Pop - Darjeeling Gourmet Tea On-A-Stick!<\/strong> klassista Darjeelingin mustaa teet\u00e4 tikulla, jossa on hienovarainen Moscatel-nuote. Kiteytetty tee <strong data-start=\"164\" data-end=\"216\">liukenee t\u00e4ysin kuumaan tai kylm\u00e4\u00e4n veteen<\/strong> - ei sakeuttamisainetta eik\u00e4 annospusseja, k\u00e4tev\u00e4 kotona, toimistossa tai matkalla. <strong data-start=\"282\" data-end=\"337\">Ei lis\u00e4tty\u00e4 sokeria, kasvipohjainen, vegaaninen.<\/strong> Musta tee on luonnostaan kofeiinipitoinen; sen polyfenoleja (esim. teaflaviinit) on tutkittu hyvin, ja niit\u00e4 arvostetaan niiden maun ja aromin vuoksi.<\/p>\n<p data-start=\"471\" data-end=\"716\"><strong data-start=\"471\" data-end=\"494\">Miksi valita<\/strong><br data-start=\"494\" data-end=\"497\" \/>\u2714\ufe0f Liukenee ilman kiinteit\u00e4 aineita - puhdasta ja nopeaa.<br data-start=\"538\" data-end=\"541\" \/>\u2714\ufe0f Todellinen Darjeelingin maku mustan teen yst\u00e4ville.<br data-start=\"595\" data-end=\"598\" \/>\u2714\ufe0f Ei lis\u00e4tty\u00e4 sokeria, kasviper\u00e4ist\u00e4<br data-start=\"640\" data-end=\"643\" \/>\u2714\ufe0f Kertak\u00e4ytt\u00f6inen sauva - k\u00e4tev\u00e4 liikkeell\u00e4 ja toimistossa<br data-start=\"690\" data-end=\"693\" \/>\u2714\ufe0f Luonnollista kofeiinia<\/p>","protected":false},"featured_media":41711,"comment_status":"open","ping_status":"closed","template":"","meta":{"_acf_changed":false},"product_brand":[446],"product_cat":[398,57,60],"product_tag":[],"class_list":{"0":"post-41670","1":"product","2":"type-product","3":"status-publish","4":"has-post-thumbnail","6":"product_brand-northern-tea","7":"product_cat-arbata","8":"product_cat-akcijos","9":"product_cat-mitybai","11":"first","12":"instock","13":"sale","14":"shipping-taxable","15":"purchasable","16":"product-type-simple"},"acf":[],"tiered_pricing_type":"fixed","tiered_pricing_fixed_rules":[],"tiered_pricing_product_settings":{"layout":"default","base_unit_name":{"singular":null,"plural":null},"default_variation":null},"tiered_pricing_minimum_quantity":null,"tiered_pricing_roles_data":[],"tiered_pricing_percentage_rules":[],"_links":{"self":[{"href":"https:\/\/purama.lt\/fi\/wp-json\/wp\/v2\/product\/41670","targetHints":{"allow":["GET"]}}],"collection":[{"href":"https:\/\/purama.lt\/fi\/wp-json\/wp\/v2\/product"}],"about":[{"href":"https:\/\/purama.lt\/fi\/wp-json\/wp\/v2\/types\/product"}],"replies":[{"embeddable":true,"href":"https:\/\/purama.lt\/fi\/wp-json\/wp\/v2\/comments?post=41670"}],"wp:featuredmedia":[{"embeddable":true,"href":"https:\/\/purama.lt\/fi\/wp-json\/wp\/v2\/media\/41711"}],"wp:attachment":[{"href":"https:\/\/purama.lt\/fi\/wp-json\/wp\/v2\/media?parent=41670"}],"wp:term":[{"taxonomy":"product_brand","embeddable":true,"href":"https:\/\/purama.lt\/fi\/wp-json\/wp\/v2\/product_brand?post=41670"},{"taxonomy":"product_cat","embeddable":true,"href":"https:\/\/purama.lt\/fi\/wp-json\/wp\/v2\/product_cat?post=41670"},{"taxonomy":"product_tag","embeddable":true,"href":"https:\/\/purama.lt\/fi\/wp-json\/wp\/v2\/product_tag?post=41670"}],"curies":[{"name":"wp","href":"https:\/\/api.w.org\/{rel}","templated":true}]}}