{"id":41669,"date":"2025-10-31T09:37:17","date_gmt":"2025-10-31T07:37:17","guid":{"rendered":"https:\/\/purama.lt\/produktas\/northern-tea-ivairiu-misko-uogu-gurmaniska-arbata-ant-pagaliuko\/"},"modified":"2026-04-13T16:42:54","modified_gmt":"2026-04-13T14:42:54","slug":"pohjoinen-tee-gourmet-tee-tikulla-jossa-on-erilaisia-metsamarjoja","status":"publish","type":"product","link":"https:\/\/purama.lt\/fi\/produktas\/northern-tea-ivairiu-misko-uogu-gurmaniska-arbata-ant-pagaliuko\/","title":{"rendered":"Pohjoinen tee Gourmet-teet\u00e4 tikulla, jossa on erilaisia mets\u00e4marjoja"},"content":{"rendered":"<p><strong>K\u00e4ytt\u00f6<\/strong><br>Upota tikku kuumaan veteen (noin 200-250 ml) ja sekoita, kunnes se on t\u00e4ysin liuennut. Voidaan valmistaa kylm\u00e4\u00e4n veteen, koska se liukenee hitaammin. Noudata pakkauksen ohjeita. <\/p>\n\n\n\n<p><strong>Ainesosat<\/strong><br>hibiskus, omenapalat, ruusunmarja, pakastekuivattu vadelma, kasvipohjainen stabiloiva purukumi.<\/p>\n\n\n\n<p><\/p>","protected":false},"excerpt":{"rendered":"<p data-start=\"0\" data-end=\"576\"><strong data-start=\"16\" data-end=\"85\">Tea-Pop - WildBerry Punch Gourmet Tea On-A-Stick (20x Stick Tray)<\/strong> - Hedelm\u00e4inen, virkist\u00e4v\u00e4 \u201etee tikulla\u201c, joka liukenee helposti kuumaan veteen ja on puhdas, lehdet\u00f6n juoma. K\u00e4tev\u00e4 kotona, t\u00f6iss\u00e4 tai matkalla, ja jokainen tikku on yksitt\u00e4ispakattu - loistava lahjaidea. <strong data-start=\"312\" data-end=\"383\">Valmistettu luonnollisista tee-, hedelm\u00e4-, kasvi- ja yrttiuutteista.<\/strong>, Liukenee kuumaan ja kylm\u00e4\u00e4n veteen. Hedelm\u00e4teiden (hibiskus, ruusunmarja) pohjana k\u00e4ytet\u00e4\u00e4n laajalti herkullisen, luonnollisesti happamamman maun saamiseksi. <br data-start=\"601\" data-end=\"604\" \/>\u2714\ufe0f K\u00e4tev\u00e4: ei teelehti\u00e4, ei sakkaa - vain lis\u00e4\u00e4 ja sekoita.<br data-start=\"784\" data-end=\"787\" data-is-only-node=\"\" \/>\u2714\ufe0f 100 % Luonnon kasvi- ja hedelm\u00e4uutteet.<br data-start=\"871\" data-end=\"874\" \/>\u2714\ufe0f Jokainen tikku on yksitt\u00e4ispakattu - hygieeninen ja k\u00e4tev\u00e4 lahjaksi annettaessa<\/p>","protected":false},"featured_media":41710,"comment_status":"open","ping_status":"closed","template":"","meta":{"_acf_changed":false},"product_brand":[446],"product_cat":[398,57,60],"product_tag":[],"class_list":{"0":"post-41669","1":"product","2":"type-product","3":"status-publish","4":"has-post-thumbnail","6":"product_brand-northern-tea","7":"product_cat-arbata","8":"product_cat-akcijos","9":"product_cat-mitybai","11":"first","12":"instock","13":"sale","14":"shipping-taxable","15":"purchasable","16":"product-type-simple"},"acf":[],"tiered_pricing_type":"fixed","tiered_pricing_fixed_rules":[],"tiered_pricing_product_settings":{"layout":"default","base_unit_name":{"singular":null,"plural":null},"default_variation":null},"tiered_pricing_minimum_quantity":null,"tiered_pricing_roles_data":[],"tiered_pricing_percentage_rules":[],"_links":{"self":[{"href":"https:\/\/purama.lt\/fi\/wp-json\/wp\/v2\/product\/41669","targetHints":{"allow":["GET"]}}],"collection":[{"href":"https:\/\/purama.lt\/fi\/wp-json\/wp\/v2\/product"}],"about":[{"href":"https:\/\/purama.lt\/fi\/wp-json\/wp\/v2\/types\/product"}],"replies":[{"embeddable":true,"href":"https:\/\/purama.lt\/fi\/wp-json\/wp\/v2\/comments?post=41669"}],"wp:featuredmedia":[{"embeddable":true,"href":"https:\/\/purama.lt\/fi\/wp-json\/wp\/v2\/media\/41710"}],"wp:attachment":[{"href":"https:\/\/purama.lt\/fi\/wp-json\/wp\/v2\/media?parent=41669"}],"wp:term":[{"taxonomy":"product_brand","embeddable":true,"href":"https:\/\/purama.lt\/fi\/wp-json\/wp\/v2\/product_brand?post=41669"},{"taxonomy":"product_cat","embeddable":true,"href":"https:\/\/purama.lt\/fi\/wp-json\/wp\/v2\/product_cat?post=41669"},{"taxonomy":"product_tag","embeddable":true,"href":"https:\/\/purama.lt\/fi\/wp-json\/wp\/v2\/product_tag?post=41669"}],"curies":[{"name":"wp","href":"https:\/\/api.w.org\/{rel}","templated":true}]}}