{"id":41665,"date":"2025-10-31T09:37:14","date_gmt":"2025-10-31T07:37:14","guid":{"rendered":"https:\/\/purama.lt\/produktas\/northern-tea-ramuneliu-arbatos-ledinukas\/"},"modified":"2026-03-23T15:56:52","modified_gmt":"2026-03-23T13:56:52","slug":"pohjoinen-tee-ramuli-teetikkari-tikkari","status":"publish","type":"product","link":"https:\/\/purama.lt\/fi\/produktas\/northern-tea-ramuneliu-arbatos-ledinukas\/","title":{"rendered":"Northern Tea Kamomillatee tikkari"},"content":{"rendered":"<p><strong>K\u00e4ytt\u00f6<\/strong><br>Laita yksi kuutio ~200-250 ml:aan kuumaa vett\u00e4 ja sekoita, kunnes se on liuennut. Voidaan valmistaa my\u00f6s kylm\u00e4\u00e4n veteen - liukenee hitaammin. Noudata pakkauksen ohjeita.<\/p>\n\n\n\n<p><strong>Ainesosat<\/strong><br>kamomillakukkauute, yrttiuutteet<\/p>","protected":false},"excerpt":{"rendered":"<p data-start=\"0\" data-end=\"442\"><strong data-start=\"16\" data-end=\"87\">Tea-Pop - Kamomillatee-Pop, 100% Luonnollinen nopeasti haudutettava gourmet tee<\/strong> - Mieto, kofeiiniton kamomilla yrttitee <strong data-start=\"134\" data-end=\"178\">nopeasti sulavia kuutioita putkessa<\/strong>. Pudota kuutio veteen ja sekoita - ei pusseja, ei sakkaa. Jokainen kuutio on yksitt\u00e4ispakattu, joten se on k\u00e4tev\u00e4 matkalla tai lahjaksi. <strong data-start=\"320\" data-end=\"364\">Valmistettu luonnollisista kasviper\u00e4isist\u00e4 raaka-aineista<\/strong>, Kevyt kukkainen maku, jossa on vivahteita hunajasta, sopii kuumana tai kylm\u00e4n\u00e4 juotavaksi.<\/p>\n<p data-start=\"444\" data-end=\"738\"><strong data-start=\"444\" data-end=\"467\">Miksi valita<\/strong><br data-start=\"467\" data-end=\"470\" \/>\u2714\ufe0f Decaffeinated - iltaan ja mihin aikaan p\u00e4iv\u00e4st\u00e4 tahansa<br data-start=\"524\" data-end=\"527\" \/>\u2714\ufe0f Quick Brew: liukenee suoraan kuppiin, ei pussia.<br data-start=\"583\" data-end=\"586\" \/>\u2714\ufe0f Lempe\u00e4 kamomillan maku, jossa on ripaus hunajaa.<br data-start=\"632\" data-end=\"635\" data-is-only-node=\"\" \/>\u2714\ufe0f 8 yksitt\u00e4in pakattua kuutiota - hygieeninen ja k\u00e4tev\u00e4.<br data-start=\"690\" data-end=\"693\" \/>\u2714\ufe0f Voidaan valmistaa kuumana, kylm\u00e4n\u00e4 tai \u201ematkalla\u201c.\u201c<\/p>","protected":false},"featured_media":41709,"comment_status":"open","ping_status":"closed","template":"","meta":{"_acf_changed":true},"product_brand":[446],"product_cat":[398,60],"product_tag":[],"class_list":{"0":"post-41665","1":"product","2":"type-product","3":"status-publish","4":"has-post-thumbnail","6":"product_brand-northern-tea","7":"product_cat-arbata","8":"product_cat-mitybai","10":"first","11":"outofstock","12":"shipping-taxable","13":"purchasable","14":"product-type-simple"},"acf":[],"tiered_pricing_type":"fixed","tiered_pricing_fixed_rules":[],"tiered_pricing_product_settings":{"layout":"default","base_unit_name":{"singular":null,"plural":null},"default_variation":null},"tiered_pricing_minimum_quantity":null,"tiered_pricing_roles_data":[],"tiered_pricing_percentage_rules":[],"_links":{"self":[{"href":"https:\/\/purama.lt\/fi\/wp-json\/wp\/v2\/product\/41665","targetHints":{"allow":["GET"]}}],"collection":[{"href":"https:\/\/purama.lt\/fi\/wp-json\/wp\/v2\/product"}],"about":[{"href":"https:\/\/purama.lt\/fi\/wp-json\/wp\/v2\/types\/product"}],"replies":[{"embeddable":true,"href":"https:\/\/purama.lt\/fi\/wp-json\/wp\/v2\/comments?post=41665"}],"wp:featuredmedia":[{"embeddable":true,"href":"https:\/\/purama.lt\/fi\/wp-json\/wp\/v2\/media\/41709"}],"wp:attachment":[{"href":"https:\/\/purama.lt\/fi\/wp-json\/wp\/v2\/media?parent=41665"}],"wp:term":[{"taxonomy":"product_brand","embeddable":true,"href":"https:\/\/purama.lt\/fi\/wp-json\/wp\/v2\/product_brand?post=41665"},{"taxonomy":"product_cat","embeddable":true,"href":"https:\/\/purama.lt\/fi\/wp-json\/wp\/v2\/product_cat?post=41665"},{"taxonomy":"product_tag","embeddable":true,"href":"https:\/\/purama.lt\/fi\/wp-json\/wp\/v2\/product_tag?post=41665"}],"curies":[{"name":"wp","href":"https:\/\/api.w.org\/{rel}","templated":true}]}}