{"id":41663,"date":"2025-10-31T09:37:13","date_gmt":"2025-10-31T07:37:13","guid":{"rendered":"https:\/\/purama.lt\/produktas\/northern-tea-pasifloru-arbatos-ledinukas\/"},"modified":"2026-04-16T07:26:27","modified_gmt":"2026-04-16T05:26:27","slug":"pohjoisen-teen-passionhedelmainen-teetikkari","status":"publish","type":"product","link":"https:\/\/purama.lt\/fi\/produktas\/northern-tea-pasifloru-arbatos-ledinukas\/","title":{"rendered":"Northern Tea Passionfruit-tee tikkari"},"content":{"rendered":"<p><strong>K\u00e4ytt\u00f6<\/strong><br>Laita yksi kuutio ~200-250 ml:aan kuumaa vett\u00e4 ja sekoita, kunnes se on liuennut. Voidaan valmistaa my\u00f6s kylm\u00e4\u00e4n veteen - liukenee hitaammin. Noudata pakkauksen ohjeita.<\/p>\n\n\n\n<p><strong>Ainesosat<\/strong><br>passionhedelm\u00e4, vihre\u00e4 tee, persikka, ananas, mangon palat, appelsiinin ter\u00e4lehdet, ruusun ter\u00e4lehdet, kasvipohjainen stabiloiva purukumi.<\/p>","protected":false},"excerpt":{"rendered":"<p data-start=\"0\" data-end=\"477\"><strong data-start=\"16\" data-end=\"56\">TEA-POP - PassionFruit Punch Tea-Pop teepullojen kanssa<\/strong> trooppisen tuoreita passionhedelmi\u00e4 ja <strong data-start=\"87\" data-end=\"108\">vihre\u00e4 tee<\/strong> yhdistelm\u00e4 kiteytyneess\u00e4 tikussa, joka on t\u00e4ysin liuennut. <strong data-start=\"168\" data-end=\"201\">kuumassa tai kylm\u00e4ss\u00e4 vedess\u00e4<\/strong> - ei teepusseja eik\u00e4 sotkua. <strong data-start=\"238\" data-end=\"321\">Sokeriton, gluteeniton, ei sis\u00e4ll\u00e4 keinotekoisia v\u00e4riaineita, s\u00e4il\u00f6nt\u00e4aineita tai makuaineita.<\/strong>, sopii vegaaneille, valmistettu p\u00e4hkin\u00e4tt\u00f6m\u00e4ss\u00e4 ymp\u00e4rist\u00f6ss\u00e4. Vihre\u00e4 tee sis\u00e4lt\u00e4\u00e4 luonnostaan polyfenoleja; sen kofeiini antaa kevyen pirist\u00e4v\u00e4n tunteen.<\/p>\n<p data-start=\"479\" data-end=\"801\"><strong data-start=\"479\" data-end=\"502\">Miksi valita<\/strong><br data-start=\"502\" data-end=\"505\" \/><strong data-start=\"505\" data-end=\"511\">\u2714\ufe0f<\/strong> Trooppisen passionhedelm\u00e4n maku ja raikasta vihre\u00e4\u00e4 teet\u00e4.<br data-start=\"563\" data-end=\"566\" \/><strong data-start=\"566\" data-end=\"572\">\u2714\ufe0f<\/strong> Liukenee t\u00e4ydellisesti kuumaan tai kylm\u00e4\u00e4n veteen.<br data-start=\"619\" data-end=\"622\" \/><strong data-start=\"622\" data-end=\"628\">\u2714\ufe0f<\/strong> Sokeriton ja vapaa keinotekoisista lis\u00e4aineista; gluteeniton.<br data-start=\"671\" data-end=\"674\" \/><strong data-start=\"674\" data-end=\"680\">\u2714\ufe0f<\/strong> Sopii vegaaneille; tuotettu ilman p\u00e4hkin\u00e4j\u00e4\u00e4mi\u00e4 ymp\u00e4rist\u00f6ss\u00e4.<br data-start=\"735\" data-end=\"738\" \/><strong data-start=\"738\" data-end=\"744\">\u2714\ufe0f<\/strong> Yksitt\u00e4iset tikut - k\u00e4tev\u00e4 ty\u00f6h\u00f6n, matkoille ja lahjoihin<\/p>","protected":false},"featured_media":41717,"comment_status":"open","ping_status":"closed","template":"","meta":{"_acf_changed":true},"product_brand":[446],"product_cat":[398,57,60],"product_tag":[],"class_list":{"0":"post-41663","1":"product","2":"type-product","3":"status-publish","4":"has-post-thumbnail","6":"product_brand-northern-tea","7":"product_cat-arbata","8":"product_cat-akcijos","9":"product_cat-mitybai","11":"first","12":"instock","13":"sale","14":"shipping-taxable","15":"purchasable","16":"product-type-simple"},"acf":[],"tiered_pricing_type":"fixed","tiered_pricing_fixed_rules":[],"tiered_pricing_product_settings":{"layout":"default","base_unit_name":{"singular":null,"plural":null},"default_variation":null},"tiered_pricing_minimum_quantity":null,"tiered_pricing_roles_data":[],"tiered_pricing_percentage_rules":[],"_links":{"self":[{"href":"https:\/\/purama.lt\/fi\/wp-json\/wp\/v2\/product\/41663","targetHints":{"allow":["GET"]}}],"collection":[{"href":"https:\/\/purama.lt\/fi\/wp-json\/wp\/v2\/product"}],"about":[{"href":"https:\/\/purama.lt\/fi\/wp-json\/wp\/v2\/types\/product"}],"replies":[{"embeddable":true,"href":"https:\/\/purama.lt\/fi\/wp-json\/wp\/v2\/comments?post=41663"}],"wp:featuredmedia":[{"embeddable":true,"href":"https:\/\/purama.lt\/fi\/wp-json\/wp\/v2\/media\/41717"}],"wp:attachment":[{"href":"https:\/\/purama.lt\/fi\/wp-json\/wp\/v2\/media?parent=41663"}],"wp:term":[{"taxonomy":"product_brand","embeddable":true,"href":"https:\/\/purama.lt\/fi\/wp-json\/wp\/v2\/product_brand?post=41663"},{"taxonomy":"product_cat","embeddable":true,"href":"https:\/\/purama.lt\/fi\/wp-json\/wp\/v2\/product_cat?post=41663"},{"taxonomy":"product_tag","embeddable":true,"href":"https:\/\/purama.lt\/fi\/wp-json\/wp\/v2\/product_tag?post=41663"}],"curies":[{"name":"wp","href":"https:\/\/api.w.org\/{rel}","templated":true}]}}