{"id":41659,"date":"2025-10-31T09:37:10","date_gmt":"2025-10-31T07:37:10","guid":{"rendered":"https:\/\/purama.lt\/produktas\/northern-tea-ivairiu-uogu-arbatos-ledinukas\/"},"modified":"2026-04-13T16:45:15","modified_gmt":"2026-04-13T14:45:15","slug":"pohjoinen-tee-jaatee-eri-marjoista","status":"publish","type":"product","link":"https:\/\/purama.lt\/fi\/produktas\/northern-tea-ivairiu-uogu-arbatos-ledinukas\/","title":{"rendered":"Pohjoinen tee Monimarjainen teetikkari tikkari"},"content":{"rendered":"<p><strong>K\u00e4ytt\u00f6<\/strong><br>Laita yksi kuutio\/patukka ~200-250 ml:aan kuumaa vett\u00e4 ja sekoita, kunnes se on liuennut. Voidaan valmistaa my\u00f6s kylm\u00e4\u00e4n veteen - liukenee hitaammin. Noudata pakkauksen ohjeita.<\/p>\n\n\n\n<p><strong>Ainesosat<\/strong><br>Hibiskus, oravanmarja, luonnonvaraiset hedelm\u00e4uutteet, kasviuutteet.<\/p>\n\n\n\n<p><\/p>","protected":false},"excerpt":{"rendered":"<p data-start=\"0\" data-end=\"438\"><strong data-start=\"16\" data-end=\"85\">Tea-Pop - Wildberry Tea-Pop | Hedelm\u00e4inen yrttisekoitus | Kofeiiniton<\/strong> - mehukas, kofeiiniton sekoitus hedelm\u00e4isi\u00e4 yrttej\u00e4. <strong data-start=\"135\" data-end=\"184\">nopeasti liukenevat kuutiot\/verihiutaleet putkessa<\/strong>. Tiputa vain veteen ja sekoita - ei pusseja, ei j\u00e4\u00e4mi\u00e4. <strong data-start=\"255\" data-end=\"316\">100 % Kasviper\u00e4inen, ilman sokeria ja keinotekoisia aromeja.<\/strong>, jossa on hibiskuksen, vanhojen marjojen ja villien hedelmien kirkas marjainen maku. T\u00e4ydellinen kuumiin tai kylmiin juomiin milloin tahansa.<\/p>\n<p data-start=\"440\" data-end=\"777\"><strong data-start=\"440\" data-end=\"463\">Miksi valita<\/strong><br data-start=\"463\" data-end=\"466\" \/>\u2714\ufe0f Quick Brew: liukenee suoraan kuppiin, ei pussia.<br data-start=\"524\" data-end=\"527\" data-is-only-node=\"\" \/>\u2714\ufe0f Kofeiiniton, ei lis\u00e4tty\u00e4 sokeria eik\u00e4 keinotekoisia aromeja.<br data-start=\"586\" data-end=\"589\" \/>\u2714\ufe0f Kirkkaat marjaiset maut: hibiskus, bongarikukka, villihedelm\u00e4t.<br data-start=\"651\" data-end=\"654\" \/>\u2714\ufe0f Yksitt\u00e4iset kuutiot\/verihiutaleet tuubissa - k\u00e4tev\u00e4 matkalle tai lahjaksi.<br data-start=\"720\" data-end=\"723\" \/>\u2714\ufe0f Sopii kuumalle, kylm\u00e4lle tai j\u00e4\u00e4teelle.<\/p>","protected":false},"featured_media":41718,"comment_status":"open","ping_status":"closed","template":"","meta":{"_acf_changed":false},"product_brand":[446],"product_cat":[398,57,60],"product_tag":[],"class_list":{"0":"post-41659","1":"product","2":"type-product","3":"status-publish","4":"has-post-thumbnail","6":"product_brand-northern-tea","7":"product_cat-arbata","8":"product_cat-akcijos","9":"product_cat-mitybai","11":"first","12":"instock","13":"sale","14":"shipping-taxable","15":"purchasable","16":"product-type-simple"},"acf":[],"tiered_pricing_type":"fixed","tiered_pricing_fixed_rules":[],"tiered_pricing_product_settings":{"layout":"default","base_unit_name":{"singular":null,"plural":null},"default_variation":null},"tiered_pricing_minimum_quantity":null,"tiered_pricing_roles_data":[],"tiered_pricing_percentage_rules":[],"_links":{"self":[{"href":"https:\/\/purama.lt\/fi\/wp-json\/wp\/v2\/product\/41659","targetHints":{"allow":["GET"]}}],"collection":[{"href":"https:\/\/purama.lt\/fi\/wp-json\/wp\/v2\/product"}],"about":[{"href":"https:\/\/purama.lt\/fi\/wp-json\/wp\/v2\/types\/product"}],"replies":[{"embeddable":true,"href":"https:\/\/purama.lt\/fi\/wp-json\/wp\/v2\/comments?post=41659"}],"wp:featuredmedia":[{"embeddable":true,"href":"https:\/\/purama.lt\/fi\/wp-json\/wp\/v2\/media\/41718"}],"wp:attachment":[{"href":"https:\/\/purama.lt\/fi\/wp-json\/wp\/v2\/media?parent=41659"}],"wp:term":[{"taxonomy":"product_brand","embeddable":true,"href":"https:\/\/purama.lt\/fi\/wp-json\/wp\/v2\/product_brand?post=41659"},{"taxonomy":"product_cat","embeddable":true,"href":"https:\/\/purama.lt\/fi\/wp-json\/wp\/v2\/product_cat?post=41659"},{"taxonomy":"product_tag","embeddable":true,"href":"https:\/\/purama.lt\/fi\/wp-json\/wp\/v2\/product_tag?post=41659"}],"curies":[{"name":"wp","href":"https:\/\/api.w.org\/{rel}","templated":true}]}}