{"id":41432,"date":"2025-10-27T13:56:48","date_gmt":"2025-10-27T11:56:48","guid":{"rendered":"https:\/\/purama.lt\/produktas\/equilibre-libido-guminukai-vyrams-ir-moterims-3\/"},"modified":"2026-03-10T13:16:31","modified_gmt":"2026-03-10T11:16:31","slug":"equilibre-libido-purukumit-miehille-ja-naisille","status":"publish","type":"product","link":"https:\/\/purama.lt\/fi\/produktas\/equilibre-libido-guminukai-vyrams-ir-moterims\/","title":{"rendered":"Equilibre Libido Gummies miehille ja naisille"},"content":{"rendered":"<p><strong>Kulutus<\/strong><br>Aikuiset: 2 purukumia p\u00e4iv\u00e4ss\u00e4; pyynn\u00f6st\u00e4 jopa 3 purukumia p\u00e4iv\u00e4ss\u00e4.<br>\u00c4l\u00e4 ylit\u00e4 7 purukumia p\u00e4iv\u00e4ss\u00e4; vain aikuisille; ei sovi raskaana oleville ja imett\u00e4ville naisille.<br>S\u00e4ilyt\u00e4 viile\u00e4ss\u00e4 ja kuivassa paikassa; noudata pakkauksen ohjeita.<\/p>\n\n\n\n<p><strong>Ainesosat<\/strong><br>glukoosisiirappi, juurikassokeri, vesi, hyytel\u00f6imisaine (pektiini), kannabidioli, catuaba-uute, damiana-uute, ginkgo biloba -uute, punainen ginseng-uute, tribulus terrestris -uute, yohimbe-uute, aromit, luonnollinen v\u00e4riaine (punajuurijauhe), happamuudens\u00e4\u00e4t\u00f6aine (omenahappo), p\u00e4\u00e4llystusaine (sokeri).<\/p>\n\n\n\n<p><strong>Elintarvikkeiden k\u00e4sittelytodistus:\u00a0<\/strong>69MTSPA-667<\/p>","protected":false},"excerpt":{"rendered":"<p data-start=\"0\" data-end=\"472\"><strong data-start=\"16\" data-end=\"46\">\u00c9quilibre - Libido Gummies<\/strong> Vegaaniset pektiinipurukumit, joissa on CBD:t\u00e4 ja adaptogeenisten yrttien (catuaba, damiana, ginkgo, punainen ginseng, tribulus, yohimbe) kompleksi p\u00e4ivitt\u00e4iseen intiimin hyvinvoinnin tukemiseen. Nauti <strong data-start=\"242\" data-end=\"262\">mets\u00e4mansikat<\/strong> K\u00e4tev\u00e4 k\u00e4ytt\u00e4\u00e4 lyhyen\u00e4 15 p\u00e4iv\u00e4n kurssina. Kaava perustuu laajasti tutkittuihin ainesosiin - <strong data-start=\"372\" data-end=\"379\">CBD<\/strong> ja adaptogeenisi\u00e4 yrttej\u00e4, jotka auttavat sinua rentoutumaan ja yll\u00e4pit\u00e4m\u00e4\u00e4n emotionaalista tasapainoa.<\/p>\n<p data-start=\"474\" data-end=\"706\"><strong data-start=\"474\" data-end=\"497\">Miksi valita<\/strong><br data-start=\"497\" data-end=\"500\" \/><strong data-start=\"500\" data-end=\"506\">\u2714\ufe0f<\/strong> CBD + 6 adaptogeeninen kasvikompleksi<br data-start=\"546\" data-end=\"549\" \/><strong data-start=\"549\" data-end=\"555\">\u2714\ufe0f<\/strong> Vegaaninen (pektiini), gelatiiniton<br data-start=\"590\" data-end=\"593\" \/><strong data-start=\"593\" data-end=\"599\">\u2714\ufe0f<\/strong> THC-vapaa, valmistettu Ranskassa<br data-start=\"630\" data-end=\"633\" \/><strong data-start=\"633\" data-end=\"639\">\u2714\ufe0f<\/strong> Villimansikan maku<br data-start=\"663\" data-end=\"666\" \/><strong data-start=\"666\" data-end=\"672\">\u2714\ufe0f<\/strong> K\u00e4tev\u00e4 kurssin kannalta: selke\u00e4 p\u00e4iv\u00e4hinta.<\/p>","protected":false},"featured_media":41401,"comment_status":"open","ping_status":"closed","template":"","meta":{"_acf_changed":false},"product_brand":[423],"product_cat":[276,278,277],"product_tag":[],"class_list":{"0":"post-41432","1":"product","2":"type-product","3":"status-publish","4":"has-post-thumbnail","6":"product_brand-equilibre","7":"product_cat-seksualinei-sveikatai","8":"product_cat-moterims","9":"product_cat-vyrams","11":"first","12":"instock","13":"shipping-taxable","14":"purchasable","15":"product-type-simple"},"acf":[],"tiered_pricing_type":"fixed","tiered_pricing_fixed_rules":[],"tiered_pricing_product_settings":{"layout":"default","base_unit_name":{"singular":null,"plural":null},"default_variation":null},"tiered_pricing_minimum_quantity":null,"tiered_pricing_roles_data":[],"tiered_pricing_percentage_rules":[],"_links":{"self":[{"href":"https:\/\/purama.lt\/fi\/wp-json\/wp\/v2\/product\/41432","targetHints":{"allow":["GET"]}}],"collection":[{"href":"https:\/\/purama.lt\/fi\/wp-json\/wp\/v2\/product"}],"about":[{"href":"https:\/\/purama.lt\/fi\/wp-json\/wp\/v2\/types\/product"}],"replies":[{"embeddable":true,"href":"https:\/\/purama.lt\/fi\/wp-json\/wp\/v2\/comments?post=41432"}],"wp:featuredmedia":[{"embeddable":true,"href":"https:\/\/purama.lt\/fi\/wp-json\/wp\/v2\/media\/41401"}],"wp:attachment":[{"href":"https:\/\/purama.lt\/fi\/wp-json\/wp\/v2\/media?parent=41432"}],"wp:term":[{"taxonomy":"product_brand","embeddable":true,"href":"https:\/\/purama.lt\/fi\/wp-json\/wp\/v2\/product_brand?post=41432"},{"taxonomy":"product_cat","embeddable":true,"href":"https:\/\/purama.lt\/fi\/wp-json\/wp\/v2\/product_cat?post=41432"},{"taxonomy":"product_tag","embeddable":true,"href":"https:\/\/purama.lt\/fi\/wp-json\/wp\/v2\/product_tag?post=41432"}],"curies":[{"name":"wp","href":"https:\/\/api.w.org\/{rel}","templated":true}]}}